{"id":34844,"date":"2024-06-16T00:46:44","date_gmt":"2024-06-15T22:46:44","guid":{"rendered":"http:\/\/fokussrl.com\/uber-uns\/"},"modified":"2025-02-01T11:26:55","modified_gmt":"2025-02-01T10:26:55","slug":"uber-uns","status":"publish","type":"page","link":"https:\/\/www.fokussrl.com\/de\/uber-uns\/","title":{"rendered":"\u00dcber Uns"},"content":{"rendered":"\n<p>Fokus wurde im Dezember 2006 gegr\u00fcndet, basierend auf fast 20 Jahren Erfahrung von Herrn Nicola Ballarin, die er als Verk\u00e4ufer und sp\u00e4ter als Vertriebsleiter in gro\u00dfen Badezimmerm\u00f6bel-Ausstellungen sammelte.<\/p>\n\n<p>Nach dieser umfassenden Erfahrung fiel die Entscheidung, ein eigenes Unternehmen zu gr\u00fcnden, das sich auf den Bereich Feuer spezialisiert. Dieser Bereich brachte trotz der Herausforderungen der damaligen Zeit gro\u00dfe Zufriedenheit. Dieser Bereich brachte trotz der Herausforderungen der damaligen Zeit gro\u00dfe Zufriedenheit.<\/p>\n\n<p>Fokus hat sich durch technisches Fachwissen und die Zusammenarbeit mit qualifizierten Fachleuten ausgezeichnet und ist zu einer vertrauensw\u00fcrdigen Anlaufstelle f\u00fcr hochwertige und zuverl\u00e4ssige L\u00f6sungen geworden.<\/p>\n\n<h2 class=\"gb-headline gb-headline-3b7b823f gb-headline-text\">Warum Fokus W\u00e4hlen<\/h2>\r\n\n<p>Jedes Produkt im Online-Shop wurde sorgf\u00e4ltig ausgew\u00e4hlt, wobei Effizienz, Langlebigkeit und Stil im Vordergrund stehen.<\/p>\n\n<p>Unser Ziel ist es, dir nicht nur Produkte mit dem besten Preis-Leistungs-Verh\u00e4ltnis anzubieten, sondern auch praktische Unterst\u00fctzung und konkrete Ratschl\u00e4ge zu geben, damit du das ausw\u00e4hlen und einrichten kannst, was am besten zu deinen Bed\u00fcrfnissen passt.<\/p>\n\n<p>Wir bieten dir einen personalisierten Service, klare technische Details und praktische Empfehlungen, um sicherzustellen, dass du die bestm\u00f6gliche Erfahrung mit deinem Kauf machst.<\/p>\n\n<h2 class=\"gb-headline gb-headline-5f38f648 gb-headline-text\">Kontaktieren Sie uns<\/h2>\n\n<p>Wenn du Fragen hast, ein Angebot m\u00f6chtest oder Unterst\u00fctzung bei der Auswahl des f\u00fcr dich passenden Produkts ben\u00f6tigst, z\u00f6gere nicht, uns zu kontaktieren.<\/p>\n\n<p>Wir helfen dir gerne in jeder Phase weiter, von der Erstberatung bis hin zu Tipps f\u00fcr eine ordnungsgem\u00e4\u00dfe Installation.<\/p>\n","protected":false},"excerpt":{"rendered":"<p>Fokus wurde im Dezember 2006 gegr\u00fcndet, basierend auf fast 20 Jahren Erfahrung von Herrn Nicola Ballarin, die er als Verk\u00e4ufer und sp\u00e4ter als Vertriebsleiter in gro\u00dfen Badezimmerm\u00f6bel-Ausstellungen sammelte. Nach dieser umfassenden Erfahrung fiel die Entscheidung, ein eigenes Unternehmen zu gr\u00fcnden, das sich auf den Bereich Feuer spezialisiert. Dieser Bereich brachte trotz der Herausforderungen der damaligen &#8230; <a title=\"\u00dcber Uns\" class=\"read-more\" href=\"https:\/\/www.fokussrl.com\/de\/uber-uns\/\" aria-label=\"Mehr Informationen \u00fcber \u00dcber Uns\">Weiterlesen<\/a><\/p>\n","protected":false},"author":1,"featured_media":0,"parent":0,"menu_order":2,"comment_status":"closed","ping_status":"closed","template":"","meta":{"_acf_changed":false,"footnotes":""},"class_list":["post-34844","page","type-page","status-publish"],"acf":[],"_links":{"self":[{"href":"https:\/\/www.fokussrl.com\/de\/wp-json\/wp\/v2\/pages\/34844","targetHints":{"allow":["GET"]}}],"collection":[{"href":"https:\/\/www.fokussrl.com\/de\/wp-json\/wp\/v2\/pages"}],"about":[{"href":"https:\/\/www.fokussrl.com\/de\/wp-json\/wp\/v2\/types\/page"}],"author":[{"embeddable":true,"href":"https:\/\/www.fokussrl.com\/de\/wp-json\/wp\/v2\/users\/1"}],"replies":[{"embeddable":true,"href":"https:\/\/www.fokussrl.com\/de\/wp-json\/wp\/v2\/comments?post=34844"}],"version-history":[{"count":0,"href":"https:\/\/www.fokussrl.com\/de\/wp-json\/wp\/v2\/pages\/34844\/revisions"}],"wp:attachment":[{"href":"https:\/\/www.fokussrl.com\/de\/wp-json\/wp\/v2\/media?parent=34844"}],"curies":[{"name":"wp","href":"https:\/\/api.w.org\/{rel}","templated":true}]}}