{"id":40,"date":"2024-03-10T18:54:47","date_gmt":"2024-03-10T17:54:47","guid":{"rendered":"http:\/\/fokussrl.com\/home\/"},"modified":"2025-02-01T11:19:57","modified_gmt":"2025-02-01T10:19:57","slug":"home","status":"publish","type":"page","link":"https:\/\/www.fokussrl.com\/de\/","title":{"rendered":"Home"},"content":{"rendered":"<div class=\"gb-container gb-container-308f0436\">\n<div class=\"gb-container gb-container-ad8f72cf\">\n\n<h2 class=\"gb-headline gb-headline-2c529112 gb-headline-text\"><a href=\"http:\/\/fokussrl.com\/categoria-prodotto\/caminetti\/caminetti-di-design\/\" data-type=\"product_cat\" data-id=\"4529\" rel=\"nofollow noopener\" target=\"_blank\">Design-Kamine<\/a><\/h2>\n\n<\/div>\n\n<div class=\"gb-container gb-container-320f4d5f\">\n\n<\/div>\n\n<div class=\"gb-container gb-container-df5764f8\">\n\n<a class=\"gb-button gb-button-c97a9a5f gb-button-text\" href=\"http:\/\/fokussrl.com\/categoria-prodotto\/caminetti\/caminetti-di-design\/\" rel=\"nofollow noopener\" target=\"_blank\">Alle Design-Kamine ansehen<\/a>\n\n<\/div>\n<\/div><div class=\"gb-container gb-container-77acb49a\">\n<div class=\"gb-container gb-container-aac23b8f\">\n\n<h2 class=\"gb-headline gb-headline-b6897dc9 gb-headline-text\"><a href=\"http:\/\/fokussrl.com\/categoria-prodotto\/caminetti\/caminetti-a-bioetanolo\/\" data-type=\"product_cat\" data-id=\"4525\" rel=\"nofollow noopener\" target=\"_blank\">Bioethanol-Kamine<\/a><\/h2>\n\n<\/div>\n\n<div class=\"gb-container gb-container-8a2824c6\">\n\n<\/div>\n\n<div class=\"gb-container gb-container-a5806ab7\">\n\n<a class=\"gb-button gb-button-7e213516 gb-button-text\" href=\"http:\/\/fokussrl.com\/categoria-prodotto\/caminetti\/caminetti-a-bioetanolo\/\" rel=\"nofollow noopener\" target=\"_blank\">Alle Bioethanol-Kamine ansehen<\/a>\n\n<\/div>\n<\/div><div class=\"gb-container gb-container-e2163f90\">\n<div class=\"gb-container gb-container-d3252a58\">\n\n<h2 class=\"gb-headline gb-headline-03b9f125 gb-headline-text\"><a href=\"http:\/\/fokussrl.com\/categoria-prodotto\/caminetti\/caminetti-elettrici\/\" data-type=\"product_cat\" data-id=\"4530\" rel=\"nofollow noopener\" target=\"_blank\">Elektrokamine<\/a><\/h2>\n\n<\/div>\n\n<div class=\"gb-container gb-container-6b3426e2\">\n\n<\/div>\n\n<div class=\"gb-container gb-container-248070bf\">\n\n<a class=\"gb-button gb-button-4c4f9f91 gb-button-text\" href=\"http:\/\/fokussrl.com\/categoria-prodotto\/caminetti\/caminetti-elettrici\/\" rel=\"nofollow noopener\" target=\"_blank\">Alle Elektrokamine ansehen<\/a>\n\n<\/div>\n<\/div><div class=\"gb-container gb-container-854ece1e\">\n<div class=\"gb-container gb-container-4d2b4588\">\n\n<h2 class=\"gb-headline gb-headline-0526a890 gb-headline-text\"><a href=\"http:\/\/fokussrl.com\/categoria-prodotto\/stufe\/stufe-a-legna\/\" data-type=\"product_cat\" data-id=\"4546\" rel=\"nofollow noopener\" target=\"_blank\">Holz\u00f6fen<\/a><\/h2>\n\n<\/div>\n\n<div class=\"gb-container gb-container-7a4c8bcf\">\n\n<\/div>\n\n<div class=\"gb-container gb-container-b75c756d\">\n\n<a class=\"gb-button gb-button-6f28108f gb-button-text\" href=\"http:\/\/fokussrl.com\/categoria-prodotto\/stufe\/stufe-a-legna\/\" rel=\"nofollow noopener\" target=\"_blank\">Alle Holz\u00f6fen ansehen<\/a>\n\n<\/div>\n<\/div><div class=\"gb-container gb-container-81d06b6b\">\n<div class=\"gb-container gb-container-3641d64e\">\n\n<h2 class=\"gb-headline gb-headline-3a787735 gb-headline-text\"><a href=\"http:\/\/fokussrl.com\/categoria-prodotto\/stufe\/stufe-a-pellet\/\" data-type=\"product_cat\" data-id=\"4550\" rel=\"nofollow noopener\" target=\"_blank\">Pellet\u00f6fen<\/a><\/h2>\n\n<\/div>\n\n<div class=\"gb-container gb-container-d1f92292\">\n\n<\/div>\n\n<div class=\"gb-container gb-container-a0b47248\">\n\n<a class=\"gb-button gb-button-ed0942ac gb-button-text\" href=\"http:\/\/fokussrl.com\/categoria-prodotto\/stufe\/stufe-a-pellet\/\" rel=\"nofollow noopener\" target=\"_blank\">Alle Pellet\u00f6fen ansehen<\/a>\n\n<\/div>\n<\/div><div class=\"gb-container gb-container-a2895c43\">\n<div class=\"gb-container gb-container-16ea0e19\">\n\n<h2 class=\"gb-headline gb-headline-8097bac2 gb-headline-text\"><a href=\"http:\/\/fokussrl.com\/categoria-prodotto\/stufe\/stufe-a-legna-con-forno\/\" data-type=\"product_cat\" data-id=\"4548\" rel=\"nofollow noopener\" target=\"_blank\">Holz\u00f6fen mit Backofen<\/a><\/h2>\n\n<\/div>\n\n<div class=\"gb-container gb-container-8c82c7c9\">\n\n<\/div>\n\n<div class=\"gb-container gb-container-ad0945a6\">\n\n<a class=\"gb-button gb-button-63aa8cfd gb-button-text\" href=\"http:\/\/fokussrl.com\/categoria-prodotto\/stufe\/stufe-a-legna-con-forno\/\" rel=\"nofollow noopener\" target=\"_blank\">Alle Holz\u00f6fen mit Backofen ansehen<\/a>\n\n<\/div>\n<\/div>","protected":false},"excerpt":{"rendered":"<p>Design-Kamine Bioethanol-Kamine Elektrokamine Holz\u00f6fen Pellet\u00f6fen Holz\u00f6fen mit Backofen<\/p>\n","protected":false},"author":1,"featured_media":0,"parent":0,"menu_order":1,"comment_status":"closed","ping_status":"closed","template":"","meta":{"_acf_changed":false,"footnotes":""},"class_list":["post-40","page","type-page","status-publish"],"acf":[],"_links":{"self":[{"href":"https:\/\/www.fokussrl.com\/de\/wp-json\/wp\/v2\/pages\/40","targetHints":{"allow":["GET"]}}],"collection":[{"href":"https:\/\/www.fokussrl.com\/de\/wp-json\/wp\/v2\/pages"}],"about":[{"href":"https:\/\/www.fokussrl.com\/de\/wp-json\/wp\/v2\/types\/page"}],"author":[{"embeddable":true,"href":"https:\/\/www.fokussrl.com\/de\/wp-json\/wp\/v2\/users\/1"}],"replies":[{"embeddable":true,"href":"https:\/\/www.fokussrl.com\/de\/wp-json\/wp\/v2\/comments?post=40"}],"version-history":[{"count":0,"href":"https:\/\/www.fokussrl.com\/de\/wp-json\/wp\/v2\/pages\/40\/revisions"}],"wp:attachment":[{"href":"https:\/\/www.fokussrl.com\/de\/wp-json\/wp\/v2\/media?parent=40"}],"curies":[{"name":"wp","href":"https:\/\/api.w.org\/{rel}","templated":true}]}}