{"id":64891,"date":"2025-01-17T02:10:11","date_gmt":"2025-01-17T01:10:11","guid":{"rendered":"http:\/\/fokussrl.com\/metodi-di-pagamento\/"},"modified":"2025-02-01T23:14:01","modified_gmt":"2025-02-01T22:14:01","slug":"zahlungsmethode","status":"publish","type":"page","link":"https:\/\/www.fokussrl.com\/de\/zahlungsmethode\/","title":{"rendered":"Zahlungsmethode"},"content":{"rendered":"\n<p>Auf unserer Website ist die Zahlung ausschlie\u00dflich per <strong>Bank\u00fcberweisung<\/strong> m\u00f6glich.<\/p>\n\n\n\n<h3 class=\"gb-headline gb-headline-a3f75306 gb-headline-text\">Verwendungszweck der Zahlung<\/h3>\n\n\n\n<p>Bitte geben Sie die <strong>Bestellnummer<\/strong> sowie den <strong>Vor- und Nachnamen<\/strong> der zahlenden Person an.<\/p>\n\n\n\n<p><strong>Beispiel<\/strong>: Bestellung #524 Mario Rossi.<\/p>\n\n\n\n<h3 class=\"gb-headline gb-headline-8a4fc4fc gb-headline-text\">Zahlungsrichtlinien<\/h3>\n\n\n\n<p>Die Bank\u00fcberweisung muss innerhalb von <strong>3 Werktagen<\/strong> nach der Bestellung erfolgen. Um die Bearbeitung zu beschleunigen, senden Sie bitte eine Kopie des Zahlungsbelegs an:<\/p>\n\n\n\n<ul class=\"wp-block-list\">\n<li>E-Mail: <a href=\"mailto:info@fokussrl.com\">info@fokussrl.com<\/a><\/li>\n\n\n\n<li>WhatsApp: <a href=\"https:\/\/wa.me\/+393518708933\" rel=\"nofollow noopener\" target=\"_blank\">+39 351 870 8933<\/a><\/li>\n<\/ul>\n\n\n\n<p>Sobald die Zahlung eingegangen ist, wird Ihre <strong>Bestellung bearbeitet und das Produkt versendet<\/strong>.<\/p>\n\n\n\n<p>Falls die Zahlung nicht innerhalb der angegebenen Frist eingeht, wird die Bestellung <strong>storniert<\/strong>.<\/p>\n","protected":false},"excerpt":{"rendered":"<p>Auf unserer Website ist die Zahlung ausschlie\u00dflich per Bank\u00fcberweisung m\u00f6glich. Verwendungszweck der Zahlung Bitte geben Sie die Bestellnummer sowie den Vor- und Nachnamen der zahlenden Person an. Beispiel: Bestellung #524 Mario Rossi. Zahlungsrichtlinien Die Bank\u00fcberweisung muss innerhalb von 3 Werktagen nach der Bestellung erfolgen. Um die Bearbeitung zu beschleunigen, senden Sie bitte eine Kopie des &#8230; <a title=\"Zahlungsmethode\" class=\"read-more\" href=\"https:\/\/www.fokussrl.com\/de\/zahlungsmethode\/\" aria-label=\"Mehr Informationen \u00fcber Zahlungsmethode\">Weiterlesen<\/a><\/p>\n","protected":false},"author":1,"featured_media":0,"parent":0,"menu_order":52,"comment_status":"closed","ping_status":"closed","template":"","meta":{"_acf_changed":false,"footnotes":""},"class_list":["post-64891","page","type-page","status-publish"],"acf":[],"_links":{"self":[{"href":"https:\/\/www.fokussrl.com\/de\/wp-json\/wp\/v2\/pages\/64891","targetHints":{"allow":["GET"]}}],"collection":[{"href":"https:\/\/www.fokussrl.com\/de\/wp-json\/wp\/v2\/pages"}],"about":[{"href":"https:\/\/www.fokussrl.com\/de\/wp-json\/wp\/v2\/types\/page"}],"author":[{"embeddable":true,"href":"https:\/\/www.fokussrl.com\/de\/wp-json\/wp\/v2\/users\/1"}],"replies":[{"embeddable":true,"href":"https:\/\/www.fokussrl.com\/de\/wp-json\/wp\/v2\/comments?post=64891"}],"version-history":[{"count":0,"href":"https:\/\/www.fokussrl.com\/de\/wp-json\/wp\/v2\/pages\/64891\/revisions"}],"wp:attachment":[{"href":"https:\/\/www.fokussrl.com\/de\/wp-json\/wp\/v2\/media?parent=64891"}],"curies":[{"name":"wp","href":"https:\/\/api.w.org\/{rel}","templated":true}]}}