{"id":64928,"date":"2024-07-06T23:10:19","date_gmt":"2024-07-06T21:10:19","guid":{"rendered":"http:\/\/fokussrl.com\/spedizioni\/"},"modified":"2025-02-05T00:28:29","modified_gmt":"2025-02-04T23:28:29","slug":"versand-und-lieferbedingungen","status":"publish","type":"page","link":"https:\/\/www.fokussrl.com\/de\/versand-und-lieferbedingungen\/","title":{"rendered":"Versand- und Lieferbedingungen"},"content":{"rendered":"\n<p>Fokus sorgt f\u00fcr die Lieferung der online bestellten Produkte an die beim Kauf angegebene Adresse in Zusammenarbeit mit qualifizierten Spediteuren. Dazu geh\u00f6ren: <strong>Fercam und Italsarda<\/strong> f\u00fcr die Inseln, <strong>D.B Group und Bianchi<\/strong> f\u00fcr Sendungen nach Europa und in den Rest der Welt. Der Spediteur wird den Kunden unter der bei der Bestellung angegebenen Telefonnummer kontaktieren, um das Lieferdatum und die Uhrzeit zu vereinbaren.<\/p>\n\n\n\n<h3 class=\"gb-headline gb-headline-6bc1584d gb-headline-text\"><strong>Lieferzeiten<\/strong><\/h3>\n\n\n\n<ul class=\"wp-block-list\">\n<li><strong>Italien:<\/strong> 15-20 Werktage<\/li>\n\n\n\n<li><strong>Europa:<\/strong> 30-40 Werktage<\/li>\n<\/ul>\n\n\n\n<p>Die Lieferzeiten werden ab dem Zeitpunkt berechnet, an dem die Zahlung auf unserem Bankkonto eingegangen ist, falls die Zahlung per Bank\u00fcberweisung erfolgt.<\/p>\n\n\n\n<p>F\u00fcr <strong>Versand au\u00dferhalb der EU<\/strong> k\u00f6nnen Sie uns per E-Mail unter <strong><a>info@fokussrl.com<\/a><\/strong> kontaktieren, um detaillierte Informationen zu den Lieferzeiten und ein individuelles Angebot zu erhalten.<\/p>\n\n\n\n<h3 class=\"gb-headline gb-headline-2691dba6 gb-headline-text\"><strong>Liefermethode<\/strong><\/h3>\n\n\n\n<p>Die Lieferungen erfolgen von <strong>Montag bis Freitag<\/strong> w\u00e4hrend der \u00fcblichen Arbeitszeiten.<br>Alle Lieferungen erfolgen <strong>bis zur Bordsteinkante<\/strong>.<\/p>\n\n\n\n<p>Fokus ist nicht verantwortlich f\u00fcr Lieferverz\u00f6gerungen durch den Spediteur.<\/p>\n\n\n\n<h3 class=\"gb-headline gb-headline-c8591225 gb-headline-text\"><strong>\u00dcberpr\u00fcfung der Ware bei Lieferung<\/strong><\/h3>\n\n\n\n<p>Bei der Lieferung muss der Kunde \u00fcberpr\u00fcfen, dass:<\/p>\n\n\n\n<ul class=\"wp-block-list\">\n<li>Die Anzahl der Pakete mit der im Lieferschein (D.D.T.) angegebenen Menge \u00fcbereinstimmt.<\/li>\n\n\n\n<li>Die Verpackung unversehrt und frei von Sch\u00e4den oder Manipulationsspuren ist.<\/li>\n<\/ul>\n\n\n\n<p>Falls die Ware besch\u00e4digt ist, muss der Kunde:<\/p>\n\n\n\n<ol class=\"wp-block-list\">\n<li>Den Schaden sofort dem Spediteur melden, vorzugsweise durch Verweigerung der Annahme der Ware.<\/li>\n\n\n\n<li>Alternativ das Paket mit <strong>&#8222;Annahme unter Vorbehalt&#8220;<\/strong> akzeptieren, dies auf dem Lieferschein vermerken und umgehend an <strong><a>info@fokussrl.com<\/a><\/strong> melden.<\/li>\n<\/ol>\n\n\n\n<h3 class=\"gb-headline gb-headline-735efe6a gb-headline-text\" id=\"shipping-costs\"><strong>Versandkosten<\/strong><\/h3>\n\n\n\n<p>Die Versandkosten werden automatisch im Warenkorb w\u00e4hrend des Kaufs berechnet und dem Gesamtbetrag der Bestellung hinzugef\u00fcgt.<\/p>\n\n\n\n<p>Eine \u00dcbersicht der Versandkosten nach Produktkategorie finden Sie in der folgenden Tabelle.<\/p>\n\n\n\n<figure class=\"wp-block-table is-style-regular\"><table class=\"has-fixed-layout\"><thead><tr><th>Kategorie<\/th><th class=\"has-text-align-center\" data-align=\"center\">Italien Standard<\/th><th class=\"has-text-align-center\" data-align=\"center\">Sizilien, Sardinien und Kalabrien<\/th><th class=\"has-text-align-center\" data-align=\"center\">Schweiz + EU-Zone * (siehe unten)<\/th><th class=\"has-text-align-center\" data-align=\"center\">Vereinigtes K\u00f6nigreich<\/th><th>Rest der Welt<\/th><\/tr><\/thead><tbody><tr><td>Zubeh\u00f6r<\/td><td class=\"has-text-align-center\" data-align=\"center\">49\u20ac<\/td><td class=\"has-text-align-center\" data-align=\"center\">99\u20ac<\/td><td class=\"has-text-align-center\" data-align=\"center\">99\u20ac<\/td><td class=\"has-text-align-center\" data-align=\"center\">199\u20ac<\/td><td>Auf Anfrage<\/td><\/tr><\/tbody><\/table><\/figure>\n\n\n\n<p>* \u00d6sterreich, Belgien, Bulgarien, Zypern, Kroatien, D\u00e4nemark, Estland, Finnland, Frankreich, Deutschland, Griechenland, Irland, Lettland, Litauen, Luxemburg, Malta, Niederlande, Polen, Portugal, Tschechische Republik, Rum\u00e4nien, Slowakei, Slowenien, Spanien, Schweden, Schweiz, Ungarn.<\/p>\n\n","protected":false},"excerpt":{"rendered":"<p>Fokus sorgt f\u00fcr die Lieferung der online bestellten Produkte an die beim Kauf angegebene Adresse in Zusammenarbeit mit qualifizierten Spediteuren. Dazu geh\u00f6ren: Fercam und Italsarda f\u00fcr die Inseln, D.B Group und Bianchi f\u00fcr Sendungen nach Europa und in den Rest der Welt. Der Spediteur wird den Kunden unter der bei der Bestellung angegebenen Telefonnummer kontaktieren, &#8230; <a title=\"Versand- und Lieferbedingungen\" class=\"read-more\" href=\"https:\/\/www.fokussrl.com\/de\/versand-und-lieferbedingungen\/\" aria-label=\"Mehr Informationen \u00fcber Versand- und Lieferbedingungen\">Weiterlesen<\/a><\/p>\n","protected":false},"author":1,"featured_media":0,"parent":0,"menu_order":51,"comment_status":"closed","ping_status":"closed","template":"","meta":{"_acf_changed":false,"footnotes":""},"class_list":["post-64928","page","type-page","status-publish"],"acf":[],"_links":{"self":[{"href":"https:\/\/www.fokussrl.com\/de\/wp-json\/wp\/v2\/pages\/64928","targetHints":{"allow":["GET"]}}],"collection":[{"href":"https:\/\/www.fokussrl.com\/de\/wp-json\/wp\/v2\/pages"}],"about":[{"href":"https:\/\/www.fokussrl.com\/de\/wp-json\/wp\/v2\/types\/page"}],"author":[{"embeddable":true,"href":"https:\/\/www.fokussrl.com\/de\/wp-json\/wp\/v2\/users\/1"}],"replies":[{"embeddable":true,"href":"https:\/\/www.fokussrl.com\/de\/wp-json\/wp\/v2\/comments?post=64928"}],"version-history":[{"count":0,"href":"https:\/\/www.fokussrl.com\/de\/wp-json\/wp\/v2\/pages\/64928\/revisions"}],"wp:attachment":[{"href":"https:\/\/www.fokussrl.com\/de\/wp-json\/wp\/v2\/media?parent=64928"}],"curies":[{"name":"wp","href":"https:\/\/api.w.org\/{rel}","templated":true}]}}