{"id":66719,"date":"2025-09-18T23:13:50","date_gmt":"2025-09-18T21:13:50","guid":{"rendered":"https:\/\/www.fokussrl.com\/?post_type=product&#038;p=66719"},"modified":"2026-02-08T00:23:25","modified_gmt":"2026-02-07T23:23:25","slug":"elektrischer-speicherofen-e40s-e40sl-la-valmarecchia","status":"publish","type":"product","link":"https:\/\/www.fokussrl.com\/de\/produkt\/elektrischer-speicherofen-e40s-e40sl-la-valmarecchia\/","title":{"rendered":"Elektrischer Speicherofen E40S \/ E40SL &#8211; La Valmarecchia"},"content":{"rendered":"<h2>W\u00e4rmender Komfort: die Philosophie der elektrischen Speicher\u00f6fen E40S \/ E40SL<\/h2>\n<p>Der E40S \/ E40SL ist f\u00fcr alle gedacht, die <strong>gesund, nat\u00fcrlich und ger\u00e4uschlos heizen<\/strong> m\u00f6chten.<\/p>\n<p>Sein Betrieb basiert auf Infrarotstrahlung: eine W\u00e4rme \u00e4hnlich der Sonne, die Menschen und Oberfl\u00e4chen direkt erw\u00e4rmt \u2014 nicht die Luft \u2014 und sofortigen Komfort bietet, ohne Luftz\u00fcge, ohne Ventilatoren und ohne Staubaufwirbelung.<\/p>\n<p><strong>Die ideale L\u00f6sung f\u00fcr alle, die<\/strong>:<\/p>\n<ul>\n<li>an Allergien oder Atemwegsproblemen leiden;<\/li>\n<li>in Gegenden leben, in denen die traditionelle Heizung in der \u201e\u00dcbergangszeit\u201c kaum genutzt wird;<\/li>\n<li>keinen Schornstein installieren k\u00f6nnen oder keine Brennstoffe wie Holz, Pellets oder Gas verwenden m\u00f6chten;<\/li>\n<li>ein umweltfreundliches, effizientes und leises Zuhause w\u00fcnschen.<\/li>\n<\/ul>\n<h2>Technische Daten des elektrischen Ofens E40S<\/h2>\n<ul>\n<li><strong>Au\u00dfenverkleidung<\/strong>: Speckstein oder Majolika (handgefertigte Dekore)<\/li>\n<li><strong>Stromversorgung<\/strong>: 230 V<\/li>\n<li><strong>Erforderliche Leistung<\/strong>: 1.320 W<\/li>\n<li><strong>Stromverbrauch pro Stunde<\/strong>: 700\u20131.000 W<\/li>\n<li><strong>Beheizbares Volumen<\/strong>: bis zu 105 m\u00b3 (ca. 40 m\u00b2)<\/li>\n<li><strong>Gewicht mit Specksteinverkleidung<\/strong>: 100 kg<\/li>\n<li><strong>Gewicht mit Majolikaverkleidung<\/strong>: 80 kg<\/li>\n<li><strong>Ma\u00dfe<\/strong>: 59 \u00d7 32 \u00d7 110 cm<\/li>\n<\/ul>\n<h2>Technische Daten des elektrischen Ofens E40SL<\/h2>\n<ul>\n<li><strong>Au\u00dfenverkleidung<\/strong>: Majolika (Ecken aus Majolika)<\/li>\n<li><strong>Stromversorgung<\/strong>: 230 V<\/li>\n<li><strong>Erforderliche Leistung<\/strong>: 1.320 W<\/li>\n<li><strong>Stromverbrauch pro Stunde<\/strong>: 700\u20131.000 W<\/li>\n<li><strong>Beheizbares Volumen<\/strong>: bis zu 105 m\u00b3 (ca. 40 m\u00b2)<\/li>\n<li><strong>Gewicht<\/strong>: 85 kg<\/li>\n<li><strong>Ma\u00dfe<\/strong>: 59 \u00d7 32 \u00d7 110 cm<\/li>\n<\/ul>\n<h2>Warum die elektrischen \u00d6fen E40S \/ E40SL w\u00e4hlen<\/h2>\n<ul>\n<li><strong>Effizienz und Wirtschaftlichkeit<\/strong>: h\u00f6herer W\u00e4rmegewinn mit geringeren Verlusten im Vergleich zu Konvektionssystemen; weniger Energieverschwendung.<\/li>\n<li><strong>Gesundheit &amp; Wohlbefinden<\/strong>: die Strahlungsw\u00e4rme wirbelt keinen Staub auf, die Umgebung bleibt sauber; nat\u00fcrliches W\u00e4rmegef\u00fchl.<\/li>\n<li><strong>Design und Handwerkskunst<\/strong>: hochwertige Oberfl\u00e4chen, handbemalte Majolika, Specksteinverkleidung; jedes St\u00fcck ist ein kleines Meisterwerk.<\/li>\n<li><strong>Vielseitigkeit<\/strong>: geeignet f\u00fcr Wohnzimmer, Keller, Arbeitsr\u00e4ume, Ferienh\u00e4user am Meer oder in den Bergen; auch perfekt als Erg\u00e4nzung zur Fu\u00dfbodenheizung, die in der \u00dcbergangszeit nicht ausreicht.<\/li>\n<\/ul>\n","protected":false},"excerpt":{"rendered":"<p>Die <strong>elektrischen Speicher\u00f6fen E40S und E40SL<\/strong> bieten nat\u00fcrliche, angenehme W\u00e4rme dank Infrarotstrahlung, erm\u00f6glicht durch die handgefertigte Verkleidung aus <strong>Speckstein<\/strong> oder <strong>dekorierter Majolika<\/strong>.<\/p>\n<p><strong>Sie beheizen bis zu 40 m\u00b2<\/strong> bei geringem Verbrauch (700\u20131000 W), <strong>ohne Ventilation<\/strong>, ohne Staub, nur gesunde und wohltuende W\u00e4rme f\u00fcr Ihr Zuhause.<\/p>\n<p>Die elektrischen \u00d6fen E40S und E40SL sind elegant, umweltfreundlich und vor allem ideal auch dort, wo keine Luftkan\u00e4le oder ein Schornstein installiert werden k\u00f6nnen.<\/p>\n","protected":false},"featured_media":66710,"template":"","meta":{"_acf_changed":false},"product_brand":[],"product_cat":[5331],"product_tag":[],"class_list":{"0":"post-66719","1":"product","2":"type-product","3":"status-publish","4":"has-post-thumbnail","6":"product_cat-elektrooefen","7":"pa_colore-ferrari-rot-majolika","8":"pa_colore-majolika-weiss","9":"pa_colore-schwarze-majolika","10":"pa_colore-speckstein-grau-stahl","11":"sales-flash-overlay","12":"woocommerce-text-align-center","13":"woocommerce-image-align-center","14":"do-quantity-buttons","16":"first","17":"instock","18":"taxable","19":"shipping-taxable","20":"purchasable","21":"product-type-variable"},"acf":[],"_links":{"self":[{"href":"https:\/\/www.fokussrl.com\/de\/wp-json\/wp\/v2\/product\/66719","targetHints":{"allow":["GET"]}}],"collection":[{"href":"https:\/\/www.fokussrl.com\/de\/wp-json\/wp\/v2\/product"}],"about":[{"href":"https:\/\/www.fokussrl.com\/de\/wp-json\/wp\/v2\/types\/product"}],"wp:featuredmedia":[{"embeddable":true,"href":"https:\/\/www.fokussrl.com\/de\/wp-json\/wp\/v2\/media\/66710"}],"wp:attachment":[{"href":"https:\/\/www.fokussrl.com\/de\/wp-json\/wp\/v2\/media?parent=66719"}],"wp:term":[{"taxonomy":"product_brand","embeddable":true,"href":"https:\/\/www.fokussrl.com\/de\/wp-json\/wp\/v2\/product_brand?post=66719"},{"taxonomy":"product_cat","embeddable":true,"href":"https:\/\/www.fokussrl.com\/de\/wp-json\/wp\/v2\/product_cat?post=66719"},{"taxonomy":"product_tag","embeddable":true,"href":"https:\/\/www.fokussrl.com\/de\/wp-json\/wp\/v2\/product_tag?post=66719"}],"curies":[{"name":"wp","href":"https:\/\/api.w.org\/{rel}","templated":true}]}}