{"id":69527,"date":"2025-02-01T17:02:50","date_gmt":"2025-02-01T16:02:50","guid":{"rendered":"https:\/\/www.fokussrl.com\/?post_type=product&#038;p=69527"},"modified":"2026-02-08T00:25:06","modified_gmt":"2026-02-07T23:25:06","slug":"pyrolytischer-pelletofen-faro-ohne-rauchabzug-paterno","status":"publish","type":"product","link":"https:\/\/www.fokussrl.com\/de\/produkt\/pyrolytischer-pelletofen-faro-ohne-rauchabzug-paterno\/","title":{"rendered":"Pyrolytischer Pelletofen FARO ohne Rauchabzug &#8211; Paterno"},"content":{"rendered":"<p><b>Faro <\/b>ist der pyrolytische Pelletofen ohne Rauchabzug, der das Konzept von W\u00e4rme in pure Emotion verwandelt. Das Ergebnis langj\u00e4hriger Laborforschung und einer erfolgreich gemeisterten ingenieurtechnischen Herausforderung: Faro ist nicht einfach nur ein Ofen, sondern ein Designelement, das <b>pyrolytische Technologie<\/b> nutzt, um effiziente, umweltfreundliche und visuell spektakul\u00e4re W\u00e4rme zu liefern.<\/p>\n<h2>Warum den pyrolytischen Pelletofen ohne Rauchabzug Faro w\u00e4hlen?<\/h2>\n<p>Im Gegensatz zu herk\u00f6mmlichen Systemen verwendet Faro das <b>POB System (Pyrolytic Optimized Burner)<\/b>, eine patentierte Technologie, die eine perfekte Verbrennung garantiert. Vergessen Sie st\u00f6renden Rauch und aufwendige Installationen: Faro wurde entwickelt, um Freiheit und Stil zu bieten.<\/p>\n<h3>Hauptmerkmale und Vorteile:<\/h3>\n<ul>\n<li><b>Kein Rauchabzug erforderlich:<\/b> Dank der Mikrovergasung ben\u00f6tigt der Ofen keinen Rauchabzug. Dadurch ist er vielseitig einsetzbar und leicht in Bereichen wie Veranden, Terrassen, Arkaden und gewerblichen Au\u00dfenbereichen zu platzieren.<\/li>\n<li><b>Patentierte POB-Technologie:<\/b> Das Herzst\u00fcck von Faro ist seine aerodynamische Brennkammer. Das System steuert die Flamme elektronisch, verbrennt die entstehenden Gase (Syngas) und minimiert unverbrannte R\u00fcckst\u00e4nde. Das Ergebnis? Eine stabile, saubere und faszinierende Flamme.<\/li>\n<li><b>Kein Rauch:<\/b> Vom Start bis zum Abschalten eliminiert der pyrolytische Prozess die sichtbare Rauchentwicklung vollst\u00e4ndig und hinterl\u00e4sst nur angenehme W\u00e4rme.<\/li>\n<li><b>Wirtschaftlich und umweltfreundlich:<\/b> Mit Pellets betrieben, senkt Faro die Kosten im Vergleich zu gas- oder elektrisch betriebenen Heizstrahlern erheblich und nutzt einen nat\u00fcrlichen Brennstoff, der am Ende des Zyklus einen festen R\u00fcckstand (Char) hinterl\u00e4sst, der leicht zu entsorgen ist.<\/li>\n<\/ul>\n<h2>Wie funktioniert die Pyrolyse?<\/h2>\n<p>Die Pyrolyse ist ein thermochemischer Prozess, bei dem Pellets unter Sauerstoffausschluss zersetzt werden, wodurch brennbares Gas (Syngas) vom festen R\u00fcckstand getrennt wird. W\u00e4hrend dieser Prozess in der Industrie viel Energie erfordert, macht die <b>POB-Technologie von Paterno<\/b> ihn autark und effizient und erm\u00f6glicht eine saubere Verbrennung ohne den Einsatz schwerer externer Energiequellen (es ist lediglich eine minimale Stromversorgung f\u00fcr den Steuerl\u00fcfter erforderlich).<i><\/i><\/p>\n","protected":false},"excerpt":{"rendered":"<p>Beleuchten und erw\u00e4rmen Sie Ihre R\u00e4ume mit Faro von Paterno, dem revolution\u00e4ren pyrolytischen Pelletofen ohne Rauchabzug, der exklusives Design mit der patentierten POB-System-Technologie vereint. Dank des Mikrovergasungsprozesses erzeugt Faro eine eindrucksvolle und stabile Flamme <strong>ohne Rauch und ohne Rauchabzug<\/strong>.<\/p>\n<p><strong>Umweltfreundlich und kosteneffizient<\/strong> ist Faro die perfekte L\u00f6sung f\u00fcr <strong>alle, die eine stilvolle Alternative zu klassischen Gasheizstrahlern suchen<\/strong>. Ideal zur Schaffung einer besonderen Atmosph\u00e4re in Veranden, Terrassen, Au\u00dfenbereichen und Winterg\u00e4rten.<\/p>\n<ul>\n<li><strong>Technologie<\/strong>: Patentierte Pyrolyse (POB)<\/li>\n<li><strong>Brennstoff<\/strong>: Pellets (kosteng\u00fcnstig und umweltfreundlich)<\/li>\n<li><strong>Installation<\/strong>: Kein Rauchabzug erforderlich<\/li>\n<\/ul>\n","protected":false},"featured_media":67691,"template":"","meta":{"_acf_changed":false},"product_brand":[],"product_cat":[5319],"product_tag":[],"class_list":{"0":"post-69527","1":"product","2":"type-product","3":"status-publish","4":"has-post-thumbnail","6":"product_cat-terrassenheizer","7":"pa_versione-heat-55-65-de","8":"pa_versione-heat-90-107-de","9":"pa_versione-heat-90-65-de","10":"pa_versione-model-l-de","11":"sales-flash-overlay","12":"woocommerce-text-align-center","13":"woocommerce-image-align-center","14":"do-quantity-buttons","16":"first","17":"instock","18":"taxable","19":"shipping-taxable","20":"purchasable","21":"product-type-variable"},"acf":[],"_links":{"self":[{"href":"https:\/\/www.fokussrl.com\/de\/wp-json\/wp\/v2\/product\/69527","targetHints":{"allow":["GET"]}}],"collection":[{"href":"https:\/\/www.fokussrl.com\/de\/wp-json\/wp\/v2\/product"}],"about":[{"href":"https:\/\/www.fokussrl.com\/de\/wp-json\/wp\/v2\/types\/product"}],"wp:featuredmedia":[{"embeddable":true,"href":"https:\/\/www.fokussrl.com\/de\/wp-json\/wp\/v2\/media\/67691"}],"wp:attachment":[{"href":"https:\/\/www.fokussrl.com\/de\/wp-json\/wp\/v2\/media?parent=69527"}],"wp:term":[{"taxonomy":"product_brand","embeddable":true,"href":"https:\/\/www.fokussrl.com\/de\/wp-json\/wp\/v2\/product_brand?post=69527"},{"taxonomy":"product_cat","embeddable":true,"href":"https:\/\/www.fokussrl.com\/de\/wp-json\/wp\/v2\/product_cat?post=69527"},{"taxonomy":"product_tag","embeddable":true,"href":"https:\/\/www.fokussrl.com\/de\/wp-json\/wp\/v2\/product_tag?post=69527"}],"curies":[{"name":"wp","href":"https:\/\/api.w.org\/{rel}","templated":true}]}}