{"id":69534,"date":"2025-02-01T17:01:59","date_gmt":"2025-02-01T16:01:59","guid":{"rendered":"https:\/\/www.fokussrl.com\/?post_type=product&#038;p=69534"},"modified":"2026-02-08T00:26:40","modified_gmt":"2026-02-07T23:26:40","slug":"speicherholzofen-v150-s-valmarecchia","status":"publish","type":"product","link":"https:\/\/www.fokussrl.com\/de\/produkt\/speicherholzofen-v150-s-valmarecchia\/","title":{"rendered":"Speicherholzofen V150 S &#8211; Valmarecchia"},"content":{"rendered":"<p>Der <strong>Ofen V 150 S von La Valmarecchia<\/strong> revolutioniert die Art, wie man h\u00e4usliche W\u00e4rme erlebt. Er ist kein gew\u00f6hnlicher Ofen, sondern eine designorientierte \u201ethermische Batterie\u201c, entwickelt f\u00fcr alle, die <strong>maximale Effizienz<\/strong> bei minimalem Aufwand suchen.<\/p>\n<p>Das Geheimnis dieses Ofens liegt in der <strong>W\u00e4rmespeicherung<\/strong>. Hochwertige Materialien nehmen die hohen Temperaturen aus der Brennkammer auf und geben die W\u00e4rme langsam in Form von Infrarotstrahlung an den Raum ab.<\/p>\n<p>Das Ergebnis?<\/p>\n<p><strong>Gesunde, gleichm\u00e4\u00dfige und umh\u00fcllende W\u00e4rme, die bis zu 12 Stunden nach dem Erl\u00f6schen anh\u00e4lt<\/strong>, bei gleichzeitig optimal ausgeglichener Luftfeuchtigkeit.<\/p>\n<h2>Warum das Modell V 150 S w\u00e4hlen?<\/h2>\n<ul>\n<li><strong>Volle Freiheit<\/strong> (2 F\u00fcllungen pro Tag): Das Speichersystem erm\u00f6glicht es, das Haus sorgenfrei zu verlassen. Eine F\u00fcllung morgens und eine abends decken den W\u00e4rmebedarf f\u00fcr 24 Stunden.<\/li>\n<li><strong>Hybrid Holz und Pellets<\/strong>: Maximale Flexibilit\u00e4t. Holz und Pellets k\u00f6nnen ohne Umbauten an der Brennkammer verwendet werden. W\u00e4hlen Sie jederzeit den f\u00fcr Sie g\u00fcnstigsten oder bequemsten Brennstoff.<\/li>\n<li><strong style=\"font-size: inherit;\">Keine Elektrizit\u00e4t<\/strong><span style=\"font-size: inherit;\">: Dieser Ofen funktioniert vollst\u00e4ndig ohne Strom. Keine Probleme bei Stromausf\u00e4llen, keine st\u00f6ranf\u00e4llige Elektronik und kein Energieverbrauch. Reine mechanische Effizienz.<\/span><\/li>\n<li><strong>Sauberkeit und Hygiene<\/strong>: Da die T\u00fcr nur nach abgeschlossener Verbrennung zum Nachlegen ge\u00f6ffnet wird (zweimal t\u00e4glich), gibt es keinen Rauchr\u00fccksto\u00df in den Wohnraum. Keine Ger\u00fcche, keine Asche auf M\u00f6beln, saubere W\u00e4nde.<\/li>\n<\/ul>\n<p>Das Modell V 150 S ist ein elegantes Einrichtungselement, erh\u00e4ltlich mit Verkleidungen aus Naturstein oder handgefertigter Keramik. Unter dem edlen \u00c4u\u00dferen befindet sich ein 4 mm starker Edelstahlkern, der f\u00fcr h\u00f6chste thermische Belastungen ausgelegt ist. Die Qualit\u00e4t wird durch eine 5-j\u00e4hrige Garantie unterstrichen.<\/p>\n<h2>Der Ofen V 150 S auf einen Blick:<\/h2>\n<ul>\n<li>Zertifizierung: 5 Sterne (UNI EN 15250:2007)<\/li>\n<li>Wartung: Minimal (empfohlen alle 2 Jahre)<\/li>\n<li>Brennstoff: Holz \/ Pellets (austauschbar)<\/li>\n<li>Technologie: W\u00e4rmespeicherung mit Strahlungsabgabe<\/li>\n<\/ul>\n<h2>Technische Daten<\/h2>\n<ul>\n<li>Beheizbares Volumen: 270 m\u00b3 \/ 100 m\u00b2<\/li>\n<li>Gewicht: 500 kg<\/li>\n<li>Wirkungsgrad: 85 %<\/li>\n<li>Nennleistung: 20,5 kW<\/li>\n<li>CO-Emissionen: 0,0641 %<\/li>\n<li>Max. Abgastemperatur: 268,3\u00b0 C<\/li>\n<li>Zug: 12 Pa<\/li>\n<li>Abmessungen: (mm \u2013 H x B x T) H 1765; B 660; T 660<\/li>\n<\/ul>\n<p><strong>Hinweis:<\/strong> Auf Wunsch k\u00f6nnen die \u00d6fen mit Metallecken oder vollst\u00e4ndig mit Keramikkacheln verkleidet werden<\/p>\n","protected":false},"excerpt":{"rendered":"<p>Vergessen Sie das st\u00e4ndige Nachlegen. Der <b>Speicherofen V 150 S von La Valmarecchia<\/b> garantiert 24 Stunden gesunde W\u00e4rme mit <b>nur zwei F\u00fcllungen pro Tag<\/b>.<\/p>\n<p>Er funktioniert sowohl mit Holz als auch mit Pellets \u2013 ohne Strom und ohne Umbauten.<\/p>\n<h2>5-Sterne-zertifiziert<\/h2>\n<p><b>5-Sterne-zertifiziert<\/b> vereint er elegantes Design aus Stein oder Keramik mit unverw\u00fcstlicher Edelstahltechnik und gibt die W\u00e4rme bis zu 12 Stunden nach dem Erl\u00f6schen gleichm\u00e4\u00dfig durch Strahlung ab.<\/p>\n","protected":false},"featured_media":67742,"template":"","meta":{"_acf_changed":false},"product_brand":[],"product_cat":[5324,5330],"product_tag":[],"class_list":{"0":"post-69534","1":"product","2":"type-product","3":"status-publish","4":"has-post-thumbnail","6":"product_cat-holz-und-pelletofen","7":"product_cat-pelletofen-ohne-strom","8":"pa_colore-majolika","9":"pa_colore-stahl-und-majolika-dec","10":"pa_colore-veredelter-speckstein","11":"sales-flash-overlay","12":"woocommerce-text-align-center","13":"woocommerce-image-align-center","14":"do-quantity-buttons","16":"first","17":"instock","18":"taxable","19":"shipping-taxable","20":"purchasable","21":"product-type-variable"},"acf":[],"_links":{"self":[{"href":"https:\/\/www.fokussrl.com\/de\/wp-json\/wp\/v2\/product\/69534","targetHints":{"allow":["GET"]}}],"collection":[{"href":"https:\/\/www.fokussrl.com\/de\/wp-json\/wp\/v2\/product"}],"about":[{"href":"https:\/\/www.fokussrl.com\/de\/wp-json\/wp\/v2\/types\/product"}],"wp:featuredmedia":[{"embeddable":true,"href":"https:\/\/www.fokussrl.com\/de\/wp-json\/wp\/v2\/media\/67742"}],"wp:attachment":[{"href":"https:\/\/www.fokussrl.com\/de\/wp-json\/wp\/v2\/media?parent=69534"}],"wp:term":[{"taxonomy":"product_brand","embeddable":true,"href":"https:\/\/www.fokussrl.com\/de\/wp-json\/wp\/v2\/product_brand?post=69534"},{"taxonomy":"product_cat","embeddable":true,"href":"https:\/\/www.fokussrl.com\/de\/wp-json\/wp\/v2\/product_cat?post=69534"},{"taxonomy":"product_tag","embeddable":true,"href":"https:\/\/www.fokussrl.com\/de\/wp-json\/wp\/v2\/product_tag?post=69534"}],"curies":[{"name":"wp","href":"https:\/\/api.w.org\/{rel}","templated":true}]}}