{"id":69856,"date":"2026-02-14T17:14:41","date_gmt":"2026-02-14T16:14:41","guid":{"rendered":"https:\/\/www.fokussrl.com\/?post_type=product&#038;p=69856"},"modified":"2026-02-15T13:52:37","modified_gmt":"2026-02-15T12:52:37","slug":"krystal-pellet-wasserofen-age-stufe","status":"publish","type":"product","link":"https:\/\/www.fokussrl.com\/de\/produkt\/krystal-pellet-wasserofen-age-stufe\/","title":{"rendered":"KRYSTAL Pellet-Wasserofen &#8211; Age Stufe"},"content":{"rendered":"<h3>Technische Daten des Pellet-Wasserofens Krystal 18 kW<\/h3>\n<ul>\n<li>Leistungsaufnahme: 18,08 kW<\/li>\n<li>Nennleistung: 16,37 kW<\/li>\n<li>Rauchrohranschluss: \u00d8 80 mm<\/li>\n<li>Beheizbares Volumen: 430 m\u00b3<\/li>\n<li>Tankkapazit\u00e4t: 30 kg<\/li>\n<li>Abmessungen: B 1005 x T 375 x H 1150<\/li>\n<li>Gewicht: 170 kg<\/li>\n<li><strong>Umweltzertifizierung 4 Sterne<\/strong><\/li>\n<\/ul>\n<h3>Technische Daten des Pellet-Wasserofens Krystal 23 kW<\/h3>\n<ul>\n<li>Leistungsaufnahme: 21,4 kW<\/li>\n<li>Nennleistung: 19,7 kW<\/li>\n<li>Rauchrohranschluss: \u00d8 80 mm<\/li>\n<li>Beheizbares Volumen: 520 m\u00b3<\/li>\n<li>Tankkapazit\u00e4t: 30 kg<\/li>\n<li>Abmessungen: B 1045 x T 385 x H 1170<\/li>\n<li>Gewicht: 190 kg<\/li>\n<li><strong>Umweltzertifizierung 5 Sterne<\/strong><\/li>\n<\/ul>\n","protected":false},"excerpt":{"rendered":"<p>Krystal wurde entwickelt, um echten Wohnkomfort zu bieten und dabei nur wenig Platz zu ben\u00f6tigen. <strong>Sie vereint die Leistung eines wasserf\u00fchrenden Pelletofens mit der kompakten Slim-Bauweise<\/strong>, mit einem klaren Design, das durch die dunkle Glasfront veredelt wird.<\/p>\n<p>Sie ist sicher, intuitiv und in der Bedienung autark: Sie programmieren den Betrieb, reinigen sie ganz einfach und genie\u00dfen eine gleichm\u00e4\u00dfige, zuverl\u00e4ssige W\u00e4rme.<\/p>\n<p>Erh\u00e4ltlich in <strong>18- und 23-kW-Ausf\u00fchrungen<\/strong> sowie in den Oberfl\u00e4chen <strong>Wei\u00df, Bordeaux, Schwarz und Holzoptik<\/strong>.<\/p>\n","protected":false},"featured_media":69794,"template":"","meta":{"_acf_changed":false},"product_brand":[],"product_cat":[5334],"product_tag":[],"class_list":{"0":"post-69856","1":"product","2":"type-product","3":"status-publish","4":"has-post-thumbnail","6":"product_cat-wasserfuehrende-pelletoefen","7":"pa_colore-bordeaux-de","8":"pa_colore-holzoptik","9":"pa_colore-schwarz","10":"pa_colore-weiss","11":"pa_potenza-18-kw-de","12":"pa_potenza-23-kw-de","13":"sales-flash-overlay","14":"woocommerce-text-align-center","15":"woocommerce-image-align-center","16":"do-quantity-buttons","18":"first","19":"instock","20":"taxable","21":"shipping-taxable","22":"purchasable","23":"product-type-variable"},"acf":[],"_links":{"self":[{"href":"https:\/\/www.fokussrl.com\/de\/wp-json\/wp\/v2\/product\/69856","targetHints":{"allow":["GET"]}}],"collection":[{"href":"https:\/\/www.fokussrl.com\/de\/wp-json\/wp\/v2\/product"}],"about":[{"href":"https:\/\/www.fokussrl.com\/de\/wp-json\/wp\/v2\/types\/product"}],"wp:featuredmedia":[{"embeddable":true,"href":"https:\/\/www.fokussrl.com\/de\/wp-json\/wp\/v2\/media\/69794"}],"wp:attachment":[{"href":"https:\/\/www.fokussrl.com\/de\/wp-json\/wp\/v2\/media?parent=69856"}],"wp:term":[{"taxonomy":"product_brand","embeddable":true,"href":"https:\/\/www.fokussrl.com\/de\/wp-json\/wp\/v2\/product_brand?post=69856"},{"taxonomy":"product_cat","embeddable":true,"href":"https:\/\/www.fokussrl.com\/de\/wp-json\/wp\/v2\/product_cat?post=69856"},{"taxonomy":"product_tag","embeddable":true,"href":"https:\/\/www.fokussrl.com\/de\/wp-json\/wp\/v2\/product_tag?post=69856"}],"curies":[{"name":"wp","href":"https:\/\/api.w.org\/{rel}","templated":true}]}}