{"id":70860,"date":"2026-04-14T16:47:29","date_gmt":"2026-04-14T14:47:29","guid":{"rendered":"https:\/\/www.fokussrl.com\/?post_type=product&#038;p=70860"},"modified":"2026-04-14T16:57:11","modified_gmt":"2026-04-14T14:57:11","slug":"gas-brennwertkessel-logamax-plus-gb122-24-kh-buderus-copia","status":"publish","type":"product","link":"https:\/\/www.fokussrl.com\/de\/produkt\/gas-brennwertkessel-logamax-plus-gb122-24-kh-buderus-copia\/","title":{"rendered":"Gas-Brennwertkessel LOGAMAX PLUS GB122-24 KH &#8211; Buderus (Copia)"},"content":{"rendered":"<ul>\n<li>Min. Nennw\u00e4rmeleistung (80\/60\u00b0C): 3 kW<\/li>\n<li>Max. Nennw\u00e4rmeleistung (50\/30\u00b0C): 25 kW<\/li>\n<li>Bei 30 % der Nennw\u00e4rmeleistung und Niedertemperaturbetrieb: 8,0 kW<\/li>\n<li>Max. Nennw\u00e4rmebelastung Heizung: 24,5 kW<\/li>\n<li>Elektrischer Anschluss: 230 V<\/li>\n<li>Netzfrequenz: 50 Hz<\/li>\n<li>Schutzart (EN 60529): IPX4D, B23\/B33<\/li>\n<li>Max. elektrische Leistungsaufnahme: 90 W<\/li>\n<li>Nettogewicht: 39 kg<\/li>\n<li>Nennw\u00e4rmeleistung: 24 kW<\/li>\n<li>Saisonale Raumheizungs-Energieeffizienz: 94 %<\/li>\n<li>Wassererw\u00e4rmungs-Energieeffizienz: 85 %<\/li>\n<li>Produktcode: 7736901285<\/li>\n<\/ul>\n","protected":false},"excerpt":{"rendered":"<p>Revolutionieren Sie Ihren Wohnkomfort mit dem Gas-Brennwertkessel Logamax plus GB122-24 KH.<\/p>\n<p>Dieser Gas-Brennwertkessel der Marke Buderus ist die ideale wandh\u00e4ngende L\u00f6sung f\u00fcr jeden Haushalt \u2013 zu einem wirklich unschlagbaren Preis.<\/p>\n<p>Der Logamax plus GB122-24 KH \u00fcberzeugt nicht nur durch seinen Preis, sondern auch durch seinen leisen Betrieb und seine kompakten Abmessungen, wodurch er sich perfekt in jeden Wohnraum einf\u00fcgt.<\/p>\n<p>Dank hochwertiger Komponenten gew\u00e4hrleistet der Logamax plus GB122-24 KH einen hervorragenden saisonalen Wirkungsgrad von bis zu 94 % und bietet h\u00f6chsten Warmwasserkomfort, bewertet mit 3 Sternen gem\u00e4\u00df EN13203-1\/2.<\/p>\n<p>Mit dem Logamax plus GB122-24 KH Brennwertkessel sichern Sie sich eine effiziente und zuverl\u00e4ssige Heizl\u00f6sung zum besten Preis.<\/p>\n","protected":false},"featured_media":70866,"template":"","meta":{"_acf_changed":false},"product_brand":[],"product_cat":[5298],"product_tag":[],"class_list":{"0":"post-70860","1":"product","2":"type-product","3":"status-publish","4":"has-post-thumbnail","6":"product_cat-gaskessel","7":"product_shipping_class-caldaie-a-gas","8":"pa_potenza-19-kw-de","9":"pa_potenza-25-kw-de","10":"sales-flash-overlay","11":"woocommerce-text-align-center","12":"woocommerce-image-align-center","13":"do-quantity-buttons","15":"first","16":"instock","17":"taxable","18":"shipping-taxable","19":"purchasable","20":"product-type-variable"},"acf":[],"_links":{"self":[{"href":"https:\/\/www.fokussrl.com\/de\/wp-json\/wp\/v2\/product\/70860","targetHints":{"allow":["GET"]}}],"collection":[{"href":"https:\/\/www.fokussrl.com\/de\/wp-json\/wp\/v2\/product"}],"about":[{"href":"https:\/\/www.fokussrl.com\/de\/wp-json\/wp\/v2\/types\/product"}],"wp:featuredmedia":[{"embeddable":true,"href":"https:\/\/www.fokussrl.com\/de\/wp-json\/wp\/v2\/media\/70866"}],"wp:attachment":[{"href":"https:\/\/www.fokussrl.com\/de\/wp-json\/wp\/v2\/media?parent=70860"}],"wp:term":[{"taxonomy":"product_brand","embeddable":true,"href":"https:\/\/www.fokussrl.com\/de\/wp-json\/wp\/v2\/product_brand?post=70860"},{"taxonomy":"product_cat","embeddable":true,"href":"https:\/\/www.fokussrl.com\/de\/wp-json\/wp\/v2\/product_cat?post=70860"},{"taxonomy":"product_tag","embeddable":true,"href":"https:\/\/www.fokussrl.com\/de\/wp-json\/wp\/v2\/product_tag?post=70860"}],"curies":[{"name":"wp","href":"https:\/\/api.w.org\/{rel}","templated":true}]}}