{"id":61646,"date":"2025-02-04T01:16:05","date_gmt":"2025-02-04T00:16:05","guid":{"rendered":"http:\/\/fokussrl.com\/prodotto\/wood-burning-cooktop-family-4-5\/"},"modified":"2026-01-14T09:11:58","modified_gmt":"2026-01-14T08:11:58","slug":"wood-burning-cooktop-family-4-5","status":"publish","type":"product","link":"https:\/\/www.fokussrl.com\/en\/product\/wood-burning-cooktop-family-4-5\/","title":{"rendered":"Wood-burning Cooktop FAMILY VST &#8211; La Nordica &#8211; Extraflame"},"content":{"rendered":"<p data-start=\"0\" data-end=\"502\">Cast-iron firebox<br data-start=\"21\" data-end=\"24\" \/>Enamelled steel doors<br data-start=\"49\" data-end=\"52\" data-is-only-node=\"\" \/>Enamelled cast-iron front and frame<br data-start=\"91\" data-end=\"94\" \/>Polished cast-iron hotplate and rings<br data-start=\"135\" data-end=\"138\" \/>Removable ash drawer<br data-start=\"162\" data-end=\"165\" \/>Post-combustion system for low emissions<br data-start=\"209\" data-end=\"212\" \/>Fire door with double glazing and ceramic inner panel<br data-start=\"269\" data-end=\"272\" \/>Oven door with double glazing<br data-start=\"305\" data-end=\"308\" \/>41-litre porcelain-enamelled steel oven<br data-start=\"351\" data-end=\"354\" \/>Large wood storage drawer<br data-start=\"383\" data-end=\"386\" \/>Top flue outlet, right side<br data-start=\"417\" data-end=\"420\" \/>Feet for easier cleaning<br data-start=\"448\" data-end=\"451\" \/>Enamelled oven tray (1 pc) included as standard<\/p>\n<p data-start=\"504\" data-end=\"644\">This product is 5-star certified according to the emission and efficiency requirements of the Clean Air (Aria Pulita) certification.<\/p>\n<p data-start=\"646\" data-end=\"920\" data-is-last-node=\"\" data-is-only-node=\"\">7.5 kW nominal thermal output<br data-start=\"679\" data-end=\"682\" \/>Heatable volume: 215 m\u00b3<br data-start=\"709\" data-end=\"712\" data-is-only-node=\"\" \/>Efficiency: 81.0%<br data-start=\"733\" data-end=\"736\" \/>Dimensions (W \u00d7 H \u00d7 D): 964 \u00d7 853 \u00d7 642 mm<br data-start=\"782\" data-end=\"785\" \/>Net weight: 125 kg<br data-start=\"807\" data-end=\"810\" \/>Hourly fuel consumption: 2.2 kg\/h<br data-start=\"847\" data-end=\"850\" \/>Flue outlet diameter (\u00d8): 130 mm<br data-start=\"886\" data-end=\"889\" \/>Energy efficiency class: A+<\/p>\n","protected":false},"excerpt":{"rendered":"<p>The Nordica Family 4.5 wood-burning stove combines tradition and innovation. It features a large 41-liter oven and a thermal power of 7.5 kW, capable of heating up to 215 m\u00b3.<\/p>\n","protected":false},"featured_media":68502,"template":"","meta":{"_acf_changed":false},"product_brand":[4776],"product_cat":[4641],"product_tag":[1917],"class_list":{"0":"post-61646","1":"product","2":"type-product","3":"status-publish","4":"has-post-thumbnail","6":"product_brand-la-nordica-extraflame-en","7":"product_cat-wood-burning-cookers","8":"product_tag-wood-burning-cookers-la-nordica-extraflame","9":"product_shipping_class-cucine-a-legna-2","10":"pa_colore-black","11":"pa_colore-caramel","12":"pa_colore-white","13":"sales-flash-overlay","14":"woocommerce-text-align-center","15":"woocommerce-image-align-center","16":"do-quantity-buttons","18":"first","19":"instock","20":"taxable","21":"shipping-taxable","22":"purchasable","23":"product-type-variable"},"acf":[],"_links":{"self":[{"href":"https:\/\/www.fokussrl.com\/en\/wp-json\/wp\/v2\/product\/61646","targetHints":{"allow":["GET"]}}],"collection":[{"href":"https:\/\/www.fokussrl.com\/en\/wp-json\/wp\/v2\/product"}],"about":[{"href":"https:\/\/www.fokussrl.com\/en\/wp-json\/wp\/v2\/types\/product"}],"wp:featuredmedia":[{"embeddable":true,"href":"https:\/\/www.fokussrl.com\/en\/wp-json\/wp\/v2\/media\/68502"}],"wp:attachment":[{"href":"https:\/\/www.fokussrl.com\/en\/wp-json\/wp\/v2\/media?parent=61646"}],"wp:term":[{"taxonomy":"product_brand","embeddable":true,"href":"https:\/\/www.fokussrl.com\/en\/wp-json\/wp\/v2\/product_brand?post=61646"},{"taxonomy":"product_cat","embeddable":true,"href":"https:\/\/www.fokussrl.com\/en\/wp-json\/wp\/v2\/product_cat?post=61646"},{"taxonomy":"product_tag","embeddable":true,"href":"https:\/\/www.fokussrl.com\/en\/wp-json\/wp\/v2\/product_tag?post=61646"}],"curies":[{"name":"wp","href":"https:\/\/api.w.org\/{rel}","templated":true}]}}