{"id":34846,"date":"2024-06-16T00:46:44","date_gmt":"2024-06-15T22:46:44","guid":{"rendered":"http:\/\/fokussrl.com\/a-propos-de-nous\/"},"modified":"2025-02-01T11:26:46","modified_gmt":"2025-02-01T10:26:46","slug":"a-propos-de-nous","status":"publish","type":"page","link":"https:\/\/www.fokussrl.com\/fr\/a-propos-de-nous\/","title":{"rendered":"\u00c0 Propos de Nous"},"content":{"rendered":"\n<p>Fokus a \u00e9t\u00e9 fond\u00e9e en d\u00e9cembre 2006, gr\u00e2ce \u00e0 pr\u00e8s de 20 ans d\u2019exp\u00e9rience acquise par M. Nicola Ballarin en tant que vendeur, puis en tant que Directeur Commercial dans des showrooms majeurs d\u2019ameublement de salle de bain.<\/p>\n\n<p>Apr\u00e8s cette riche exp\u00e9rience, la d\u00e9cision a \u00e9t\u00e9 prise de cr\u00e9er une entreprise ind\u00e9pendante, sp\u00e9cialis\u00e9e dans le secteur du feu. Ce domaine, malgr\u00e9 les d\u00e9fis de l\u2019\u00e9poque, a apport\u00e9 de grandes satisfactions.<\/p>\n\n<p>Fokus s\u2019est distingu\u00e9e gr\u00e2ce \u00e0 son expertise technique et \u00e0 la collaboration avec des professionnels qualifi\u00e9s, devenant une r\u00e9f\u00e9rence pour ceux qui recherchent des solutions fiables et de qualit\u00e9.<\/p>\n\n<h2 class=\"gb-headline gb-headline-3b7b823f gb-headline-text\">Pourquoi Choisir Fokus<\/h2>\r\n\n<p>Chaque produit propos\u00e9 dans la boutique en ligne a \u00e9t\u00e9 soigneusement s\u00e9lectionn\u00e9, en tenant compte de l\u2019efficacit\u00e9, de la durabilit\u00e9 et du style.<\/p>\n\n<p>Notre objectif est de vous offrir non seulement des produits au meilleur rapport qualit\u00e9\/prix, mais aussi un soutien concret et des conseils pratiques pour vous aider \u00e0 choisir et \u00e0 installer ce qui convient le mieux \u00e0 vos besoins.<\/p>\n\n<p>Nous proposons un accompagnement personnalis\u00e9, des d\u00e9tails techniques clairs et des suggestions pratiques pour garantir une exp\u00e9rience d\u2019utilisation optimale.<\/p>\n\n<h2 class=\"gb-headline gb-headline-5f38f648 gb-headline-text\">Contactez-nous<\/h2>\n\n<p>Si vous avez des questions, si vous souhaitez un devis ou si vous avez besoin d\u2019un soutien pour choisir le produit qui vous convient le mieux, n\u2019h\u00e9sitez pas \u00e0 nous contacter.<\/p>\n\n<p>Nous serons ravis de vous accompagner \u00e0 chaque \u00e9tape, de la consultation initiale aux conseils pour une installation correcte.<\/p>\n","protected":false},"excerpt":{"rendered":"<p>Fokus a \u00e9t\u00e9 fond\u00e9e en d\u00e9cembre 2006, gr\u00e2ce \u00e0 pr\u00e8s de 20 ans d\u2019exp\u00e9rience acquise par M. Nicola Ballarin en tant que vendeur, puis en tant que Directeur Commercial dans des showrooms majeurs d\u2019ameublement de salle de bain. Apr\u00e8s cette riche exp\u00e9rience, la d\u00e9cision a \u00e9t\u00e9 prise de cr\u00e9er une entreprise ind\u00e9pendante, sp\u00e9cialis\u00e9e dans le &#8230; <a title=\"\u00c0 Propos de Nous\" class=\"read-more\" href=\"https:\/\/www.fokussrl.com\/fr\/a-propos-de-nous\/\" aria-label=\"En savoir plus sur \u00c0 Propos de Nous\">Lire la suite<\/a><\/p>\n","protected":false},"author":1,"featured_media":0,"parent":0,"menu_order":2,"comment_status":"closed","ping_status":"closed","template":"","meta":{"_acf_changed":false,"footnotes":""},"class_list":["post-34846","page","type-page","status-publish"],"acf":[],"_links":{"self":[{"href":"https:\/\/www.fokussrl.com\/fr\/wp-json\/wp\/v2\/pages\/34846","targetHints":{"allow":["GET"]}}],"collection":[{"href":"https:\/\/www.fokussrl.com\/fr\/wp-json\/wp\/v2\/pages"}],"about":[{"href":"https:\/\/www.fokussrl.com\/fr\/wp-json\/wp\/v2\/types\/page"}],"author":[{"embeddable":true,"href":"https:\/\/www.fokussrl.com\/fr\/wp-json\/wp\/v2\/users\/1"}],"replies":[{"embeddable":true,"href":"https:\/\/www.fokussrl.com\/fr\/wp-json\/wp\/v2\/comments?post=34846"}],"version-history":[{"count":0,"href":"https:\/\/www.fokussrl.com\/fr\/wp-json\/wp\/v2\/pages\/34846\/revisions"}],"wp:attachment":[{"href":"https:\/\/www.fokussrl.com\/fr\/wp-json\/wp\/v2\/media?parent=34846"}],"curies":[{"name":"wp","href":"https:\/\/api.w.org\/{rel}","templated":true}]}}