{"id":64889,"date":"2025-01-17T02:10:11","date_gmt":"2025-01-17T01:10:11","guid":{"rendered":"http:\/\/fokussrl.com\/methode-de-paiement\/"},"modified":"2025-05-02T21:33:50","modified_gmt":"2025-05-02T19:33:50","slug":"methode-de-paiement","status":"publish","type":"page","link":"https:\/\/www.fokussrl.com\/fr\/methode-de-paiement\/","title":{"rendered":"M\u00e9thode de paiement"},"content":{"rendered":"\n<p>Sur notre site, le paiement peut \u00eatre effectu\u00e9 uniquement par <strong>virement bancaire<\/strong>.<\/p>\n\n<ul class=\"wp-block-list\">\n<li><strong>Nom de la banque<\/strong>: Banca Adria Colli Euganei<\/li>\n\n\n\n<li><strong>Titulaire du compte<\/strong>: Fokus di Nicola Ballarin<\/li>\n\n\n\n<li><strong>IBAN<\/strong>: IT41Z0898263120000001005167<\/li>\n\n\n\n<li><strong>BIC\/SWIFT<\/strong>: CCRTIT2T97A<\/li>\n<\/ul>\n\n<h3 class=\"gb-headline gb-headline-35ebcd20 gb-headline-text\">R\u00e9f\u00e9rence du paiement<\/h3>\n\n<p>Veuillez indiquer le <strong>num\u00e9ro de commande<\/strong>, ainsi que le <strong>nom et pr\u00e9nom<\/strong> de la personne effectuant le paiement.<\/p>\n\n<p><strong>Exemple<\/strong>: Commande #524 Mario Rossi.<\/p>\n\n<h3 class=\"gb-headline gb-headline-d568b4ac gb-headline-text\">Politique de paiement<\/h3>\n\n<p>Le virement bancaire doit \u00eatre effectu\u00e9 dans un d\u00e9lai de <strong>3 jours ouvr\u00e9s<\/strong> \u00e0 compter de la date de commande. Afin d\u2019acc\u00e9l\u00e9rer le traitement, merci d\u2019envoyer une copie du justificatif de paiement \u00e0 :<\/p>\n\n<ul class=\"wp-block-list\">\n<li>Email: <a href=\"mailto:info@fokussrl.com\">info@fokussrl.com<\/a><\/li>\n\n\n\n<li>WhatsApp: <a href=\"https:\/\/wa.me\/+393518708933\" target=\"_blank\" rel=\"noreferrer noopener nofollow\">0039 351 870 8933<\/a><\/li>\n<\/ul>\n\n<p>D\u00e8s r\u00e9ception du paiement, votre <strong>commande sera trait\u00e9e et le produit exp\u00e9di\u00e9<\/strong>.<\/p>\n\n<p>Si le paiement n\u2019est pas effectu\u00e9 dans le d\u00e9lai imparti, la commande sera <strong>annul\u00e9e<\/strong>.<\/p>\n","protected":false},"excerpt":{"rendered":"<p>Sur notre site, le paiement peut \u00eatre effectu\u00e9 uniquement par virement bancaire. R\u00e9f\u00e9rence du paiement Veuillez indiquer le num\u00e9ro de commande, ainsi que le nom et pr\u00e9nom de la personne effectuant le paiement. Exemple: Commande #524 Mario Rossi. Politique de paiement Le virement bancaire doit \u00eatre effectu\u00e9 dans un d\u00e9lai de 3 jours ouvr\u00e9s \u00e0 &#8230; <a title=\"M\u00e9thode de paiement\" class=\"read-more\" href=\"https:\/\/www.fokussrl.com\/fr\/methode-de-paiement\/\" aria-label=\"En savoir plus sur M\u00e9thode de paiement\">Lire la suite<\/a><\/p>\n","protected":false},"author":1,"featured_media":0,"parent":0,"menu_order":52,"comment_status":"closed","ping_status":"closed","template":"","meta":{"_acf_changed":false,"footnotes":""},"class_list":["post-64889","page","type-page","status-publish"],"acf":[],"_links":{"self":[{"href":"https:\/\/www.fokussrl.com\/fr\/wp-json\/wp\/v2\/pages\/64889","targetHints":{"allow":["GET"]}}],"collection":[{"href":"https:\/\/www.fokussrl.com\/fr\/wp-json\/wp\/v2\/pages"}],"about":[{"href":"https:\/\/www.fokussrl.com\/fr\/wp-json\/wp\/v2\/types\/page"}],"author":[{"embeddable":true,"href":"https:\/\/www.fokussrl.com\/fr\/wp-json\/wp\/v2\/users\/1"}],"replies":[{"embeddable":true,"href":"https:\/\/www.fokussrl.com\/fr\/wp-json\/wp\/v2\/comments?post=64889"}],"version-history":[{"count":0,"href":"https:\/\/www.fokussrl.com\/fr\/wp-json\/wp\/v2\/pages\/64889\/revisions"}],"wp:attachment":[{"href":"https:\/\/www.fokussrl.com\/fr\/wp-json\/wp\/v2\/media?parent=64889"}],"curies":[{"name":"wp","href":"https:\/\/api.w.org\/{rel}","templated":true}]}}