{"id":64900,"date":"2024-07-06T23:13:58","date_gmt":"2024-07-06T21:13:58","guid":{"rendered":"http:\/\/fokussrl.com\/garantie\/"},"modified":"2025-02-01T23:21:04","modified_gmt":"2025-02-01T22:21:04","slug":"garantie","status":"publish","type":"page","link":"https:\/\/www.fokussrl.com\/fr\/garantie\/","title":{"rendered":"Garantie"},"content":{"rendered":"\n<p>Tous les articles vendus sur notre site sont couverts par la g<strong>arantie officielle du fabricant<\/strong>, dont les sp\u00e9cifications sont indiqu\u00e9es \u00e0 l\u2019int\u00e9rieur de l\u2019emballage ou sur l\u2019\u00e9tiquette du produit.<\/p>\n\n<p>Pour b\u00e9n\u00e9ficier de la garantie, le client doit conserver le <strong>ticket de caisse<\/strong> ou la <strong>facture<\/strong> re\u00e7us avec les produits achet\u00e9s.<\/p>\n","protected":false},"excerpt":{"rendered":"<p>Tous les articles vendus sur notre site sont couverts par la garantie officielle du fabricant, dont les sp\u00e9cifications sont indiqu\u00e9es \u00e0 l\u2019int\u00e9rieur de l\u2019emballage ou sur l\u2019\u00e9tiquette du produit. Pour b\u00e9n\u00e9ficier de la garantie, le client doit conserver le ticket de caisse ou la facture re\u00e7us avec les produits achet\u00e9s.<\/p>\n","protected":false},"author":1,"featured_media":0,"parent":0,"menu_order":53,"comment_status":"closed","ping_status":"closed","template":"","meta":{"_acf_changed":false,"footnotes":""},"class_list":["post-64900","page","type-page","status-publish"],"acf":[],"_links":{"self":[{"href":"https:\/\/www.fokussrl.com\/fr\/wp-json\/wp\/v2\/pages\/64900","targetHints":{"allow":["GET"]}}],"collection":[{"href":"https:\/\/www.fokussrl.com\/fr\/wp-json\/wp\/v2\/pages"}],"about":[{"href":"https:\/\/www.fokussrl.com\/fr\/wp-json\/wp\/v2\/types\/page"}],"author":[{"embeddable":true,"href":"https:\/\/www.fokussrl.com\/fr\/wp-json\/wp\/v2\/users\/1"}],"replies":[{"embeddable":true,"href":"https:\/\/www.fokussrl.com\/fr\/wp-json\/wp\/v2\/comments?post=64900"}],"version-history":[{"count":0,"href":"https:\/\/www.fokussrl.com\/fr\/wp-json\/wp\/v2\/pages\/64900\/revisions"}],"wp:attachment":[{"href":"https:\/\/www.fokussrl.com\/fr\/wp-json\/wp\/v2\/media?parent=64900"}],"curies":[{"name":"wp","href":"https:\/\/api.w.org\/{rel}","templated":true}]}}