{"id":64927,"date":"2024-07-06T23:10:19","date_gmt":"2024-07-06T21:10:19","guid":{"rendered":"http:\/\/fokussrl.com\/spedizioni\/"},"modified":"2025-02-05T00:52:12","modified_gmt":"2025-02-04T23:52:12","slug":"politique-de-livraison-et-d-expedition","status":"publish","type":"page","link":"https:\/\/www.fokussrl.com\/fr\/politique-de-livraison-et-d-expedition\/","title":{"rendered":"Politique de livraison et d&rsquo;exp\u00e9dition"},"content":{"rendered":"\n<p>Fokus assure la livraison des produits command\u00e9s en ligne \u00e0 l&rsquo;adresse sp\u00e9cifi\u00e9e lors de l&rsquo;achat, en collaboration avec des transporteurs qualifi\u00e9s. Ceux-ci incluent : <strong>Fercam et Italsarda<\/strong> pour les \u00eeles, <strong>D.B Group et Bianchi<\/strong> pour les exp\u00e9ditions en Europe et dans le reste du monde. Le transporteur contactera le client au num\u00e9ro de t\u00e9l\u00e9phone fourni lors de la commande pour convenir de la date et de l&rsquo;heure de la livraison.<\/p>\n\n\n\n<h3 class=\"gb-headline gb-headline-6bc1584d gb-headline-text\"><strong>D\u00e9lais de livraison<\/strong><\/h3>\n\n\n\n<ul class=\"wp-block-list\">\n<li><strong>Italie :<\/strong> 15-20 jours ouvr\u00e9s<\/li>\n\n\n\n<li><strong>Europe :<\/strong> 30-40 jours ouvr\u00e9s<\/li>\n<\/ul>\n\n\n\n<p>Les d\u00e9lais sont calcul\u00e9s \u00e0 partir du moment o\u00f9 le paiement est cr\u00e9dit\u00e9 sur notre compte bancaire en cas de paiement par virement bancaire.<\/p>\n\n\n\n<p>Pour les <strong>exp\u00e9ditions hors UE<\/strong>, vous pouvez nous contacter par e-mail \u00e0 l&rsquo;adresse <strong><a>info@fokussrl.com<\/a><\/strong> afin de recevoir des informations d\u00e9taill\u00e9es sur les d\u00e9lais de livraison et un devis personnalis\u00e9.<\/p>\n\n\n\n<h3 class=\"gb-headline gb-headline-2691dba6 gb-headline-text\"><strong>Modes de livraison<\/strong><\/h3>\n\n\n\n<p>Les livraisons sont effectu\u00e9es du <strong>lundi au vendredi<\/strong>, pendant les horaires de travail habituels.<br>Toutes les livraisons se font <strong>au rez-de-chauss\u00e9e<\/strong>.<\/p>\n\n\n\n<p>Fokus n&rsquo;est pas responsable des \u00e9ventuels retards de livraison du transporteur.<\/p>\n\n\n\n<h3 class=\"gb-headline gb-headline-c8591225 gb-headline-text\"><strong>V\u00e9rification des marchandises \u00e0 la livraison<\/strong><\/h3>\n\n\n\n<p>Lors de la livraison, le client doit v\u00e9rifier que :<\/p>\n\n\n\n<ul class=\"wp-block-list\">\n<li>Le nombre de colis correspond \u00e0 celui indiqu\u00e9 sur le bon de transport (D.D.T.).<\/li>\n\n\n\n<li>L&#8217;emballage est intact et ne pr\u00e9sente aucun dommage ni signe de manipulation.<\/li>\n<\/ul>\n\n\n\n<p>Si la marchandise est endommag\u00e9e, le client doit :<\/p>\n\n\n\n<ol class=\"wp-block-list\">\n<li>Signaler imm\u00e9diatement le dommage au transporteur, de pr\u00e9f\u00e9rence en refusant la marchandise.<\/li>\n\n\n\n<li>Alternativement, accepter le colis avec <strong>\u00ab\u00a0R\u00e9ception avec r\u00e9serve\u00a0\u00bb<\/strong>, en l&rsquo;indiquant sur le bon de transport et en le signalant rapidement \u00e0 <strong><a>info@fokussrl.com<\/a><\/strong>.<\/li>\n<\/ol>\n\n\n\n<h3 class=\"gb-headline gb-headline-735efe6a gb-headline-text\" id=\"frais-de-livraison\"><strong>Frais de livraison<\/strong><\/h3>\n\n\n\n<p>Les frais de livraison sont calcul\u00e9s automatiquement dans le panier au moment de l&rsquo;achat et ajout\u00e9s au montant total de la commande.<\/p>\n\n\n\n<p>Un r\u00e9capitulatif des frais de livraison par cat\u00e9gorie de produit est disponible dans le tableau suivant.<\/p>\n\n\n\n<figure class=\"wp-block-table is-style-regular\"><table class=\"has-fixed-layout\"><thead><tr><th>Categoria<\/th><th class=\"has-text-align-center\" data-align=\"center\">Italia Standard<\/th><th class=\"has-text-align-center\" data-align=\"center\">Sicilia, Sardegna e Calabria<\/th><th class=\"has-text-align-center\" data-align=\"center\">Svizzera + Zona UE * (vedi sotto)<\/th><th class=\"has-text-align-center\" data-align=\"center\">Regno Unito<\/th><th>Resto del mondo<\/th><\/tr><\/thead><tbody><tr><td>Accessoires<\/td><td class=\"has-text-align-center\" data-align=\"center\">49\u20ac<\/td><td class=\"has-text-align-center\" data-align=\"center\">99\u20ac<\/td><td class=\"has-text-align-center\" data-align=\"center\">99\u20ac<\/td><td class=\"has-text-align-center\" data-align=\"center\">199\u20ac<\/td><td>Sur demande<\/td><\/tr><tr><td>Barbecues \u00e0 Gaz<\/td><td class=\"has-text-align-center\" data-align=\"center\">99\u20ac<\/td><td class=\"has-text-align-center\" data-align=\"center\">146\u20ac<\/td><td class=\"has-text-align-center\" data-align=\"center\">199\u20ac<\/td><td class=\"has-text-align-center\" data-align=\"center\">299\u20ac<\/td><td>Sur demande<\/td><\/tr><tr><td>Barbecues au Bois<\/td><td class=\"has-text-align-center\" data-align=\"center\">196\u20ac<\/td><td class=\"has-text-align-center\" data-align=\"center\">246\u20ac<\/td><td class=\"has-text-align-center\" data-align=\"center\">299\u20ac<\/td><td class=\"has-text-align-center\" data-align=\"center\">399\u20ac<\/td><td>Sur demande<\/td><\/tr><tr><td>Barbecues \u00e0 Granul\u00e9s<\/td><td class=\"has-text-align-center\" data-align=\"center\">99\u20ac<\/td><td class=\"has-text-align-center\" data-align=\"center\">146\u20ac<\/td><td class=\"has-text-align-center\" data-align=\"center\">199\u20ac<\/td><td class=\"has-text-align-center\" data-align=\"center\">299\u20ac<\/td><td>Sur demande<\/td><\/tr><tr><td>Chaudi\u00e8res \u00e0 gaz<\/td><td class=\"has-text-align-center\" data-align=\"center\">99\u20ac<\/td><td class=\"has-text-align-center\" data-align=\"center\">146\u20ac<\/td><td class=\"has-text-align-center\" data-align=\"center\">199\u20ac<\/td><td class=\"has-text-align-center\" data-align=\"center\">299\u20ac<\/td><td>Sur demande<\/td><\/tr><tr><td>Chaudi\u00e8res au Bois<\/td><td class=\"has-text-align-center\" data-align=\"center\">298\u20ac<\/td><td class=\"has-text-align-center\" data-align=\"center\">348\u20ac<\/td><td class=\"has-text-align-center\" data-align=\"center\">399\u20ac<\/td><td class=\"has-text-align-center\" data-align=\"center\">499\u20ac<\/td><td>Sur demande<\/td><\/tr><tr><td>Chaudi\u00e8res \u00e0 Granul\u00e9s<\/td><td class=\"has-text-align-center\" data-align=\"center\">298\u20ac<\/td><td class=\"has-text-align-center\" data-align=\"center\">348\u20ac<\/td><td class=\"has-text-align-center\" data-align=\"center\">399\u20ac<\/td><td class=\"has-text-align-center\" data-align=\"center\">499\u20ac<\/td><td>Sur demande<\/td><\/tr><tr><td>Chaudi\u00e8res Multicombustibles<\/td><td class=\"has-text-align-center\" data-align=\"center\">489\u20ac<\/td><td class=\"has-text-align-center\" data-align=\"center\">549\u20ac<\/td><td class=\"has-text-align-center\" data-align=\"center\">599\u20ac<\/td><td class=\"has-text-align-center\" data-align=\"center\">699\u20ac<\/td><td>Sur demande<\/td><\/tr><tr><td>Chemin\u00e9es \u00e0 Bio\u00e9thanol<\/td><td class=\"has-text-align-center\" data-align=\"center\">99\u20ac<\/td><td class=\"has-text-align-center\" data-align=\"center\">146\u20ac<\/td><td class=\"has-text-align-center\" data-align=\"center\">199\u20ac<\/td><td class=\"has-text-align-center\" data-align=\"center\">299\u20ac<\/td><td>Sur demande<\/td><\/tr><tr><td>Chemin\u00e9es \u00e0 Gaz<\/td><td class=\"has-text-align-center\" data-align=\"center\">196\u20ac<\/td><td class=\"has-text-align-center\" data-align=\"center\">246\u20ac<\/td><td class=\"has-text-align-center\" data-align=\"center\">299\u20ac<\/td><td class=\"has-text-align-center\" data-align=\"center\">399\u20ac<\/td><td>Sur demande<\/td><\/tr><tr><td>Chemin\u00e9es \u00e0 Granul\u00e9s<\/td><td class=\"has-text-align-center\" data-align=\"center\">196\u20ac<\/td><td class=\"has-text-align-center\" data-align=\"center\">246\u20ac<\/td><td class=\"has-text-align-center\" data-align=\"center\">299\u20ac<\/td><td class=\"has-text-align-center\" data-align=\"center\">399\u20ac<\/td><td>Sur demande<\/td><\/tr><tr><td>Chemin\u00e9es Design<\/td><td class=\"has-text-align-center\" data-align=\"center\">298\u20ac<\/td><td class=\"has-text-align-center\" data-align=\"center\">348\u20ac<\/td><td class=\"has-text-align-center\" data-align=\"center\">399\u20ac<\/td><td class=\"has-text-align-center\" data-align=\"center\">499\u20ac<\/td><td>Sur demande<\/td><\/tr><tr><td>Chemin\u00e9es \u00e9lectriques<\/td><td class=\"has-text-align-center\" data-align=\"center\">99\u20ac<\/td><td class=\"has-text-align-center\" data-align=\"center\">146\u20ac<\/td><td class=\"has-text-align-center\" data-align=\"center\">199\u20ac<\/td><td class=\"has-text-align-center\" data-align=\"center\"><\/td><td>Sur demande<\/td><\/tr><tr><td>Chemin\u00e9es au Bois et \u00e0 Granul\u00e9s<\/td><td class=\"has-text-align-center\" data-align=\"center\">298\u20ac<\/td><td class=\"has-text-align-center\" data-align=\"center\">348\u20ac<\/td><td class=\"has-text-align-center\" data-align=\"center\">399\u20ac<\/td><td class=\"has-text-align-center\" data-align=\"center\">499\u20ac<\/td><td>Sur demande<\/td><\/tr><tr><td>Chemin\u00e9es au Bois<\/td><td class=\"has-text-align-center\" data-align=\"center\">298\u20ac<\/td><td class=\"has-text-align-center\" data-align=\"center\">348\u20ac<\/td><td class=\"has-text-align-center\" data-align=\"center\">399\u20ac<\/td><td class=\"has-text-align-center\" data-align=\"center\">499\u20ac<\/td><td>Sur demande<\/td><\/tr><tr><td>Cuisini\u00e8res au Bois<\/td><td class=\"has-text-align-center\" data-align=\"center\">298\u20ac<\/td><td class=\"has-text-align-center\" data-align=\"center\">348\u20ac<\/td><td class=\"has-text-align-center\" data-align=\"center\">399\u20ac<\/td><td class=\"has-text-align-center\" data-align=\"center\">499\u20ac<\/td><td>Sur demande<\/td><\/tr><tr><td>Cuisini\u00e8res \u00e0 Granul\u00e9s<\/td><td class=\"has-text-align-center\" data-align=\"center\">196\u20ac<\/td><td class=\"has-text-align-center\" data-align=\"center\">246\u20ac<\/td><td class=\"has-text-align-center\" data-align=\"center\">299\u20ac<\/td><td class=\"has-text-align-center\" data-align=\"center\">399\u20ac<\/td><td>Sur demande<\/td><\/tr><tr><td>Inserts \u00e0 Gaz<\/td><td class=\"has-text-align-center\" data-align=\"center\">99\u20ac<\/td><td class=\"has-text-align-center\" data-align=\"center\">146\u20ac<\/td><td class=\"has-text-align-center\" data-align=\"center\">199\u20ac<\/td><td class=\"has-text-align-center\" data-align=\"center\">299\u20ac<\/td><td>Sur demande<\/td><\/tr><tr><td>Inserts au Bois<\/td><td class=\"has-text-align-center\" data-align=\"center\">99\u20ac<\/td><td class=\"has-text-align-center\" data-align=\"center\">146\u20ac<\/td><td class=\"has-text-align-center\" data-align=\"center\">199\u20ac<\/td><td class=\"has-text-align-center\" data-align=\"center\">299\u20ac<\/td><td>Sur demande<\/td><\/tr><tr><td>Inserts \u00e0 Granul\u00e9s<\/td><td class=\"has-text-align-center\" data-align=\"center\">99\u20ac<\/td><td class=\"has-text-align-center\" data-align=\"center\">146\u20ac<\/td><td class=\"has-text-align-center\" data-align=\"center\">199\u20ac<\/td><td class=\"has-text-align-center\" data-align=\"center\">299\u20ac<\/td><td>Sur demande<\/td><\/tr><tr><td>Monoblocs au Bois<\/td><td class=\"has-text-align-center\" data-align=\"center\">196\u20ac<\/td><td class=\"has-text-align-center\" data-align=\"center\">246\u20ac<\/td><td class=\"has-text-align-center\" data-align=\"center\">299\u20ac<\/td><td class=\"has-text-align-center\" data-align=\"center\">399\u20ac<\/td><td>Sur demande<\/td><\/tr><tr><td>Chauffages d\u2019ext\u00e9rieur<\/td><td class=\"has-text-align-center\" data-align=\"center\">99\u20ac<\/td><td class=\"has-text-align-center\" data-align=\"center\">146\u20ac<\/td><td class=\"has-text-align-center\" data-align=\"center\">199\u20ac<\/td><td class=\"has-text-align-center\" data-align=\"center\">299\u20ac<\/td><td>Sur demande<\/td><\/tr><tr><td>Po\u00eales \u00e0 Bio\u00e9thanol<\/td><td class=\"has-text-align-center\" data-align=\"center\">99\u20ac<\/td><td class=\"has-text-align-center\" data-align=\"center\">146\u20ac<\/td><td class=\"has-text-align-center\" data-align=\"center\">199\u20ac<\/td><td class=\"has-text-align-center\" data-align=\"center\">299\u20ac<\/td><td>Sur demande<\/td><\/tr><tr><td>Po\u00eales \u00e0 Gaz<\/td><td class=\"has-text-align-center\" data-align=\"center\">99\u20ac<\/td><td class=\"has-text-align-center\" data-align=\"center\">146\u20ac<\/td><td class=\"has-text-align-center\" data-align=\"center\">199\u20ac<\/td><td class=\"has-text-align-center\" data-align=\"center\">299\u20ac<\/td><td>Sur demande<\/td><\/tr><tr><td>Po\u00eales au Bois<\/td><td class=\"has-text-align-center\" data-align=\"center\">196\u20ac<\/td><td class=\"has-text-align-center\" data-align=\"center\">246\u20ac<\/td><td class=\"has-text-align-center\" data-align=\"center\">299\u20ac<\/td><td class=\"has-text-align-center\" data-align=\"center\">399\u20ac<\/td><td>Sur demande<\/td><\/tr><tr><td>Po\u00eales au Bois Ventil\u00e9s<\/td><td class=\"has-text-align-center\" data-align=\"center\">196\u20ac<\/td><td class=\"has-text-align-center\" data-align=\"center\">246\u20ac<\/td><td class=\"has-text-align-center\" data-align=\"center\">299\u20ac<\/td><td class=\"has-text-align-center\" data-align=\"center\">399\u20ac<\/td><td>Sur demande<\/td><\/tr><tr><td>Po\u00eales au Bois avec Four<\/td><td class=\"has-text-align-center\" data-align=\"center\">196\u20ac<\/td><td class=\"has-text-align-center\" data-align=\"center\">246\u20ac<\/td><td class=\"has-text-align-center\" data-align=\"center\">299\u20ac<\/td><td class=\"has-text-align-center\" data-align=\"center\">399\u20ac<\/td><td>Sur demande<\/td><\/tr><tr><td>Po\u00eales \u00e0 Granul\u00e9s<\/td><td class=\"has-text-align-center\" data-align=\"center\">196\u20ac<\/td><td class=\"has-text-align-center\" data-align=\"center\">246\u20ac<\/td><td class=\"has-text-align-center\" data-align=\"center\">299\u20ac<\/td><td class=\"has-text-align-center\" data-align=\"center\">399\u20ac<\/td><td>Sur demande<\/td><\/tr><tr><td>Po\u00eales \u00e0 Granul\u00e9s Ventil\u00e9s<\/td><td class=\"has-text-align-center\" data-align=\"center\">196\u20ac<\/td><td class=\"has-text-align-center\" data-align=\"center\">246\u20ac<\/td><td class=\"has-text-align-center\" data-align=\"center\">299\u20ac<\/td><td class=\"has-text-align-center\" data-align=\"center\">399\u20ac<\/td><td>Sur demande<\/td><\/tr><tr><td>Po\u00eales \u00e0 Granul\u00e9s Herm\u00e9tiques<\/td><td class=\"has-text-align-center\" data-align=\"center\">196\u20ac<\/td><td class=\"has-text-align-center\" data-align=\"center\">246\u20ac<\/td><td class=\"has-text-align-center\" data-align=\"center\">299\u20ac<\/td><td class=\"has-text-align-center\" data-align=\"center\">399\u20ac<\/td><td>Sur demande<\/td><\/tr><tr><td>Po\u00eales \u00e0 Granul\u00e9s Sans \u00c9lectricit\u00e9<\/td><td class=\"has-text-align-center\" data-align=\"center\">196\u20ac<\/td><td class=\"has-text-align-center\" data-align=\"center\">246\u20ac<\/td><td class=\"has-text-align-center\" data-align=\"center\">299\u20ac<\/td><td class=\"has-text-align-center\" data-align=\"center\">399\u20ac<\/td><td>Sur demande<\/td><\/tr><tr><td>Po\u00eales \u00e9lectriques<\/td><td class=\"has-text-align-center\" data-align=\"center\">99\u20ac<\/td><td class=\"has-text-align-center\" data-align=\"center\">146\u20ac<\/td><td class=\"has-text-align-center\" data-align=\"center\">199\u20ac<\/td><td class=\"has-text-align-center\" data-align=\"center\">299\u20ac<\/td><td>Sur demande<\/td><\/tr><tr><td>Po\u00eales Combin\u00e9s Bois\/Granul\u00e9s<\/td><td class=\"has-text-align-center\" data-align=\"center\">196\u20ac<\/td><td class=\"has-text-align-center\" data-align=\"center\">246\u20ac<\/td><td class=\"has-text-align-center\" data-align=\"center\">299\u20ac<\/td><td class=\"has-text-align-center\" data-align=\"center\">399\u20ac<\/td><td>Sur demande<\/td><\/tr><tr><td>Chemin\u00e9es Hydro au Bois<\/td><td class=\"has-text-align-center\" data-align=\"center\">298\u20ac<\/td><td class=\"has-text-align-center\" data-align=\"center\">348\u20ac<\/td><td class=\"has-text-align-center\" data-align=\"center\">399\u20ac<\/td><td class=\"has-text-align-center\" data-align=\"center\">499\u20ac<\/td><td>Sur demande<\/td><\/tr><tr><td>Chemin\u00e9es Hydro \u00e0 Granul\u00e9s<\/td><td class=\"has-text-align-center\" data-align=\"center\">298\u20ac<\/td><td class=\"has-text-align-center\" data-align=\"center\">348\u20ac<\/td><td class=\"has-text-align-center\" data-align=\"center\">399\u20ac<\/td><td class=\"has-text-align-center\" data-align=\"center\">499\u20ac<\/td><td>Sur demande<\/td><\/tr><tr><td>Chemin\u00e9es Hydro au Bois et \u00e0 Granul\u00e9s<\/td><td class=\"has-text-align-center\" data-align=\"center\">298\u20ac<\/td><td class=\"has-text-align-center\" data-align=\"center\">348\u20ac<\/td><td class=\"has-text-align-center\" data-align=\"center\">399\u20ac<\/td><td class=\"has-text-align-center\" data-align=\"center\">499\u20ac<\/td><td>Sur demande<\/td><\/tr><tr><td>Cuisini\u00e8res Hydro au Bois<\/td><td class=\"has-text-align-center\" data-align=\"center\">298\u20ac<\/td><td class=\"has-text-align-center\" data-align=\"center\">348\u20ac<\/td><td class=\"has-text-align-center\" data-align=\"center\">399\u20ac<\/td><td class=\"has-text-align-center\" data-align=\"center\">499\u20ac<\/td><td>Sur demande<\/td><\/tr><tr><td>Cuisini\u00e8res Hydro \u00e0 Granul\u00e9s<\/td><td class=\"has-text-align-center\" data-align=\"center\">298\u20ac<\/td><td class=\"has-text-align-center\" data-align=\"center\">348\u20ac<\/td><td class=\"has-text-align-center\" data-align=\"center\">399\u20ac<\/td><td class=\"has-text-align-center\" data-align=\"center\">499\u20ac<\/td><td>Sur demande<\/td><\/tr><tr><td>Po\u00eales Hydro au Bois<\/td><td class=\"has-text-align-center\" data-align=\"center\">196\u20ac<\/td><td class=\"has-text-align-center\" data-align=\"center\">246\u20ac<\/td><td class=\"has-text-align-center\" data-align=\"center\">299\u20ac<\/td><td class=\"has-text-align-center\" data-align=\"center\">399\u20ac<\/td><td>Sur demande<\/td><\/tr><tr><td>Po\u00eales Hydro \u00e0 Granul\u00e9s<\/td><td class=\"has-text-align-center\" data-align=\"center\">196\u20ac<\/td><td class=\"has-text-align-center\" data-align=\"center\">246\u20ac<\/td><td class=\"has-text-align-center\" data-align=\"center\">299\u20ac<\/td><td class=\"has-text-align-center\" data-align=\"center\">399\u20ac<\/td><td>Sur demande<\/td><\/tr><tr><td>Po\u00eales Hydro au Bois et \u00e0 Granul\u00e9s<\/td><td class=\"has-text-align-center\" data-align=\"center\">196\u20ac<\/td><td class=\"has-text-align-center\" data-align=\"center\">246\u20ac<\/td><td class=\"has-text-align-center\" data-align=\"center\">299\u20ac<\/td><td class=\"has-text-align-center\" data-align=\"center\">399\u20ac<\/td><td>Sur demande<\/td><\/tr><tr><td>Po\u00eales Hydro Multicombustibles<\/td><td class=\"has-text-align-center\" data-align=\"center\">196\u20ac<\/td><td class=\"has-text-align-center\" data-align=\"center\">246\u20ac<\/td><td class=\"has-text-align-center\" data-align=\"center\">299\u20ac<\/td><td class=\"has-text-align-center\" data-align=\"center\">399\u20ac<\/td><td>Sur demande<\/td><\/tr><\/tbody><\/table><\/figure>\n\n\n\n<p>* Autriche, Belgique, Bulgarie, Chypre, Croatie, Danemark, Estonie, Finlande, France, Allemagne, Gr\u00e8ce, Irlande, Lettonie, Lituanie, Luxembourg, Malte, Pays-Bas, Pologne, Portugal, R\u00e9publique tch\u00e8que, Roumanie, Slovaquie, Slov\u00e9nie, Espagne, Su\u00e8de, Suisse, Hongrie.<\/p>\n","protected":false},"excerpt":{"rendered":"<p>Fokus assure la livraison des produits command\u00e9s en ligne \u00e0 l&rsquo;adresse sp\u00e9cifi\u00e9e lors de l&rsquo;achat, en collaboration avec des transporteurs qualifi\u00e9s. Ceux-ci incluent : Fercam et Italsarda pour les \u00eeles, D.B Group et Bianchi pour les exp\u00e9ditions en Europe et dans le reste du monde. Le transporteur contactera le client au num\u00e9ro de t\u00e9l\u00e9phone fourni &#8230; <a title=\"Politique de livraison et d&rsquo;exp\u00e9dition\" class=\"read-more\" href=\"https:\/\/www.fokussrl.com\/fr\/politique-de-livraison-et-d-expedition\/\" aria-label=\"En savoir plus sur Politique de livraison et d&rsquo;exp\u00e9dition\">Lire la suite<\/a><\/p>\n","protected":false},"author":1,"featured_media":0,"parent":0,"menu_order":51,"comment_status":"closed","ping_status":"closed","template":"","meta":{"_acf_changed":false,"footnotes":""},"class_list":["post-64927","page","type-page","status-publish"],"acf":[],"_links":{"self":[{"href":"https:\/\/www.fokussrl.com\/fr\/wp-json\/wp\/v2\/pages\/64927","targetHints":{"allow":["GET"]}}],"collection":[{"href":"https:\/\/www.fokussrl.com\/fr\/wp-json\/wp\/v2\/pages"}],"about":[{"href":"https:\/\/www.fokussrl.com\/fr\/wp-json\/wp\/v2\/types\/page"}],"author":[{"embeddable":true,"href":"https:\/\/www.fokussrl.com\/fr\/wp-json\/wp\/v2\/users\/1"}],"replies":[{"embeddable":true,"href":"https:\/\/www.fokussrl.com\/fr\/wp-json\/wp\/v2\/comments?post=64927"}],"version-history":[{"count":0,"href":"https:\/\/www.fokussrl.com\/fr\/wp-json\/wp\/v2\/pages\/64927\/revisions"}],"wp:attachment":[{"href":"https:\/\/www.fokussrl.com\/fr\/wp-json\/wp\/v2\/media?parent=64927"}],"curies":[{"name":"wp","href":"https:\/\/api.w.org\/{rel}","templated":true}]}}