{"id":65195,"date":"2024-07-07T00:35:55","date_gmt":"2024-07-06T22:35:55","guid":{"rendered":"https:\/\/www.fokussrl.com\/?page_id=65195"},"modified":"2025-02-05T01:42:34","modified_gmt":"2025-02-05T00:42:34","slug":"cookies-policy","status":"publish","type":"page","link":"https:\/\/www.fokussrl.com\/fr\/cookies-policy\/","title":{"rendered":"Cookies policy"},"content":{"rendered":"\n<p>Date d&rsquo;entr\u00e9e en vigueur : 02-f\u00e9v-2025<br>Derni\u00e8re mise \u00e0 jour : 02-f\u00e9v-2025<\/p>\n\n\n\n<h2 class=\"gb-headline gb-headline-b5bf492c gb-headline-text\">Qu&rsquo;est-ce que les cookies ?<\/h2>\n\n\n\n<p>Cette politique de cookies explique ce que sont les cookies, comment nous les utilisons, les types de cookies que nous utilisons, les informations que nous collectons gr\u00e2ce aux cookies et leur utilisation, ainsi que la mani\u00e8re de g\u00e9rer les param\u00e8tres des cookies.<\/p>\n\n\n\n<p>Les cookies sont de petits fichiers texte utilis\u00e9s pour stocker de petites quantit\u00e9s d\u2019informations. Ils sont enregistr\u00e9s sur votre appareil lorsque le site web est charg\u00e9 dans votre navigateur. Ces cookies nous aident \u00e0 assurer le bon fonctionnement du site, \u00e0 le s\u00e9curiser, \u00e0 am\u00e9liorer l\u2019exp\u00e9rience utilisateur et \u00e0 comprendre les performances du site, en analysant ce qui fonctionne et ce qui doit \u00eatre am\u00e9lior\u00e9.<\/p>\n\n\n\n<h2 class=\"gb-headline gb-headline-4c79d5b9 gb-headline-text\">Comment utilisons-nous les cookies ?<\/h2>\n\n\n\n<p>Comme la plupart des services en ligne, notre site utilise des cookies de premi\u00e8re et de tierce partie pour diverses raisons. Les cookies de premi\u00e8re partie sont essentiels au bon fonctionnement du site et ne collectent aucune donn\u00e9e personnelle identifiable.<\/p>\n\n\n\n<p>Les cookies tiers utilis\u00e9s sur notre site servent principalement \u00e0 comprendre les performances du site, la mani\u00e8re dont vous interagissez avec celui-ci, \u00e0 s\u00e9curiser nos services, \u00e0 vous proposer des publicit\u00e9s pertinentes et, en g\u00e9n\u00e9ral, \u00e0 am\u00e9liorer votre exp\u00e9rience utilisateur en acc\u00e9l\u00e9rant vos interactions futures avec le site.<\/p>\n\n\n\n<h2 class=\"gb-headline gb-headline-4b5ec801 gb-headline-text\">Types de cookies que nous utilisons<\/h2>\n<div class=\"cky-audit-table-element\"><\/div>\n\n\n\n<p><h2 class=\"gb-headline gb-headline-4b5ec801 gb-headline-text\">G\u00e9rer les pr\u00e9f\u00e9rences en mati\u00e8re de cookies<\/h2>\n <a class=\"cky-banner-element\">Param\u00e8tres des cookies<\/a>\n<p>Vous pouvez modifier vos pr\u00e9f\u00e9rences en mati\u00e8re de cookies \u00e0 tout moment en cliquant sur le bouton ci-dessus. Cela vous permettra de revoir la banni\u00e8re de consentement aux cookies et de modifier vos pr\u00e9f\u00e9rences ou de retirer votre consentement imm\u00e9diatement.<\/p><\/p>\n\n\n\n<p>De plus, diff\u00e9rents navigateurs proposent diff\u00e9rentes m\u00e9thodes pour bloquer et supprimer les cookies utilis\u00e9s par les sites web. Vous pouvez modifier les param\u00e8tres de votre navigateur pour bloquer\/supprimer les cookies. Ci-dessous, vous trouverez les liens vers la documentation de support expliquant comment g\u00e9rer et supprimer les cookies sur les principaux navigateurs web.<\/p>\n\n\n\n<p>Chrome : <a href=\"https:\/\/support.google.com\/accounts\/answer\/32050\" rel=\"nofollow noopener\" target=\"_blank\">https:\/\/support.google.com\/accounts\/answer\/32050<\/a><br>Safari : <a href=\"https:\/\/support.apple.com\/en-in\/guide\/safari\/sfri11471\/mac\" rel=\"nofollow noopener\" target=\"_blank\">https:\/\/support.apple.com\/en-in\/guide\/safari\/sfri11471\/mac<\/a><br>Firefox : <a href=\"https:\/\/support.mozilla.org\/fr\/kb\/effacer-cookies-donnees-site-firefox\" rel=\"nofollow noopener\" target=\"_blank\">https:\/\/support.mozilla.org\/fr\/kb\/effacer-cookies-donnees-site-firefox<\/a><br>Internet Explorer : <a href=\"https:\/\/support.microsoft.com\/fr-fr\/topic\/supprimer-les-fichiers-de-cookies-dans-internet-explorer-bca9446f-d873-78de-77ba-d42645fa52fc\" rel=\"nofollow noopener\" target=\"_blank\">https:\/\/support.microsoft.com\/fr-fr\/topic\/supprimer-les-fichiers-de-cookies-dans-internet-explorer-bca9446f-d873-78de-77ba-d42645fa52fc<\/a><\/p>\n\n\n\n<p>Si vous utilisez un autre navigateur web, nous vous invitons \u00e0 consulter la documentation officielle d\u2019assistance de votre navigateur.<\/p>\n","protected":false},"excerpt":{"rendered":"<p>Date d&rsquo;entr\u00e9e en vigueur : 02-f\u00e9v-2025Derni\u00e8re mise \u00e0 jour : 02-f\u00e9v-2025 Qu&rsquo;est-ce que les cookies ? Cette politique de cookies explique ce que sont les cookies, comment nous les utilisons, les types de cookies que nous utilisons, les informations que nous collectons gr\u00e2ce aux cookies et leur utilisation, ainsi que la mani\u00e8re de g\u00e9rer les &#8230; <a title=\"Cookies policy\" class=\"read-more\" href=\"https:\/\/www.fokussrl.com\/fr\/cookies-policy\/\" aria-label=\"En savoir plus sur Cookies policy\">Lire la suite<\/a><\/p>\n","protected":false},"author":1,"featured_media":0,"parent":0,"menu_order":502,"comment_status":"closed","ping_status":"closed","template":"","meta":{"_acf_changed":false,"footnotes":""},"class_list":["post-65195","page","type-page","status-publish"],"acf":[],"_links":{"self":[{"href":"https:\/\/www.fokussrl.com\/fr\/wp-json\/wp\/v2\/pages\/65195","targetHints":{"allow":["GET"]}}],"collection":[{"href":"https:\/\/www.fokussrl.com\/fr\/wp-json\/wp\/v2\/pages"}],"about":[{"href":"https:\/\/www.fokussrl.com\/fr\/wp-json\/wp\/v2\/types\/page"}],"author":[{"embeddable":true,"href":"https:\/\/www.fokussrl.com\/fr\/wp-json\/wp\/v2\/users\/1"}],"replies":[{"embeddable":true,"href":"https:\/\/www.fokussrl.com\/fr\/wp-json\/wp\/v2\/comments?post=65195"}],"version-history":[{"count":0,"href":"https:\/\/www.fokussrl.com\/fr\/wp-json\/wp\/v2\/pages\/65195\/revisions"}],"wp:attachment":[{"href":"https:\/\/www.fokussrl.com\/fr\/wp-json\/wp\/v2\/media?parent=65195"}],"curies":[{"name":"wp","href":"https:\/\/api.w.org\/{rel}","templated":true}]}}