{"id":65208,"date":"2024-07-07T00:35:36","date_gmt":"2024-07-06T22:35:36","guid":{"rendered":"https:\/\/www.fokussrl.com\/?page_id=65208"},"modified":"2025-02-05T01:54:54","modified_gmt":"2025-02-05T00:54:54","slug":"privacy-policy","status":"publish","type":"page","link":"https:\/\/www.fokussrl.com\/fr\/privacy-policy\/","title":{"rendered":"Privacy Policy"},"content":{"rendered":"\n<p>Derni\u00e8re mise \u00e0 jour : 05-F\u00e9v-2025<br>Date d&rsquo;entr\u00e9e en vigueur : 05-F\u00e9v-2025<\/p>\n\n\n\n<p>Cette Politique de Confidentialit\u00e9 d\u00e9crit les politiques de Fokus di Ballarin Nicola, via Arzeron, nr. 13, Adria (RO) 45011, Italie, email : info@fokussrl.com, t\u00e9l\u00e9phone : 0426 21544, concernant la collecte, l&rsquo;utilisation et la divulgation de vos informations que nous collectons lorsque vous utilisez notre site Web ( https:\/\/www.fokussrl.com ) (le \u00ab\u00a0Service\u00a0\u00bb). En acc\u00e9dant ou en utilisant le Service, vous consentez \u00e0 la collecte, \u00e0 l&rsquo;utilisation et \u00e0 la divulgation de vos informations conform\u00e9ment \u00e0 cette Politique de Confidentialit\u00e9. Si vous n&rsquo;y consentez pas, veuillez ne pas acc\u00e9der ni utiliser le Service.<\/p>\n\n\n\n<p>Nous pouvons modifier cette Politique de Confidentialit\u00e9 \u00e0 tout moment sans pr\u00e9avis. La version r\u00e9vis\u00e9e sera publi\u00e9e sur le Service et entrera en vigueur 180 jours apr\u00e8s sa publication. Votre acc\u00e8s ou utilisation continue du Service apr\u00e8s cette date constituera votre acceptation de la nouvelle Politique de Confidentialit\u00e9. Nous vous recommandons donc de consulter cette page r\u00e9guli\u00e8rement.<\/p>\n\n\n\n<h2>Informations que nous collectons :<\/h2>\n\n\n\n<p>Nous collecterons et traiterons les informations personnelles suivantes :<\/p>\n\n\n\n<ul class=\"wp-block-list\">\n<li>Nom<\/li>\n<li>Email<\/li>\n<li>T\u00e9l\u00e9phone portable<\/li>\n<li>Num\u00e9ro de t\u00e9l\u00e9phone<\/li>\n<li>Adresse<\/li>\n<\/ul>\n\n\n\n<h2>Comment nous collectons vos informations :<\/h2>\n\n\n\n<p>Nous collectons\/recevons vos informations de la mani\u00e8re suivante :<\/p>\n\n\n\n<ul class=\"wp-block-list\">\n<li>Lorsque vous remplissez le formulaire d&rsquo;inscription ou fournissez autrement des informations personnelles<\/li>\n<li>Lorsque vous interagissez avec le site Web<\/li>\n<\/ul>\n\n\n\n<h2>Comment nous utilisons vos informations :<\/h2>\n\n\n\n<p>Nous utiliserons les informations collect\u00e9es \u00e0 votre sujet aux fins suivantes :<\/p>\n\n\n\n<ul class=\"wp-block-list\">\n<li>Cr\u00e9ation et gestion de compte utilisateur<\/li>\n<li>Gestion des commandes des clients<\/li>\n<\/ul>\n\n\n\n<p>Si nous souhaitons utiliser vos informations \u00e0 d&rsquo;autres fins, nous vous demanderons votre consentement et les utiliserons uniquement apr\u00e8s l&rsquo;avoir obtenu, sauf obligation l\u00e9gale contraire.<\/p>\n\n\n\n<h2>Comment nous partageons vos informations :<\/h2>\n\n\n\n<p>Nous ne transf\u00e9rerons pas vos informations personnelles \u00e0 des tiers sans votre consentement, sauf dans les cas suivants :<\/p>\n\n\n\n<ul class=\"wp-block-list\">\n<li>Analyse et am\u00e9lioration du service<\/li>\n<\/ul>\n\n\n\n<p>Nous veillons \u00e0 ce que toute partie tierce utilise vos informations uniquement aux fins pr\u00e9vues et les conserve uniquement le temps n\u00e9cessaire.<\/p>\n\n\n\n<p>Nous pouvons \u00e9galement divulguer vos informations personnelles si la loi l&rsquo;exige, pour faire respecter nos accords ou pour r\u00e9pondre \u00e0 des plaintes de violation des droits d&rsquo;un tiers.<\/p>\n\n\n\n<h2>Conservation de vos informations :<\/h2>\n\n\n\n<p>Nous conserverons vos informations personnelles entre 90 jours et 2 ans apr\u00e8s la fermeture de votre compte ou aussi longtemps que n\u00e9cessaire pour atteindre les objectifs pour lesquels elles ont \u00e9t\u00e9 collect\u00e9es. Certaines informations peuvent \u00eatre conserv\u00e9es plus longtemps pour r\u00e9pondre \u00e0 des obligations l\u00e9gales, pr\u00e9venir la fraude ou prot\u00e9ger nos droits l\u00e9gaux.<\/p>\n\n\n\n<h2>Vos droits :<\/h2>\n\n\n\n<p>Vous avez le droit d&rsquo;acc\u00e9der, de corriger ou de supprimer vos informations personnelles, d&rsquo;en demander la portabilit\u00e9, de vous opposer \u00e0 leur traitement ou de retirer votre consentement \u00e0 tout moment. Vous pouvez exercer ces droits en nous \u00e9crivant \u00e0 info@fokussrl.com.<\/p>\n\n\n\n<h2>Cookies :<\/h2>\n\n\n\n<p>Pour en savoir plus sur notre utilisation des cookies et vos choix en la mati\u00e8re, consultez notre <a href=\"https:\/\/www.fokussrl.com\/fr\/cookies-policy\/\">Politique des Cookies<\/a>.<\/p>\n\n\n\n<h2>S\u00e9curit\u00e9 :<\/h2>\n\n\n\n<p>La s\u00e9curit\u00e9 de vos informations est importante pour nous. Nous mettons en \u0153uvre des mesures de s\u00e9curit\u00e9 raisonnables pour les prot\u00e9ger, mais aucun mode de transmission n&rsquo;est totalement s\u00e9curis\u00e9. Nous ne pouvons garantir une s\u00e9curit\u00e9 absolue des informations transmises.<\/p>\n\n\n\n<h2>Responsable de la protection des donn\u00e9es :<\/h2>\n\n\n\n<p>Si vous avez des questions ou des pr\u00e9occupations concernant le traitement de vos informations, vous pouvez nous contacter \u00e0 l&rsquo;adresse email info@fokussrl.com. Nous r\u00e9pondrons conform\u00e9ment aux lois applicables.<\/p>\n\n","protected":false},"excerpt":{"rendered":"<p>Derni\u00e8re mise \u00e0 jour : 05-F\u00e9v-2025Date d&rsquo;entr\u00e9e en vigueur : 05-F\u00e9v-2025 Cette Politique de Confidentialit\u00e9 d\u00e9crit les politiques de Fokus di Ballarin Nicola, via Arzeron, nr. 13, Adria (RO) 45011, Italie, email : info@fokussrl.com, t\u00e9l\u00e9phone : 0426 21544, concernant la collecte, l&rsquo;utilisation et la divulgation de vos informations que nous collectons lorsque vous utilisez notre &#8230; <a title=\"Privacy Policy\" class=\"read-more\" href=\"https:\/\/www.fokussrl.com\/fr\/privacy-policy\/\" aria-label=\"En savoir plus sur Privacy Policy\">Lire la suite<\/a><\/p>\n","protected":false},"author":1,"featured_media":0,"parent":0,"menu_order":501,"comment_status":"closed","ping_status":"closed","template":"","meta":{"_acf_changed":false,"footnotes":""},"class_list":["post-65208","page","type-page","status-publish"],"acf":[],"_links":{"self":[{"href":"https:\/\/www.fokussrl.com\/fr\/wp-json\/wp\/v2\/pages\/65208","targetHints":{"allow":["GET"]}}],"collection":[{"href":"https:\/\/www.fokussrl.com\/fr\/wp-json\/wp\/v2\/pages"}],"about":[{"href":"https:\/\/www.fokussrl.com\/fr\/wp-json\/wp\/v2\/types\/page"}],"author":[{"embeddable":true,"href":"https:\/\/www.fokussrl.com\/fr\/wp-json\/wp\/v2\/users\/1"}],"replies":[{"embeddable":true,"href":"https:\/\/www.fokussrl.com\/fr\/wp-json\/wp\/v2\/comments?post=65208"}],"version-history":[{"count":0,"href":"https:\/\/www.fokussrl.com\/fr\/wp-json\/wp\/v2\/pages\/65208\/revisions"}],"wp:attachment":[{"href":"https:\/\/www.fokussrl.com\/fr\/wp-json\/wp\/v2\/media?parent=65208"}],"curies":[{"name":"wp","href":"https:\/\/api.w.org\/{rel}","templated":true}]}}