{"id":52594,"date":"2025-01-30T23:01:23","date_gmt":"2025-01-30T22:01:23","guid":{"rendered":"http:\/\/fokussrl.com\/prodotto\/barbecue-gaz-sans-fumee-big-squalo\/"},"modified":"2025-01-30T22:46:11","modified_gmt":"2025-01-30T21:46:11","slug":"barbecue-gaz-sans-fumee-big-squalo","status":"publish","type":"product","link":"https:\/\/www.fokussrl.com\/fr\/produit\/barbecue-gaz-sans-fumee-big-squalo\/","title":{"rendered":"Barbecue \u00e0 gaz sans fum\u00e9e BIG SQUALO &#8211; B. &#038; P."},"content":{"rendered":"<p>Le mod\u00e8le de barbecue SQUALO fonctionne au GAZ GPL.<\/p>\n<p>Enti\u00e8rement fabriqu\u00e9 en acier inoxydable et avec des mat\u00e9riaux de qualit\u00e9 alimentaire, il est \u00e9quip\u00e9 de br\u00fbleurs de haute qualit\u00e9.<\/p>\n<p>La table est en fer galvanis\u00e9.<\/p>\n<ul>\n<li>Dimensions totales : 600x530x300 mm<\/li>\n<li>Grille utile : 510&#215;370 mm<\/li>\n<li>Hauteur de la table : 700 mm<\/li>\n<li>Puissance : 5,4 kW<\/li>\n<li>Plaque : en pierre de lave 500&#215;400 mm<\/li>\n<\/ul>\n","protected":false},"excerpt":{"rendered":"<p><strong>Le mod\u00e8le \u00ab\u00a0SQUALO\u00a0\u00bb propose 2 br\u00fbleurs.<\/strong><\/p>\n<p>Outil de cuisson innovant permettant de griller m\u00eame dans des espaces limit\u00e9s, gr\u00e2ce \u00e0 son syst\u00e8me d&rsquo;\u00e9limination des fum\u00e9es. Id\u00e9al pour v\u00e9randas, balcons et petits espaces.<\/p>\n<p>TOUS NOS PRODUITS SONT VENDUS AVEC UNE TABLE.<\/p>\n","protected":false},"featured_media":52595,"template":"","meta":{"_acf_changed":false},"product_brand":[4795],"product_cat":[4569],"product_tag":[],"class_list":{"0":"post-52594","1":"product","2":"type-product","3":"status-publish","4":"has-post-thumbnail","6":"product_brand-b-e-p-fr","7":"product_cat-barbecues-a-gaz","8":"product_shipping_class-barbecue-a-gas-2-2","9":"sales-flash-overlay","10":"woocommerce-text-align-center","11":"woocommerce-image-align-center","12":"do-quantity-buttons","14":"first","15":"instock","16":"taxable","17":"shipping-taxable","18":"purchasable","19":"product-type-simple"},"acf":[],"_links":{"self":[{"href":"https:\/\/www.fokussrl.com\/fr\/wp-json\/wp\/v2\/product\/52594","targetHints":{"allow":["GET"]}}],"collection":[{"href":"https:\/\/www.fokussrl.com\/fr\/wp-json\/wp\/v2\/product"}],"about":[{"href":"https:\/\/www.fokussrl.com\/fr\/wp-json\/wp\/v2\/types\/product"}],"wp:featuredmedia":[{"embeddable":true,"href":"https:\/\/www.fokussrl.com\/fr\/wp-json\/wp\/v2\/media\/52595"}],"wp:attachment":[{"href":"https:\/\/www.fokussrl.com\/fr\/wp-json\/wp\/v2\/media?parent=52594"}],"wp:term":[{"taxonomy":"product_brand","embeddable":true,"href":"https:\/\/www.fokussrl.com\/fr\/wp-json\/wp\/v2\/product_brand?post=52594"},{"taxonomy":"product_cat","embeddable":true,"href":"https:\/\/www.fokussrl.com\/fr\/wp-json\/wp\/v2\/product_cat?post=52594"},{"taxonomy":"product_tag","embeddable":true,"href":"https:\/\/www.fokussrl.com\/fr\/wp-json\/wp\/v2\/product_tag?post=52594"}],"curies":[{"name":"wp","href":"https:\/\/api.w.org\/{rel}","templated":true}]}}