{"id":52601,"date":"2025-01-30T23:01:23","date_gmt":"2025-01-30T22:01:23","guid":{"rendered":"http:\/\/fokussrl.com\/prodotto\/cheminee-bois-diamantine-80-vision-360\/"},"modified":"2025-01-30T22:46:13","modified_gmt":"2025-01-30T21:46:13","slug":"cheminee-bois-diamantine-80-vision-360","status":"publish","type":"product","link":"https:\/\/www.fokussrl.com\/fr\/produit\/cheminee-bois-diamantine-80-vision-360\/","title":{"rendered":"Chemin\u00e9e \u00e0 bois DIAMANTINE 80 VISION 360\u00b0 &#8211; Bellido"},"content":{"rendered":"<ul>\n<li>Puissance nominale : 10,6 kW<\/li>\n<li>Rendement : 82 %<\/li>\n<li>Sortie des fum\u00e9es : 175<\/li>\n<li>Consommation : 2,0 Kg\/h<\/li>\n<li>Poids sans banc : 166 Kg<\/li>\n<\/ul>\n<p>Remarque : Le socle visible sur la photo n&rsquo;est pas inclus dans le prix<\/p>\n","protected":false},"excerpt":{"rendered":"<p>Chemin\u00e9e \u00e0 bois avec vue sur la flamme \u00e0 360\u00b0, autoportante avec porte en verre s\u00e9rigraphi\u00e9. Une solution moderne et minimaliste. Accessoires optionnels : un pi\u00e9destal, un support pour le rangement du bois, sans base pour une installation autoportante ou un support de suspension. Le kit de ventilation frontale n&rsquo;est pas disponible pour ce mod\u00e8le.<\/p>\n","protected":false},"featured_media":52602,"template":"","meta":{"_acf_changed":false},"product_brand":[4796],"product_cat":[4582],"product_tag":[],"class_list":{"0":"post-52601","1":"product","2":"type-product","3":"status-publish","4":"has-post-thumbnail","6":"product_brand-bellido-fr","7":"product_cat-cheminees-design","8":"product_shipping_class-caminetti-di-design-2-2","9":"sales-flash-overlay","10":"woocommerce-text-align-center","11":"woocommerce-image-align-center","12":"do-quantity-buttons","14":"first","15":"instock","16":"taxable","17":"shipping-taxable","18":"purchasable","19":"product-type-simple"},"acf":[],"_links":{"self":[{"href":"https:\/\/www.fokussrl.com\/fr\/wp-json\/wp\/v2\/product\/52601","targetHints":{"allow":["GET"]}}],"collection":[{"href":"https:\/\/www.fokussrl.com\/fr\/wp-json\/wp\/v2\/product"}],"about":[{"href":"https:\/\/www.fokussrl.com\/fr\/wp-json\/wp\/v2\/types\/product"}],"wp:featuredmedia":[{"embeddable":true,"href":"https:\/\/www.fokussrl.com\/fr\/wp-json\/wp\/v2\/media\/52602"}],"wp:attachment":[{"href":"https:\/\/www.fokussrl.com\/fr\/wp-json\/wp\/v2\/media?parent=52601"}],"wp:term":[{"taxonomy":"product_brand","embeddable":true,"href":"https:\/\/www.fokussrl.com\/fr\/wp-json\/wp\/v2\/product_brand?post=52601"},{"taxonomy":"product_cat","embeddable":true,"href":"https:\/\/www.fokussrl.com\/fr\/wp-json\/wp\/v2\/product_cat?post=52601"},{"taxonomy":"product_tag","embeddable":true,"href":"https:\/\/www.fokussrl.com\/fr\/wp-json\/wp\/v2\/product_tag?post=52601"}],"curies":[{"name":"wp","href":"https:\/\/api.w.org\/{rel}","templated":true}]}}