{"id":52615,"date":"2025-01-30T23:01:23","date_gmt":"2025-01-30T22:01:23","guid":{"rendered":"http:\/\/fokussrl.com\/prodotto\/insert-bois-llama-cristal-80-frontal-3-cotes\/"},"modified":"2025-01-30T22:46:14","modified_gmt":"2025-01-30T21:46:14","slug":"insert-bois-llama-cristal-80-frontal-3-cotes","status":"publish","type":"product","link":"https:\/\/www.fokussrl.com\/fr\/produit\/insert-bois-llama-cristal-80-frontal-3-cotes\/","title":{"rendered":"Insert \u00e0 bois LLAMA CRISTAL 80 FRONTAL 3 c\u00f4t\u00e9s &#8211; Bellido"},"content":{"rendered":"<ul>\n<li>Dimensions : 73,3&#215;55,5&#215;46,4 cm<\/li>\n<li>Puissance nominale : 10,6 kW<\/li>\n<li>Rendement : 82 %<\/li>\n<li>Sortie des fum\u00e9es : 175<\/li>\n<li>Poids : 142 Kg<\/li>\n<\/ul>\n","protected":false},"excerpt":{"rendered":"<p>Insert \u00e0 bois haut de gamme. Certifi\u00e9 \u00ab\u00a0ECODESIGN 2022\u00a0\u00bb pour une combustion durable respectueuse de l&rsquo;environnement.<\/p>\n<p>L&rsquo;insert \u00abLlama Cristal Frontal 80 3L\u00bb est la solution id\u00e9ale pour votre maison.<\/p>\n<p>S\u00fbr, pratique, silencieux et \u00e9cologique, il permet de chauffer de tr\u00e8s grandes surfaces en un temps tr\u00e8s court. Insert \u00e0 bois au design moderne avec int\u00e9rieur en BLACKERAM\u00ae.<\/p>\n<p>\u00c9quip\u00e9 d&rsquo;un syst\u00e8me de ventilation forc\u00e9e avec une turbine tangentielle silencieuse \u00e0 double corps jusqu&rsquo;\u00e0 220 m3. Deux vitesses et un thermostat de s\u00e9curit\u00e9.<\/p>\n<p>Pr\u00e9par\u00e9 avec deux bouches pour diriger l&rsquo;air chaud vers les pi\u00e8ces adjacentes.<\/p>\n<p>Syst\u00e8me de post-combustion. Disponible en trois formats : c\u00f4t\u00e9 droit, c\u00f4t\u00e9 gauche et trois c\u00f4t\u00e9s.<\/p>\n","protected":false},"featured_media":52616,"template":"","meta":{"_acf_changed":false},"product_brand":[4796],"product_cat":[4591],"product_tag":[],"class_list":{"0":"post-52615","1":"product","2":"type-product","3":"status-publish","4":"has-post-thumbnail","6":"product_brand-bellido-fr","7":"product_cat-inserts-au-bois","8":"product_shipping_class-inserti-a-legna-2-2","9":"sales-flash-overlay","10":"woocommerce-text-align-center","11":"woocommerce-image-align-center","12":"do-quantity-buttons","14":"first","15":"instock","16":"taxable","17":"shipping-taxable","18":"purchasable","19":"product-type-simple"},"acf":[],"_links":{"self":[{"href":"https:\/\/www.fokussrl.com\/fr\/wp-json\/wp\/v2\/product\/52615","targetHints":{"allow":["GET"]}}],"collection":[{"href":"https:\/\/www.fokussrl.com\/fr\/wp-json\/wp\/v2\/product"}],"about":[{"href":"https:\/\/www.fokussrl.com\/fr\/wp-json\/wp\/v2\/types\/product"}],"wp:featuredmedia":[{"embeddable":true,"href":"https:\/\/www.fokussrl.com\/fr\/wp-json\/wp\/v2\/media\/52616"}],"wp:attachment":[{"href":"https:\/\/www.fokussrl.com\/fr\/wp-json\/wp\/v2\/media?parent=52615"}],"wp:term":[{"taxonomy":"product_brand","embeddable":true,"href":"https:\/\/www.fokussrl.com\/fr\/wp-json\/wp\/v2\/product_brand?post=52615"},{"taxonomy":"product_cat","embeddable":true,"href":"https:\/\/www.fokussrl.com\/fr\/wp-json\/wp\/v2\/product_cat?post=52615"},{"taxonomy":"product_tag","embeddable":true,"href":"https:\/\/www.fokussrl.com\/fr\/wp-json\/wp\/v2\/product_tag?post=52615"}],"curies":[{"name":"wp","href":"https:\/\/api.w.org\/{rel}","templated":true}]}}