{"id":52620,"date":"2025-01-30T23:01:23","date_gmt":"2025-01-30T22:01:23","guid":{"rendered":"http:\/\/fokussrl.com\/prodotto\/cheminee-gaz-catalytique-latitude\/"},"modified":"2025-01-30T22:46:15","modified_gmt":"2025-01-30T21:46:15","slug":"cheminee-gaz-catalytique-latitude","status":"publish","type":"product","link":"https:\/\/www.fokussrl.com\/fr\/produit\/cheminee-gaz-catalytique-latitude\/","title":{"rendered":"Chemin\u00e9e \u00e0 gaz catalytique LATITUDE &#8211; British Fire"},"content":{"rendered":"<ul>\n<li>Type de gaz : M\u00e9thane 20 mb<\/li>\n<li>Entr\u00e9e : 2,5 kW &#8211; m\u00e8tres cubes \/ heure 0,233<\/li>\n<li>Sortie : 2,4 kW &#8211; cal. 2026<\/li>\n<li>Contr\u00f4le : Manuel<\/li>\n<li>Effet de flamme : Flamme uniquement<\/li>\n<li>Cadre : Verre noir brillant<\/li>\n<\/ul>\n","protected":false},"excerpt":{"rendered":"<p><strong>POURQUOI RENONCER \u00c0 UNE CHEMIN\u00c9E QUAND IL EXISTE LA TECHNOLOGIE CATALYTIQUE ?<\/strong><\/p>\n<p>L\u00e0 o\u00f9 une chemin\u00e9e \u00e0 gaz avec conduit traditionnel ne peut pas \u00eatre install\u00e9e, mais que vous ne voulez pas renoncer au charme et \u00e0 la chaleur d&rsquo;une chemin\u00e9e, une chemin\u00e9e \u00e0 gaz avec technologie catalytique peut \u00eatre install\u00e9e.<\/p>\n<p>Les chemin\u00e9es \u00e0 gaz avec catalyseur offrent une combustion extr\u00eamement propre gr\u00e2ce \u00e0 leur technologie avanc\u00e9e. Ce type de chemin\u00e9e ne n\u00e9cessite ni conduit ni ventilation externe car il utilise un syst\u00e8me de catalyseur sp\u00e9cial qui filtre les gaz br\u00fbl\u00e9s en les transformant en vapeur d&rsquo;eau et dioxyde de carbone.<\/p>\n<p><strong>Les chemin\u00e9es catalytiques surveillent les \u00e9missions d&rsquo;oxyg\u00e8ne dans la pi\u00e8ce<\/strong><\/p>\n<p>Tous les mod\u00e8les sont \u00e9quip\u00e9s d&rsquo;un d\u00e9tecteur d&rsquo;oxyg\u00e8ne sp\u00e9cial qui surveille en permanence le niveau d&rsquo;oxyg\u00e8ne dans la pi\u00e8ce. Si ce niveau descend en dessous de 1,5 %, la chemin\u00e9e s&rsquo;\u00e9teint automatiquement. La s\u00e9rie Firewall de British Fires comprend plusieurs chemin\u00e9es modernes qui se fixent directement au mur.<\/p>\n<p><strong>Conseils pratiques de British Fires<\/strong><\/p>\n<p>Les chemin\u00e9es \u00e0 gaz avec conduit traditionnel perdent jusqu&rsquo;\u00e0 92 % de leur chaleur. Toute la chaleur produite par les po\u00eales et chemin\u00e9es catalytiques est utilis\u00e9e pour chauffer l&rsquo;environnement.<\/p>\n<p><strong>Exigences d&rsquo;installation :<\/strong><\/p>\n<p>Elles ne peuvent pas \u00eatre install\u00e9es dans les chambres, salles de bain ou sous-sols. Deux bouches d&rsquo;a\u00e9ration sont n\u00e9cessaires pour ventiler la pi\u00e8ce en fonction de la puissance en kW du po\u00eale.<\/p>\n","protected":false},"featured_media":52621,"template":"","meta":{"_acf_changed":false},"product_brand":[4797],"product_cat":[4579],"product_tag":[],"class_list":{"0":"post-52620","1":"product","2":"type-product","3":"status-publish","4":"has-post-thumbnail","6":"product_brand-british-fire-fr","7":"product_cat-cheminees-a-gaz","8":"product_shipping_class-caminetti-a-gas-2-2","9":"sales-flash-overlay","10":"woocommerce-text-align-center","11":"woocommerce-image-align-center","12":"do-quantity-buttons","14":"first","15":"instock","16":"taxable","17":"shipping-taxable","18":"purchasable","19":"product-type-simple"},"acf":[],"_links":{"self":[{"href":"https:\/\/www.fokussrl.com\/fr\/wp-json\/wp\/v2\/product\/52620","targetHints":{"allow":["GET"]}}],"collection":[{"href":"https:\/\/www.fokussrl.com\/fr\/wp-json\/wp\/v2\/product"}],"about":[{"href":"https:\/\/www.fokussrl.com\/fr\/wp-json\/wp\/v2\/types\/product"}],"wp:featuredmedia":[{"embeddable":true,"href":"https:\/\/www.fokussrl.com\/fr\/wp-json\/wp\/v2\/media\/52621"}],"wp:attachment":[{"href":"https:\/\/www.fokussrl.com\/fr\/wp-json\/wp\/v2\/media?parent=52620"}],"wp:term":[{"taxonomy":"product_brand","embeddable":true,"href":"https:\/\/www.fokussrl.com\/fr\/wp-json\/wp\/v2\/product_brand?post=52620"},{"taxonomy":"product_cat","embeddable":true,"href":"https:\/\/www.fokussrl.com\/fr\/wp-json\/wp\/v2\/product_cat?post=52620"},{"taxonomy":"product_tag","embeddable":true,"href":"https:\/\/www.fokussrl.com\/fr\/wp-json\/wp\/v2\/product_tag?post=52620"}],"curies":[{"name":"wp","href":"https:\/\/api.w.org\/{rel}","templated":true}]}}