{"id":52622,"date":"2025-01-30T23:01:23","date_gmt":"2025-01-30T22:01:23","guid":{"rendered":"http:\/\/fokussrl.com\/prodotto\/cheminee-murale-bioethanol-umbria\/"},"modified":"2025-01-30T22:46:15","modified_gmt":"2025-01-30T21:46:15","slug":"cheminee-murale-bioethanol-umbria","status":"publish","type":"product","link":"https:\/\/www.fokussrl.com\/fr\/produit\/cheminee-murale-bioethanol-umbria\/","title":{"rendered":"Chemin\u00e9e murale \u00e0 bio\u00e9thanol UMBRIA &#8211; British Fire"},"content":{"rendered":"<ul>\n<li>BR\u00dbLEUR : L 8013AL<\/li>\n<li>CAPACIT\u00c9 DU R\u00c9SERVOIR : 1,5 litres<\/li>\n<li>CONTR\u00d4LE : Manuel<\/li>\n<li>EFFET DE FLAMME : Flamme libre<\/li>\n<li>FINITION : Noire<\/li>\n<li>INSTALLATION : Suspendue<\/li>\n<li>COULEUR DU CADRE : Blanc Ral 9010<\/li>\n<li>MAT\u00c9RIAU DU CADRE : MDF<\/li>\n<li>POIDS : 15 kg<\/li>\n<li>AUTONOMIE : Environ 3 heures<\/li>\n<\/ul>\n<p>Remarque : Effet sonore de craquement de bois inclus.<\/p>\n","protected":false},"excerpt":{"rendered":"<p>Wall-mounted fireplaces: It doesn&rsquo;t matter whether your house is big or small, modern fireplaces can be installed anywhere.<\/p>\n<p>Simply mounted on the wall like paintings, they bring elegance and design to any room.<\/p>\n<p>They can be finished in steel or MDF, and the flame effect is created by ceramic logs or pebbles.<\/p>\n<p>All models use a manual-control bio-burner.<\/p>\n<p>Even if you don\u2019t have a chimney, don\u2019t give up on the dream of a fireplace.<\/p>\n<p>Thanks to simple and quick installation without masonry work, you too can have a fireplace in your home.<\/p>\n<p>The Umbria model is simply mounted on the wall using the bracket provided.<\/p>\n<p>The structure is made of MDF in White RAL 9010.<\/p>\n","protected":false},"featured_media":52623,"template":"","meta":{"_acf_changed":false},"product_brand":[4797],"product_cat":[4578],"product_tag":[],"class_list":{"0":"post-52622","1":"product","2":"type-product","3":"status-publish","4":"has-post-thumbnail","6":"product_brand-british-fire-fr","7":"product_cat-cheminees-a-bioethanol","8":"product_shipping_class-caminetti-a-bioetanolo-2-2","9":"sales-flash-overlay","10":"woocommerce-text-align-center","11":"woocommerce-image-align-center","12":"do-quantity-buttons","14":"first","15":"instock","16":"taxable","17":"shipping-taxable","18":"purchasable","19":"product-type-simple"},"acf":[],"_links":{"self":[{"href":"https:\/\/www.fokussrl.com\/fr\/wp-json\/wp\/v2\/product\/52622","targetHints":{"allow":["GET"]}}],"collection":[{"href":"https:\/\/www.fokussrl.com\/fr\/wp-json\/wp\/v2\/product"}],"about":[{"href":"https:\/\/www.fokussrl.com\/fr\/wp-json\/wp\/v2\/types\/product"}],"wp:featuredmedia":[{"embeddable":true,"href":"https:\/\/www.fokussrl.com\/fr\/wp-json\/wp\/v2\/media\/52623"}],"wp:attachment":[{"href":"https:\/\/www.fokussrl.com\/fr\/wp-json\/wp\/v2\/media?parent=52622"}],"wp:term":[{"taxonomy":"product_brand","embeddable":true,"href":"https:\/\/www.fokussrl.com\/fr\/wp-json\/wp\/v2\/product_brand?post=52622"},{"taxonomy":"product_cat","embeddable":true,"href":"https:\/\/www.fokussrl.com\/fr\/wp-json\/wp\/v2\/product_cat?post=52622"},{"taxonomy":"product_tag","embeddable":true,"href":"https:\/\/www.fokussrl.com\/fr\/wp-json\/wp\/v2\/product_tag?post=52622"}],"curies":[{"name":"wp","href":"https:\/\/api.w.org\/{rel}","templated":true}]}}