{"id":52629,"date":"2025-01-30T23:01:23","date_gmt":"2025-01-30T22:01:23","guid":{"rendered":"http:\/\/fokussrl.com\/prodotto\/cheminee-centrale-bois-huelva-16-kw\/"},"modified":"2025-01-30T22:46:17","modified_gmt":"2025-01-30T21:46:17","slug":"cheminee-centrale-bois-huelva-16-kw","status":"publish","type":"product","link":"https:\/\/www.fokussrl.com\/fr\/produit\/cheminee-centrale-bois-huelva-16-kw\/","title":{"rendered":"Chemin\u00e9e centrale \u00e0 bois HUELVA 16 kW &#8211; Bronpi"},"content":{"rendered":"<ul>\n<li>Puissance de chauffage : 16kW<\/li>\n<li>Efficacit\u00e9 (%): 76%<\/li>\n<li>Consommation min-max. (kg\/h): 4.9kg\/h<\/li>\n<li>Volume chauffable (m3): 400m3<\/li>\n<li>Int\u00e9rieur m\u00e9tallique<\/li>\n<li>Fabriqu\u00e9 en fonte et en t\u00f4le d&rsquo;acier<\/li>\n<li>Poids (Kg): 159kg<\/li>\n<li>Diam\u00e8tre de sortie des fum\u00e9es (mm): 200mm<\/li>\n<li>Syst\u00e8me de nettoyage automatique du verre<\/li>\n<li>Dimensions de l&rsquo;ouverture de la chambre: 538x310x600mm<\/li>\n<li>Taille maximale des b\u00fbches (cm): 60cm<\/li>\n<\/ul>\n","protected":false},"excerpt":{"rendered":"<p>Chemin\u00e9e d\u00e9corative et de chauffage adapt\u00e9e \u00e0 une installation au centre d&rsquo;une pi\u00e8ce.<\/p>\n","protected":false},"featured_media":52630,"template":"","meta":{"_acf_changed":false},"product_brand":[4798],"product_cat":[4582],"product_tag":[],"class_list":{"0":"post-52629","1":"product","2":"type-product","3":"status-publish","4":"has-post-thumbnail","6":"product_brand-bronpi-fr","7":"product_cat-cheminees-design","8":"product_shipping_class-caminetti-di-design-2-2","9":"sales-flash-overlay","10":"woocommerce-text-align-center","11":"woocommerce-image-align-center","12":"do-quantity-buttons","14":"first","15":"instock","16":"taxable","17":"shipping-taxable","18":"purchasable","19":"product-type-simple"},"acf":[],"_links":{"self":[{"href":"https:\/\/www.fokussrl.com\/fr\/wp-json\/wp\/v2\/product\/52629","targetHints":{"allow":["GET"]}}],"collection":[{"href":"https:\/\/www.fokussrl.com\/fr\/wp-json\/wp\/v2\/product"}],"about":[{"href":"https:\/\/www.fokussrl.com\/fr\/wp-json\/wp\/v2\/types\/product"}],"wp:featuredmedia":[{"embeddable":true,"href":"https:\/\/www.fokussrl.com\/fr\/wp-json\/wp\/v2\/media\/52630"}],"wp:attachment":[{"href":"https:\/\/www.fokussrl.com\/fr\/wp-json\/wp\/v2\/media?parent=52629"}],"wp:term":[{"taxonomy":"product_brand","embeddable":true,"href":"https:\/\/www.fokussrl.com\/fr\/wp-json\/wp\/v2\/product_brand?post=52629"},{"taxonomy":"product_cat","embeddable":true,"href":"https:\/\/www.fokussrl.com\/fr\/wp-json\/wp\/v2\/product_cat?post=52629"},{"taxonomy":"product_tag","embeddable":true,"href":"https:\/\/www.fokussrl.com\/fr\/wp-json\/wp\/v2\/product_tag?post=52629"}],"curies":[{"name":"wp","href":"https:\/\/api.w.org\/{rel}","templated":true}]}}