{"id":52638,"date":"2025-01-30T23:01:23","date_gmt":"2025-01-30T22:01:23","guid":{"rendered":"http:\/\/fokussrl.com\/prodotto\/cheminee-granules-ventilee-bruno-slim-9-6-kw\/"},"modified":"2025-01-30T22:46:17","modified_gmt":"2025-01-30T21:46:17","slug":"cheminee-granules-ventilee-bruno-slim-9-6-kw","status":"publish","type":"product","link":"https:\/\/www.fokussrl.com\/fr\/produit\/cheminee-granules-ventilee-bruno-slim-9-6-kw\/","title":{"rendered":"Chemin\u00e9e \u00e0 granul\u00e9s ventil\u00e9e BRUNO SLIM 9,6 kW &#8211; Bronpi"},"content":{"rendered":"<ul>\n<li>FastOn<\/li>\n<li>OASYS Plus<\/li>\n<li>Syst\u00e8me Dual Camera<\/li>\n<li>Syst\u00e8me de nettoyage du verre<\/li>\n<li>Syst\u00e8me Dual Camera<\/li>\n<li>Capteur de niveau de charge<\/li>\n<li>Syst\u00e8me de modulation<\/li>\n<li>Mod\u00e8le con\u00e7u pour un acc\u00e8s facile \u00e0 l&rsquo;entretien<\/li>\n<li>Mod\u00e8le compatible avec le KIT WIFI<\/li>\n<li>Programmable<\/li>\n<li>Syst\u00e8me anti-retour de flamme<\/li>\n<li>Puissance max : 9,6kW<\/li>\n<li>Puissance min-max : 3,6-8,4kW<\/li>\n<li>Efficacit\u00e9 (%): 88-93%<\/li>\n<li>Consommation min-max. (kg\/h): 0,78-1,9kg\/h<\/li>\n<li>Puissance \u00e9lectrique (W): 150-300W<\/li>\n<li>Volume chauffable (m3): 210m3<\/li>\n<li>Capacit\u00e9 du r\u00e9servoir (Kg): 11kg<\/li>\n<li>Int\u00e9rieurs en vermiculite<\/li>\n<li>Autonomie (h) (min-max): 6,1-14,9h<\/li>\n<li>Poids (Kg): 80 kg<\/li>\n<li>Diam\u00e8tre de sortie des fum\u00e9es (mm): 80mm<\/li>\n<li>Diam\u00e8tre d&rsquo;entr\u00e9e d&rsquo;air (mm): 40mm<\/li>\n<li>Ventilation forc\u00e9e m3\/h: 1&#215;270<\/li>\n<li>T\u00e9l\u00e9commande et centrale<\/li>\n<li>S3<\/li>\n<li>Accessoires compatibles non inclus: KIT WIFI<\/li>\n<\/ul>\n","protected":false},"excerpt":{"rendered":"<p>Chemin\u00e9e \u00e0 granul\u00e9s ventil\u00e9e avec une profondeur de seulement 26,5 cm. Unique en son genre, elle convient aux installations m\u00eame dans les couloirs o\u00f9 l&rsquo;espace est limit\u00e9. Livr\u00e9e avec un kit de chargement frontal ou lat\u00e9ral.<\/p>\n","protected":false},"featured_media":52639,"template":"","meta":{"_acf_changed":false},"product_brand":[4798],"product_cat":[4580],"product_tag":[],"class_list":{"0":"post-52638","1":"product","2":"type-product","3":"status-publish","4":"has-post-thumbnail","6":"product_brand-bronpi-fr","7":"product_cat-cheminees-a-granules","8":"product_shipping_class-caminetti-a-pellet-2-2","9":"sales-flash-overlay","10":"woocommerce-text-align-center","11":"woocommerce-image-align-center","12":"do-quantity-buttons","14":"first","15":"instock","16":"taxable","17":"shipping-taxable","18":"purchasable","19":"product-type-simple"},"acf":[],"_links":{"self":[{"href":"https:\/\/www.fokussrl.com\/fr\/wp-json\/wp\/v2\/product\/52638","targetHints":{"allow":["GET"]}}],"collection":[{"href":"https:\/\/www.fokussrl.com\/fr\/wp-json\/wp\/v2\/product"}],"about":[{"href":"https:\/\/www.fokussrl.com\/fr\/wp-json\/wp\/v2\/types\/product"}],"wp:featuredmedia":[{"embeddable":true,"href":"https:\/\/www.fokussrl.com\/fr\/wp-json\/wp\/v2\/media\/52639"}],"wp:attachment":[{"href":"https:\/\/www.fokussrl.com\/fr\/wp-json\/wp\/v2\/media?parent=52638"}],"wp:term":[{"taxonomy":"product_brand","embeddable":true,"href":"https:\/\/www.fokussrl.com\/fr\/wp-json\/wp\/v2\/product_brand?post=52638"},{"taxonomy":"product_cat","embeddable":true,"href":"https:\/\/www.fokussrl.com\/fr\/wp-json\/wp\/v2\/product_cat?post=52638"},{"taxonomy":"product_tag","embeddable":true,"href":"https:\/\/www.fokussrl.com\/fr\/wp-json\/wp\/v2\/product_tag?post=52638"}],"curies":[{"name":"wp","href":"https:\/\/api.w.org\/{rel}","templated":true}]}}