{"id":52655,"date":"2025-01-30T23:01:23","date_gmt":"2025-01-30T22:01:23","guid":{"rendered":"http:\/\/fokussrl.com\/prodotto\/cheminee-murale-bois-huesca-13-kw\/"},"modified":"2025-01-30T22:46:18","modified_gmt":"2025-01-30T21:46:18","slug":"cheminee-murale-bois-huesca-13-kw","status":"publish","type":"product","link":"https:\/\/www.fokussrl.com\/fr\/produit\/cheminee-murale-bois-huesca-13-kw\/","title":{"rendered":"Chemin\u00e9e murale \u00e0 bois HUESCA 13 kW &#8211; Bronpi"},"content":{"rendered":"<ul>\n<li>Syst\u00e8me \u00e0 double combustion<\/li>\n<li>Syst\u00e8me de nettoyage du verre<\/li>\n<li>Puissance de chauffage : 13kW<\/li>\n<li>Efficacit\u00e9 (%): 77%<\/li>\n<li>Consommation (kg\/h): 3,7kg\/h<\/li>\n<li>Volume chauffable (m3): 325m3<\/li>\n<li>Int\u00e9rieurs en vermiculite<\/li>\n<li>Fabriqu\u00e9 en fonte et en acier<\/li>\n<li>Poids (Kg): 106kg<\/li>\n<li>Diam\u00e8tre de sortie des fum\u00e9es (mm): 150mm<\/li>\n<li>Dimensions de l&rsquo;ouverture de la chambre: 608x313x303mm<\/li>\n<li>Taille maximale des b\u00fbches (cm): 64cm<\/li>\n<\/ul>\n","protected":false},"excerpt":{"rendered":"<p>Chemin\u00e9e d\u00e9corative et de chauffage \u00e0 trois faces adapt\u00e9e \u00e0 une installation murale.<\/p>\n","protected":false},"featured_media":52656,"template":"","meta":{"_acf_changed":false},"product_brand":[4798],"product_cat":[4582,4585],"product_tag":[],"class_list":{"0":"post-52655","1":"product","2":"type-product","3":"status-publish","4":"has-post-thumbnail","6":"product_brand-bronpi-fr","7":"product_cat-cheminees-design","8":"product_cat-cheminees-modernes-au-bois-murales","9":"product_shipping_class-caminetti-di-design-2-2","10":"sales-flash-overlay","11":"woocommerce-text-align-center","12":"woocommerce-image-align-center","13":"do-quantity-buttons","15":"first","16":"instock","17":"taxable","18":"shipping-taxable","19":"purchasable","20":"product-type-simple"},"acf":[],"_links":{"self":[{"href":"https:\/\/www.fokussrl.com\/fr\/wp-json\/wp\/v2\/product\/52655","targetHints":{"allow":["GET"]}}],"collection":[{"href":"https:\/\/www.fokussrl.com\/fr\/wp-json\/wp\/v2\/product"}],"about":[{"href":"https:\/\/www.fokussrl.com\/fr\/wp-json\/wp\/v2\/types\/product"}],"wp:featuredmedia":[{"embeddable":true,"href":"https:\/\/www.fokussrl.com\/fr\/wp-json\/wp\/v2\/media\/52656"}],"wp:attachment":[{"href":"https:\/\/www.fokussrl.com\/fr\/wp-json\/wp\/v2\/media?parent=52655"}],"wp:term":[{"taxonomy":"product_brand","embeddable":true,"href":"https:\/\/www.fokussrl.com\/fr\/wp-json\/wp\/v2\/product_brand?post=52655"},{"taxonomy":"product_cat","embeddable":true,"href":"https:\/\/www.fokussrl.com\/fr\/wp-json\/wp\/v2\/product_cat?post=52655"},{"taxonomy":"product_tag","embeddable":true,"href":"https:\/\/www.fokussrl.com\/fr\/wp-json\/wp\/v2\/product_tag?post=52655"}],"curies":[{"name":"wp","href":"https:\/\/api.w.org\/{rel}","templated":true}]}}