{"id":52666,"date":"2025-01-30T23:01:40","date_gmt":"2025-01-30T22:01:40","guid":{"rendered":"http:\/\/fokussrl.com\/prodotto\/poele-bois-avec-four-monza\/"},"modified":"2025-01-30T22:46:20","modified_gmt":"2025-01-30T21:46:20","slug":"poele-bois-avec-four-monza","status":"publish","type":"product","link":"https:\/\/www.fokussrl.com\/fr\/produit\/poele-bois-avec-four-monza\/","title":{"rendered":"Po\u00eale \u00e0 bois avec four MONZA &#8211; Bronpi"},"content":{"rendered":"<ul>\n<li>Syst\u00e8me Surround Four<\/li>\n<li>Syst\u00e8me de nettoyage du verre<\/li>\n<li>Puissance de chauffage : 14kW<\/li>\n<li>Efficacit\u00e9 (%): 85%<\/li>\n<li>Consommation (kg\/h): 3,9kg\/h<\/li>\n<li>Volume chauffable (m3): 350m3<\/li>\n<li>Int\u00e9rieurs en vermiculite<\/li>\n<li>Fabriqu\u00e9 en fonte et en acier<\/li>\n<li>Poids (Kg): 145kg<\/li>\n<li>Syst\u00e8me de nettoyage du verre<\/li>\n<li>Dimensions de la chambre de combustion : 390x270x360mm<\/li>\n<li>Dimensions de l&rsquo;ouverture du four : 390x200x340mm<\/li>\n<li>Taille maximale des b\u00fbches (cm): 50cm<\/li>\n<li>5 ans de garantie<\/li>\n<\/ul>\n","protected":false},"excerpt":{"rendered":"<p>Po\u00eale \u00e0 bois en acier peint anthracite, r\u00e9sistant \u00e0 650\u00b0C. Porte avec verre c\u00e9ramique r\u00e9sistant \u00e0 750\u00b0C. Four ferm\u00e9 avec thermom\u00e8tre et deux plaques sup\u00e9rieures pour la cuisson.<\/p>\n","protected":false},"featured_media":52667,"template":"","meta":{"_acf_changed":false},"product_brand":[4798],"product_cat":[4601],"product_tag":[],"class_list":{"0":"post-52666","1":"product","2":"type-product","3":"status-publish","4":"has-post-thumbnail","6":"product_brand-bronpi-fr","7":"product_cat-poeles-au-bois-avec-four","8":"product_shipping_class-stufe-a-legna-con-forno-2-2","9":"sales-flash-overlay","10":"woocommerce-text-align-center","11":"woocommerce-image-align-center","12":"do-quantity-buttons","14":"first","15":"instock","16":"taxable","17":"shipping-taxable","18":"purchasable","19":"product-type-simple"},"acf":[],"_links":{"self":[{"href":"https:\/\/www.fokussrl.com\/fr\/wp-json\/wp\/v2\/product\/52666","targetHints":{"allow":["GET"]}}],"collection":[{"href":"https:\/\/www.fokussrl.com\/fr\/wp-json\/wp\/v2\/product"}],"about":[{"href":"https:\/\/www.fokussrl.com\/fr\/wp-json\/wp\/v2\/types\/product"}],"wp:featuredmedia":[{"embeddable":true,"href":"https:\/\/www.fokussrl.com\/fr\/wp-json\/wp\/v2\/media\/52667"}],"wp:attachment":[{"href":"https:\/\/www.fokussrl.com\/fr\/wp-json\/wp\/v2\/media?parent=52666"}],"wp:term":[{"taxonomy":"product_brand","embeddable":true,"href":"https:\/\/www.fokussrl.com\/fr\/wp-json\/wp\/v2\/product_brand?post=52666"},{"taxonomy":"product_cat","embeddable":true,"href":"https:\/\/www.fokussrl.com\/fr\/wp-json\/wp\/v2\/product_cat?post=52666"},{"taxonomy":"product_tag","embeddable":true,"href":"https:\/\/www.fokussrl.com\/fr\/wp-json\/wp\/v2\/product_tag?post=52666"}],"curies":[{"name":"wp","href":"https:\/\/api.w.org\/{rel}","templated":true}]}}