{"id":52680,"date":"2025-01-30T23:01:40","date_gmt":"2025-01-30T22:01:40","guid":{"rendered":"http:\/\/fokussrl.com\/prodotto\/poele-bois-bombay-f-9-kw\/"},"modified":"2025-01-30T22:46:21","modified_gmt":"2025-01-30T21:46:21","slug":"poele-bois-bombay-f-9-kw","status":"publish","type":"product","link":"https:\/\/www.fokussrl.com\/fr\/produit\/poele-bois-bombay-f-9-kw\/","title":{"rendered":"Po\u00eale \u00e0 bois BOMBAY F 9 kW &#8211; Bronpi"},"content":{"rendered":"<ul>\n<li>Syst\u00e8me \u00e0 double combustion<\/li>\n<li>Syst\u00e8me de nettoyage du verre<\/li>\n<li>Syst\u00e8me \u00e0 faibles \u00e9missions<\/li>\n<li>Puissance de chauffage : 9kW<\/li>\n<li>Efficacit\u00e9 (%): 78%<\/li>\n<li>Consommation (kg\/h): 2,5kg\/h<\/li>\n<li>Volume chauffable (m3): 225m3<\/li>\n<li>Int\u00e9rieurs en vermiculite<\/li>\n<li>Fabriqu\u00e9 en fonte et en acier<\/li>\n<li>Poids (Kg): 107kg<\/li>\n<li>Diam\u00e8tre de sortie des fum\u00e9es (mm): 150mm<\/li>\n<li>Dimensions de l&rsquo;ouverture de la chambre: 335x290x540mm<\/li>\n<li>Taille maximale des b\u00fbches (cm): 38cm<\/li>\n<\/ul>\n","protected":false},"excerpt":{"rendered":"<p>Le po\u00eale \u00e0 bois Bombay F est un excellent choix pour ceux qui recherchent une exp\u00e9rience de chauffage efficace et confortable. Gr\u00e2ce \u00e0 sa technologie de double combustion int\u00e9gr\u00e9e, ce po\u00eale garantit une utilisation optimale du bois, minimisant les d\u00e9chets et maximisant la production de chaleur. Bien qu&rsquo;il ne dispose que d&rsquo;une seule vitre, le po\u00eale Bombay F cr\u00e9e une atmosph\u00e8re chaleureuse et charmante dans son environnement. Sa combinaison d&rsquo;efficacit\u00e9 et de design traditionnel en fait un choix populaire pour de nombreux foyers.<\/p>\n","protected":false},"featured_media":52681,"template":"","meta":{"_acf_changed":false},"product_brand":[4798],"product_cat":[4599],"product_tag":[],"class_list":{"0":"post-52680","1":"product","2":"type-product","3":"status-publish","4":"has-post-thumbnail","6":"product_brand-bronpi-fr","7":"product_cat-poeles-au-bois","8":"product_shipping_class-stufe-a-legna-2-2","9":"sales-flash-overlay","10":"woocommerce-text-align-center","11":"woocommerce-image-align-center","12":"do-quantity-buttons","14":"first","15":"instock","16":"taxable","17":"shipping-taxable","18":"purchasable","19":"product-type-simple"},"acf":[],"_links":{"self":[{"href":"https:\/\/www.fokussrl.com\/fr\/wp-json\/wp\/v2\/product\/52680","targetHints":{"allow":["GET"]}}],"collection":[{"href":"https:\/\/www.fokussrl.com\/fr\/wp-json\/wp\/v2\/product"}],"about":[{"href":"https:\/\/www.fokussrl.com\/fr\/wp-json\/wp\/v2\/types\/product"}],"wp:featuredmedia":[{"embeddable":true,"href":"https:\/\/www.fokussrl.com\/fr\/wp-json\/wp\/v2\/media\/52681"}],"wp:attachment":[{"href":"https:\/\/www.fokussrl.com\/fr\/wp-json\/wp\/v2\/media?parent=52680"}],"wp:term":[{"taxonomy":"product_brand","embeddable":true,"href":"https:\/\/www.fokussrl.com\/fr\/wp-json\/wp\/v2\/product_brand?post=52680"},{"taxonomy":"product_cat","embeddable":true,"href":"https:\/\/www.fokussrl.com\/fr\/wp-json\/wp\/v2\/product_cat?post=52680"},{"taxonomy":"product_tag","embeddable":true,"href":"https:\/\/www.fokussrl.com\/fr\/wp-json\/wp\/v2\/product_tag?post=52680"}],"curies":[{"name":"wp","href":"https:\/\/api.w.org\/{rel}","templated":true}]}}