{"id":52697,"date":"2025-01-30T23:01:40","date_gmt":"2025-01-30T22:01:40","guid":{"rendered":"http:\/\/fokussrl.com\/prodotto\/chaudiere-gaz-condensation-logamax-plus-gb-172i-24-t50-rh\/"},"modified":"2025-01-30T22:46:22","modified_gmt":"2025-01-30T21:46:22","slug":"chaudiere-gaz-condensation-logamax-plus-gb-172i-24-t50-rh","status":"publish","type":"product","link":"https:\/\/www.fokussrl.com\/fr\/produit\/chaudiere-gaz-condensation-logamax-plus-gb-172i-24-t50-rh\/","title":{"rendered":"Chaudi\u00e8re gaz \u00e0 condensation LOGAMAX PLUS GB 172i-24 T50 RH &#8211; Buderus"},"content":{"rendered":"<ul>\n<li>Puissance thermique nominale min. (80\/60&deg;C) : 3 kW<\/li>\n<li>Puissance thermique nominale max. \u00e0 charge partielle (80\/60 &deg;C) : 3 kW<\/li>\n<li>\u00c0 30 % de la puissance thermique nominale et \u00e0 un r\u00e9gime basse temp\u00e9rature : 7,5 kW<\/li>\n<li>Temp\u00e9rature de d\u00e9part max. : 82&deg;C<\/li>\n<li>Charge thermique nominale max. chauffage : 22,7 kW<\/li>\n<li>Connexion \u00e9lectrique : 230 V<\/li>\n<li>Fr\u00e9quence \u00e9lectrique : 50 Hz<\/li>\n<li>Type de protection (EN 60529) : IPX4D<\/li>\n<li>Poids net : 70 kg<\/li>\n<li>Largeur : 600 mm<\/li>\n<li>Hauteur : 900 mm<\/li>\n<li>Profondeur : 508 mm<\/li>\n<li>Raccord pour alimentation\/retour chauffage : R 3\/4 Zoll<\/li>\n<li>Raccord de gaz de combustion : 125 mm<\/li>\n<li>Raccord du tuyau gaz de combustion\/air : 80 mm<\/li>\n<li>Raccordement gaz r\u00e9seau : R 3\/4 Zoll<\/li>\n<li>Puissance thermique nominale : 22 kW<\/li>\n<li>Efficacit\u00e9 \u00e9nerg\u00e9tique saisonni\u00e8re du chauffage d&rsquo;ambiance : 93%<\/li>\n<li>Efficacit\u00e9 \u00e9nerg\u00e9tique de chauffage de l&rsquo;eau : 83%<\/li>\n<li>Couleur : Blanc<\/li>\n<li>Code produit : 7716701559<\/li>\n<\/ul>\n","protected":false},"excerpt":{"rendered":"<p>La chaudi\u00e8re Logamax plus GB172-24i T50 offre une solution compacte et polyvalente pour la production d&rsquo;eau chaude sanitaire. Avec son r\u00e9servoir int\u00e9gr\u00e9 de 48 litres, elle convient aussi bien aux grands appartements qu&rsquo;aux maisons individuelles.<\/p>\n<p>Son efficacit\u00e9 est garantie par le br\u00fblleur modulant, qui ajuste la puissance thermique en fonction des besoins r\u00e9els, permettant des \u00e9conomies d&rsquo;\u00e9nergie. Ce br\u00fblleur peut varier la puissance thermique de 13 % \u00e0 100 %, s&rsquo;adaptant parfaitement aux conditions d&rsquo;utilisation.<\/p>\n<p>La r\u00e9gulation thermique de la chaudi\u00e8re est simple et intuitive gr\u00e2ce \u00e0 un panneau de commande \u00e9quip\u00e9 d&rsquo;un \u00e9cran r\u00e9tro\u00e9clair\u00e9. Les param\u00e8tres de base peuvent \u00eatre r\u00e9gl\u00e9s rapidement et facilement. En outre, les param\u00e8tres avanc\u00e9s sont tout aussi intuitifs, gr\u00e2ce \u00e0 la commande EMS plus et aux r\u00e9gulateurs RC200\/RC310. Avec l&rsquo;utilisation de Logamatic TC100, la chaudi\u00e8re peut \u00eatre contr\u00f4l\u00e9e \u00e0 distance via des appareils intelligents, offrant un niveau suppl\u00e9mentaire de confort et de contr\u00f4le.<\/p>\n<p>En r\u00e9sum\u00e9, la chaudi\u00e8re Logamax plus GB172-24i T50 repr\u00e9sente une solution efficace, compacte et polyvalente pour la production d&rsquo;eau chaude sanitaire, adapt\u00e9e aux besoins de diff\u00e9rents types d&rsquo;habitations.<\/p>\n","protected":false},"featured_media":52698,"template":"","meta":{"_acf_changed":false},"product_brand":[4799],"product_cat":[4573],"product_tag":[],"class_list":{"0":"post-52697","1":"product","2":"type-product","3":"status-publish","4":"has-post-thumbnail","6":"product_brand-buderus-fr","7":"product_cat-chaudieres-a-gaz","8":"product_shipping_class-caldaie-a-gas-2-2","9":"sales-flash-overlay","10":"woocommerce-text-align-center","11":"woocommerce-image-align-center","12":"do-quantity-buttons","14":"first","15":"instock","16":"taxable","17":"shipping-taxable","18":"purchasable","19":"product-type-simple"},"acf":[],"_links":{"self":[{"href":"https:\/\/www.fokussrl.com\/fr\/wp-json\/wp\/v2\/product\/52697","targetHints":{"allow":["GET"]}}],"collection":[{"href":"https:\/\/www.fokussrl.com\/fr\/wp-json\/wp\/v2\/product"}],"about":[{"href":"https:\/\/www.fokussrl.com\/fr\/wp-json\/wp\/v2\/types\/product"}],"wp:featuredmedia":[{"embeddable":true,"href":"https:\/\/www.fokussrl.com\/fr\/wp-json\/wp\/v2\/media\/52698"}],"wp:attachment":[{"href":"https:\/\/www.fokussrl.com\/fr\/wp-json\/wp\/v2\/media?parent=52697"}],"wp:term":[{"taxonomy":"product_brand","embeddable":true,"href":"https:\/\/www.fokussrl.com\/fr\/wp-json\/wp\/v2\/product_brand?post=52697"},{"taxonomy":"product_cat","embeddable":true,"href":"https:\/\/www.fokussrl.com\/fr\/wp-json\/wp\/v2\/product_cat?post=52697"},{"taxonomy":"product_tag","embeddable":true,"href":"https:\/\/www.fokussrl.com\/fr\/wp-json\/wp\/v2\/product_tag?post=52697"}],"curies":[{"name":"wp","href":"https:\/\/api.w.org\/{rel}","templated":true}]}}