{"id":52702,"date":"2025-01-30T23:01:40","date_gmt":"2025-01-30T22:01:40","guid":{"rendered":"http:\/\/fokussrl.com\/prodotto\/plaque-connexion-chaudiere-gb122\/"},"modified":"2025-01-30T22:46:23","modified_gmt":"2025-01-30T21:46:23","slug":"plaque-connexion-chaudiere-gb122","status":"publish","type":"product","link":"https:\/\/www.fokussrl.com\/fr\/produit\/plaque-connexion-chaudiere-gb122\/","title":{"rendered":"Plaque de connexion pour chaudi\u00e8re GB122 &#8211; Buderus"},"content":{"rendered":"","protected":false},"excerpt":{"rendered":"<p>Plaque de raccordement hydraulique compl\u00e8te avec robinets c\u00f4t\u00e9 chauffage, gaz et raccords pour ECS\/EF. La plaque arri\u00e8re est indispensable pour l&rsquo;installation de la plaque.<\/p>\n","protected":false},"featured_media":52703,"template":"","meta":{"_acf_changed":false},"product_brand":[4799],"product_cat":[4573],"product_tag":[4842],"class_list":{"0":"post-52702","1":"product","2":"type-product","3":"status-publish","4":"has-post-thumbnail","6":"product_brand-buderus-fr","7":"product_cat-chaudieres-a-gaz","8":"product_tag-caldaie-a-gas","9":"product_shipping_class-accessori-2-2","10":"sales-flash-overlay","11":"woocommerce-text-align-center","12":"woocommerce-image-align-center","13":"do-quantity-buttons","15":"first","16":"instock","17":"taxable","18":"shipping-taxable","19":"purchasable","20":"product-type-simple"},"acf":[],"_links":{"self":[{"href":"https:\/\/www.fokussrl.com\/fr\/wp-json\/wp\/v2\/product\/52702","targetHints":{"allow":["GET"]}}],"collection":[{"href":"https:\/\/www.fokussrl.com\/fr\/wp-json\/wp\/v2\/product"}],"about":[{"href":"https:\/\/www.fokussrl.com\/fr\/wp-json\/wp\/v2\/types\/product"}],"wp:featuredmedia":[{"embeddable":true,"href":"https:\/\/www.fokussrl.com\/fr\/wp-json\/wp\/v2\/media\/52703"}],"wp:attachment":[{"href":"https:\/\/www.fokussrl.com\/fr\/wp-json\/wp\/v2\/media?parent=52702"}],"wp:term":[{"taxonomy":"product_brand","embeddable":true,"href":"https:\/\/www.fokussrl.com\/fr\/wp-json\/wp\/v2\/product_brand?post=52702"},{"taxonomy":"product_cat","embeddable":true,"href":"https:\/\/www.fokussrl.com\/fr\/wp-json\/wp\/v2\/product_cat?post=52702"},{"taxonomy":"product_tag","embeddable":true,"href":"https:\/\/www.fokussrl.com\/fr\/wp-json\/wp\/v2\/product_tag?post=52702"}],"curies":[{"name":"wp","href":"https:\/\/api.w.org\/{rel}","templated":true}]}}