{"id":52704,"date":"2025-01-30T23:01:40","date_gmt":"2025-01-30T22:01:40","guid":{"rendered":"http:\/\/fokussrl.com\/prodotto\/chaudiere-gaz-condensation-logamax-plus-gb122-24-kd-h\/"},"modified":"2025-01-30T22:46:23","modified_gmt":"2025-01-30T21:46:23","slug":"chaudiere-gaz-condensation-logamax-plus-gb122-24-kd-h","status":"publish","type":"product","link":"https:\/\/www.fokussrl.com\/fr\/produit\/chaudiere-gaz-condensation-logamax-plus-gb122-24-kd-h\/","title":{"rendered":"Chaudi\u00e8re gaz \u00e0 condensation LOGAMAX PLUS GB122-24 KD H &#8211; Buderus"},"content":{"rendered":"<ul>\n<li>Puissance thermique nominale min. (80\/60&deg;C): 3 kW<\/li>\n<li>Puissance thermique nominale max. (50\/30&deg;C): 25 kW<\/li>\n<li>\u00c0 30 % de la puissance thermique nominale et \u00e0 un r\u00e9gime basse temp\u00e9rature : 8,0 kW<\/li>\n<li>Charge thermique nominale max. chauffage : 24,5 kW<\/li>\n<li>Connexion \u00e9lectrique : 230 V<\/li>\n<li>Fr\u00e9quence \u00e9lectrique : 50 Hz<\/li>\n<li>Type de protection (EN 60529) : IPX4D, B23\/B33<\/li>\n<li>Consommation \u00e9lectrique max. : 90 W<\/li>\n<li>Poids net : 39 kg<\/li>\n<li>Puissance thermique nominale : 24 kW<\/li>\n<li>Efficacit\u00e9 \u00e9nerg\u00e9tique saisonni\u00e8re du chauffage d&rsquo;ambiance : 94%<\/li>\n<li>Efficacit\u00e9 \u00e9nerg\u00e9tique de chauffage de l&rsquo;eau : 85%<\/li>\n<li>Code produit : 7736901285<\/li>\n<\/ul>\n<p>La chaudi\u00e8re \u00e0 condensation au gaz Logamax plus GB122-24 KD H offre une puissance sanitaire augment\u00e9e par rapport au mod\u00e8le KH, garantissant de l&rsquo;eau chaude \u00e0 temp\u00e9rature constante pour r\u00e9pondre \u00e0 tous les besoins.<\/p>\n","protected":false},"excerpt":{"rendered":"<p>La chaudi\u00e8re \u00e0 gaz \u00e0 condensation Logamax plus GB122-24 KH de Buderus repr\u00e9sente vraiment une excellente option pour am\u00e9liorer le confort de votre maison. Voici pourquoi :<\/p>\n<ul>\n<li>\n<p><strong>Efficacit\u00e9 \u00e9nerg\u00e9tique<\/strong> : Gr\u00e2ce \u00e0 la technologie \u00e0 condensation, cette chaudi\u00e8re offre un rendement saisonnier exceptionnel allant jusqu&rsquo;\u00e0 94 %, vous permettant d&rsquo;\u00e9conomiser sur vos co\u00fbts \u00e9nerg\u00e9tiques \u00e0 long terme.<\/p>\n<\/li>\n<li>\n<p><strong>Silencieuse<\/strong> : Le mod\u00e8le Logamax plus GB122-24 KD H est con\u00e7u pour fonctionner silencieusement, garantissant un environnement domestique calme sans bruits de fond g\u00eanants.<\/p>\n<\/li>\n<li>\n<p><strong>Dimensions compactes<\/strong> : Les dimensions compactes de la chaudi\u00e8re la rendent adapt\u00e9e \u00e0 tout espace de vie, id\u00e9ale pour les appartements ou les maisons avec des espaces limit\u00e9s.<\/p>\n<\/li>\n<li>\n<p><strong>Confort sanitaire maximal<\/strong> : Avec une classification de 3 \u00e9toiles selon la norme EN13203-1\/2, vous pouvez \u00eatre s\u00fbr de b\u00e9n\u00e9ficier d&rsquo;un confort sanitaire optimal pour vous et votre famille.<\/p>\n<\/li>\n<li>\n<p><strong>Composants de haute qualit\u00e9<\/strong> : Buderus est r\u00e9put\u00e9 pour la qualit\u00e9 de ses produits, et la Logamax plus GB122-24 KH ne fait pas exception. Avec des composants de haute qualit\u00e9, vous pouvez compter sur des performances fiables \u00e0 long terme.<\/p>\n<\/li>\n<li>\n<p><strong>Prix comp\u00e9titif<\/strong> : Malgr\u00e9 ses caract\u00e9ristiques haut de gamme, cette chaudi\u00e8re offre un excellent rapport qualit\u00e9-prix, garantissant un chauffage efficace et fiable sans d\u00e9penser une fortune.<\/p>\n<\/li>\n<\/ul>\n<p>En choisissant la chaudi\u00e8re \u00e0 condensation Logamax plus GB122-24 KH, vous profiterez d&rsquo;un environnement domestique plus confortable, efficace et silencieux, tout cela \u00e0 un prix imbattable.<\/p>\n","protected":false},"featured_media":68395,"template":"","meta":{"_acf_changed":false},"product_brand":[4799],"product_cat":[4573],"product_tag":[4842],"class_list":{"0":"post-52704","1":"product","2":"type-product","3":"status-publish","4":"has-post-thumbnail","6":"product_brand-buderus-fr","7":"product_cat-chaudieres-a-gaz","8":"product_tag-caldaie-a-gas","9":"product_shipping_class-caldaie-a-gas-2-2","10":"sales-flash-overlay","11":"woocommerce-text-align-center","12":"woocommerce-image-align-center","13":"do-quantity-buttons","15":"first","16":"instock","17":"sale","18":"taxable","19":"shipping-taxable","20":"purchasable","21":"product-type-simple"},"acf":[],"_links":{"self":[{"href":"https:\/\/www.fokussrl.com\/fr\/wp-json\/wp\/v2\/product\/52704","targetHints":{"allow":["GET"]}}],"collection":[{"href":"https:\/\/www.fokussrl.com\/fr\/wp-json\/wp\/v2\/product"}],"about":[{"href":"https:\/\/www.fokussrl.com\/fr\/wp-json\/wp\/v2\/types\/product"}],"wp:featuredmedia":[{"embeddable":true,"href":"https:\/\/www.fokussrl.com\/fr\/wp-json\/wp\/v2\/media\/68395"}],"wp:attachment":[{"href":"https:\/\/www.fokussrl.com\/fr\/wp-json\/wp\/v2\/media?parent=52704"}],"wp:term":[{"taxonomy":"product_brand","embeddable":true,"href":"https:\/\/www.fokussrl.com\/fr\/wp-json\/wp\/v2\/product_brand?post=52704"},{"taxonomy":"product_cat","embeddable":true,"href":"https:\/\/www.fokussrl.com\/fr\/wp-json\/wp\/v2\/product_cat?post=52704"},{"taxonomy":"product_tag","embeddable":true,"href":"https:\/\/www.fokussrl.com\/fr\/wp-json\/wp\/v2\/product_tag?post=52704"}],"curies":[{"name":"wp","href":"https:\/\/api.w.org\/{rel}","templated":true}]}}