{"id":52706,"date":"2025-01-30T23:01:40","date_gmt":"2025-01-30T22:01:40","guid":{"rendered":"http:\/\/fokussrl.com\/prodotto\/chaudiere-gaz-condensation-logamax-plus-gb122-24-kh\/"},"modified":"2026-02-07T23:38:14","modified_gmt":"2026-02-07T22:38:14","slug":"chaudiere-gaz-condensation-logamax-plus-gb122-24-kh","status":"publish","type":"product","link":"https:\/\/www.fokussrl.com\/fr\/produit\/chaudiere-gaz-condensation-logamax-plus-gb122-24-kh\/","title":{"rendered":"Chaudi\u00e8re gaz \u00e0 condensation LOGAMAX PLUS GB122-24 KH &#8211; Buderus"},"content":{"rendered":"<ul>\n<li>Puissance thermique nominale min. (80\/60\u00b0C) : 3 kW<\/li>\n<li>Puissance thermique nominale max. (50\/30\u00b0C) : 25 kW<\/li>\n<li>\u00c0 30 % de la puissance thermique nominale et en r\u00e9gime basse temp\u00e9rature : 8,0 kW<\/li>\n<li>Puissance thermique nominale max. chauffage : 24,5 kW<\/li>\n<li>Raccordement \u00e9lectrique : 230 V<\/li>\n<li>Fr\u00e9quence \u00e9lectrique : 50 Hz<\/li>\n<li>Indice de protection (EN 60529) : IPX4D, B23\/B33<\/li>\n<li>Consommation \u00e9lectrique max. : 90 W<\/li>\n<li>Poids net : 39 kg<\/li>\n<li>Puissance thermique nominale : 24 kW<\/li>\n<li>Efficacit\u00e9 \u00e9nerg\u00e9tique saisonni\u00e8re pour le chauffage des locaux : 94 %<\/li>\n<li>Efficacit\u00e9 \u00e9nerg\u00e9tique pour la production d\u2019eau chaude : 85 %<\/li>\n<li>Code produit : 7736901285<\/li>\n<\/ul>\n","protected":false},"excerpt":{"rendered":"<p>R\u00e9volutionnez le confort de votre maison avec la chaudi\u00e8re gaz \u00e0 condensation Logamax plus GB122-24 KH.<\/p>\n<p>Cette chaudi\u00e8re gaz \u00e0 condensation de marque Buderus est la solution murale id\u00e9ale pour tout environnement domestique, \u00e0 un prix r\u00e9ellement imbattable.<\/p>\n<p>Le mod\u00e8le Logamax plus GB122-24 KH se distingue non seulement par son prix, mais aussi par son fonctionnement silencieux et ses dimensions compactes, s\u2019int\u00e9grant parfaitement \u00e0 tous les espaces de vie.<\/p>\n<p>Gr\u00e2ce \u00e0 des composants de haute qualit\u00e9, la Logamax plus GB122-24 KH garantit un rendement saisonnier exceptionnel allant jusqu\u2019\u00e0 94 % et offre un confort sanitaire maximal, \u00e9valu\u00e9 \u00e0 3 \u00e9toiles selon la norme EN13203-1\/2.<\/p>\n<p>En choisissant la chaudi\u00e8re \u00e0 condensation Logamax plus GB122-24 KH, vous b\u00e9n\u00e9ficiez d\u2019un chauffage efficace et fiable au meilleur prix.<\/p>\n","protected":false},"featured_media":67724,"template":"","meta":{"_acf_changed":false},"product_brand":[4799],"product_cat":[4573],"product_tag":[4842],"class_list":{"0":"post-52706","1":"product","2":"type-product","3":"status-publish","4":"has-post-thumbnail","6":"product_brand-buderus-fr","7":"product_cat-chaudieres-a-gaz","8":"product_tag-caldaie-a-gas","9":"product_shipping_class-caldaie-a-gas-2-2","10":"sales-flash-overlay","11":"woocommerce-text-align-center","12":"woocommerce-image-align-center","13":"do-quantity-buttons","15":"first","16":"instock","17":"taxable","18":"shipping-taxable","19":"purchasable","20":"product-type-simple"},"acf":[],"_links":{"self":[{"href":"https:\/\/www.fokussrl.com\/fr\/wp-json\/wp\/v2\/product\/52706","targetHints":{"allow":["GET"]}}],"collection":[{"href":"https:\/\/www.fokussrl.com\/fr\/wp-json\/wp\/v2\/product"}],"about":[{"href":"https:\/\/www.fokussrl.com\/fr\/wp-json\/wp\/v2\/types\/product"}],"wp:featuredmedia":[{"embeddable":true,"href":"https:\/\/www.fokussrl.com\/fr\/wp-json\/wp\/v2\/media\/67724"}],"wp:attachment":[{"href":"https:\/\/www.fokussrl.com\/fr\/wp-json\/wp\/v2\/media?parent=52706"}],"wp:term":[{"taxonomy":"product_brand","embeddable":true,"href":"https:\/\/www.fokussrl.com\/fr\/wp-json\/wp\/v2\/product_brand?post=52706"},{"taxonomy":"product_cat","embeddable":true,"href":"https:\/\/www.fokussrl.com\/fr\/wp-json\/wp\/v2\/product_cat?post=52706"},{"taxonomy":"product_tag","embeddable":true,"href":"https:\/\/www.fokussrl.com\/fr\/wp-json\/wp\/v2\/product_tag?post=52706"}],"curies":[{"name":"wp","href":"https:\/\/api.w.org\/{rel}","templated":true}]}}