{"id":52707,"date":"2025-01-30T23:01:40","date_gmt":"2025-01-30T22:01:40","guid":{"rendered":"http:\/\/fokussrl.com\/prodotto\/poele-bois-fonte-saga-301-10-kw\/"},"modified":"2025-01-30T22:46:23","modified_gmt":"2025-01-30T21:46:23","slug":"poele-bois-fonte-saga-301-10-kw","status":"publish","type":"product","link":"https:\/\/www.fokussrl.com\/fr\/produit\/poele-bois-fonte-saga-301-10-kw\/","title":{"rendered":"Po\u00eale \u00e0 bois en fonte SAGA 301 10 kW &#8211; Dovre"},"content":{"rendered":"<ul>\n<li>Dimensions : 720 x 740 x 535 mm<\/li>\n<li>Poids : 200 kg<\/li>\n<li>Diam\u00e8tre de connexion : 150 mm<\/li>\n<li>Hauteur de connexion : 605 mm<\/li>\n<li>Lieu de connexion : sur le dessus ou l&rsquo;arri\u00e8re<\/li>\n<li>Puissance nominale : 10 kW<\/li>\n<li>Capacit\u00e9 : 140 m&sup3;<\/li>\n<li>Efficacit\u00e9 79,00%<\/li>\n<li>\u00c9missions de CO (13% O2) : 0,06<\/li>\n<li>Particules de poussi\u00e8re (mg\/nm&sup3;) : 22,5<\/li>\n<li>Plan de combustion : fond r\u00e9fractaire<\/li>\n<li>Pression minimale : 12<\/li>\n<li>Volume des fum\u00e9es : 9,66 g\/s<\/li>\n<li>Longueur des b\u00fbches : 50 cm<\/li>\n<li>Seconde combustion : oui<\/li>\n<li>Bouclier thermique : optionnel<\/li>\n<li>Air externe : inclus<\/li>\n<li>Augmentation de temp\u00e9rature mesur\u00e9e dans la section de mesure : 273 K<\/li>\n<li>\u00c9missions de NOx (13% O2 \u00e0 la puissance thermique nominale &#8211; mg\/nm&sup3;) : 113<\/li>\n<\/ul>\n","protected":false},"excerpt":{"rendered":"<p>Saga est une gamme de po\u00eales \u00e0 bois au design arrondi. Le mod\u00e8le Saga 301 est le plus grand po\u00eale de cette s\u00e9rie, offrant une chaleur maximale et une vue XXL. Tous les po\u00eales de la gamme Saga disposent d&rsquo;un contr\u00f4le d&rsquo;air unique et sont directement connectables \u00e0 l&rsquo;air ext\u00e9rieur, ce qui am\u00e9liore la production de chaleur.<\/p>\n","protected":false},"featured_media":52708,"template":"","meta":{"_acf_changed":false},"product_brand":[4805],"product_cat":[4599],"product_tag":[],"class_list":{"0":"post-52707","1":"product","2":"type-product","3":"status-publish","4":"has-post-thumbnail","6":"product_brand-dovre-fr","7":"product_cat-poeles-au-bois","8":"product_shipping_class-stufe-a-legna-2-2","9":"sales-flash-overlay","10":"woocommerce-text-align-center","11":"woocommerce-image-align-center","12":"do-quantity-buttons","14":"first","15":"instock","16":"taxable","17":"shipping-taxable","18":"purchasable","19":"product-type-simple"},"acf":[],"_links":{"self":[{"href":"https:\/\/www.fokussrl.com\/fr\/wp-json\/wp\/v2\/product\/52707","targetHints":{"allow":["GET"]}}],"collection":[{"href":"https:\/\/www.fokussrl.com\/fr\/wp-json\/wp\/v2\/product"}],"about":[{"href":"https:\/\/www.fokussrl.com\/fr\/wp-json\/wp\/v2\/types\/product"}],"wp:featuredmedia":[{"embeddable":true,"href":"https:\/\/www.fokussrl.com\/fr\/wp-json\/wp\/v2\/media\/52708"}],"wp:attachment":[{"href":"https:\/\/www.fokussrl.com\/fr\/wp-json\/wp\/v2\/media?parent=52707"}],"wp:term":[{"taxonomy":"product_brand","embeddable":true,"href":"https:\/\/www.fokussrl.com\/fr\/wp-json\/wp\/v2\/product_brand?post=52707"},{"taxonomy":"product_cat","embeddable":true,"href":"https:\/\/www.fokussrl.com\/fr\/wp-json\/wp\/v2\/product_cat?post=52707"},{"taxonomy":"product_tag","embeddable":true,"href":"https:\/\/www.fokussrl.com\/fr\/wp-json\/wp\/v2\/product_tag?post=52707"}],"curies":[{"name":"wp","href":"https:\/\/api.w.org\/{rel}","templated":true}]}}