{"id":52717,"date":"2025-01-30T23:01:40","date_gmt":"2025-01-30T22:01:40","guid":{"rendered":"http:\/\/fokussrl.com\/prodotto\/poele-bois-fonte-525-cb-10-kw\/"},"modified":"2025-01-30T22:46:24","modified_gmt":"2025-01-30T21:46:24","slug":"poele-bois-fonte-525-cb-10-kw","status":"publish","type":"product","link":"https:\/\/www.fokussrl.com\/fr\/produit\/poele-bois-fonte-525-cb-10-kw\/","title":{"rendered":"Po\u00eale \u00e0 bois en fonte 525 CB 10 kW &#8211; Dovre"},"content":{"rendered":"<ul>\n<li>DIMENSIONS : 525 x 750 x 475 mm<\/li>\n<li>POIDS (KG) 120<\/li>\n<li>DIAM\u00c8TRE DE CONNEXION (MM) 150<\/li>\n<li>HAUTEUR DE CONNEXION (MM) 625<\/li>\n<li>LIEU DE CONNEXION sur le dessus ou l&rsquo;arri\u00e8re<\/li>\n<li>PUISSANCE NOMINALE (kW) 8<\/li>\n<li>PUISSANCE MINIMALE (kW) 2,67<\/li>\n<li>PUISSANCE MAXIMALE (kW) 10<\/li>\n<li>ZONE CHAUFFABLE (M&sup3;) 160<\/li>\n<li>RENDEMENT 80,00%<\/li>\n<li>\u00c9MISSIONS DE CO (13% O2) 0,09<\/li>\n<li>PARTICULES DE POUSSI\u00c8RE (MG\/NM&sup3;) 21<\/li>\n<li>PLAQUE DE COMBUSTION Fond r\u00e9fractaire avec porte \u00e0 cendres<\/li>\n<li>PRESSION MINIMALE 12<\/li>\n<li>VOLUME DES FUM\u00c9ES (G\/S) 5,4<\/li>\n<li>LONGUEUR DES B\u00dbCHES (CM) 40<\/li>\n<li>SECONDE COMBUSTION OUI<\/li>\n<li>TIROIR \u00c0 CENDRES Inclus<\/li>\n<li>AIR EXT\u00c9RIEUR Inclus<\/li>\n<\/ul>\n","protected":false},"excerpt":{"rendered":"<p>Le po\u00eale \u00e0 bois en fonte 525 CB a une forme unique et s&rsquo;adapte \u00e0 tout int\u00e9rieur moderne, classique ou rustique. Il peut \u00eatre connect\u00e9 \u00e0 une prise d&rsquo;air ext\u00e9rieure.<\/p>\n<p>Certification environnementale : 4 \u00e9toiles.<\/p>\n","protected":false},"featured_media":52718,"template":"","meta":{"_acf_changed":false},"product_brand":[4805],"product_cat":[4599],"product_tag":[],"class_list":{"0":"post-52717","1":"product","2":"type-product","3":"status-publish","4":"has-post-thumbnail","6":"product_brand-dovre-fr","7":"product_cat-poeles-au-bois","8":"product_shipping_class-stufe-a-legna-2-2","9":"sales-flash-overlay","10":"woocommerce-text-align-center","11":"woocommerce-image-align-center","12":"do-quantity-buttons","14":"first","15":"instock","16":"taxable","17":"shipping-taxable","18":"purchasable","19":"product-type-simple"},"acf":[],"_links":{"self":[{"href":"https:\/\/www.fokussrl.com\/fr\/wp-json\/wp\/v2\/product\/52717","targetHints":{"allow":["GET"]}}],"collection":[{"href":"https:\/\/www.fokussrl.com\/fr\/wp-json\/wp\/v2\/product"}],"about":[{"href":"https:\/\/www.fokussrl.com\/fr\/wp-json\/wp\/v2\/types\/product"}],"wp:featuredmedia":[{"embeddable":true,"href":"https:\/\/www.fokussrl.com\/fr\/wp-json\/wp\/v2\/media\/52718"}],"wp:attachment":[{"href":"https:\/\/www.fokussrl.com\/fr\/wp-json\/wp\/v2\/media?parent=52717"}],"wp:term":[{"taxonomy":"product_brand","embeddable":true,"href":"https:\/\/www.fokussrl.com\/fr\/wp-json\/wp\/v2\/product_brand?post=52717"},{"taxonomy":"product_cat","embeddable":true,"href":"https:\/\/www.fokussrl.com\/fr\/wp-json\/wp\/v2\/product_cat?post=52717"},{"taxonomy":"product_tag","embeddable":true,"href":"https:\/\/www.fokussrl.com\/fr\/wp-json\/wp\/v2\/product_tag?post=52717"}],"curies":[{"name":"wp","href":"https:\/\/api.w.org\/{rel}","templated":true}]}}