{"id":52720,"date":"2025-01-30T23:01:40","date_gmt":"2025-01-30T22:01:40","guid":{"rendered":"http:\/\/fokussrl.com\/prodotto\/poele-bois-fonte-tai-35-w-8-5-kw\/"},"modified":"2025-01-30T22:46:24","modified_gmt":"2025-01-30T21:46:24","slug":"poele-bois-fonte-tai-35-w-8-5-kw","status":"publish","type":"product","link":"https:\/\/www.fokussrl.com\/fr\/produit\/poele-bois-fonte-tai-35-w-8-5-kw\/","title":{"rendered":"Po\u00eale \u00e0 bois en fonte TAI 35 W 8,5 kW &#8211; Dovre"},"content":{"rendered":"<ul>\n<li>DIMENSIONS : 520x785x400 mm<\/li>\n<li>POIDS (KG) 85<\/li>\n<li>DIAM\u00c8TRE DE CONNEXION (MM) 150<\/li>\n<li>HAUTEUR DE CONNEXION (MM) 610<\/li>\n<li>LIEU DE CONNEXION sur le dessus ou l&rsquo;arri\u00e8re<\/li>\n<li>PUISSANCE NOMINALE (kW) 6,5<\/li>\n<li>PUISSANCE MINIMALE (kW) 3,3<\/li>\n<li>PUISSANCE MAXIMALE (kW) 8,5<\/li>\n<li>CAPACIT\u00c9 (M&sup3;) 130<\/li>\n<li>RENDEMENT 81,40%<\/li>\n<li>\u00c9MISSIONS DE CO (13% O2) 0,07<\/li>\n<li>PARTICULES DE POUSSI\u00c8RE (MG\/NM&sup3;) 18<\/li>\n<li>PLAQUE DE COMBUSTION Fond r\u00e9fractaire<\/li>\n<li>PRESSION MINIMALE 12<\/li>\n<li>VOLUME DES FUM\u00c9ES (G\/S) 4,3<\/li>\n<li>LONGUEUR DES B\u00dbCHES (CM) 35<\/li>\n<li>SECONDE COMBUSTION OUI<\/li>\n<li>AUGMENTATION DE TEMP\u00c9RATURE MESUR\u00c9E DANS LA SECTION DE MESURE (K) 256<\/li>\n<li>\u00c9MISSIONS DE NOX (13%O2 \u00c0 LA PUISSANCE THERMIQUE NOMINALE &#8211; MG\/NM&sup3;) 107<\/li>\n<li>RENDEMENT \u00c9NERG\u00c9TIQUE SAISONNIER DU CHAUFFAGE D&rsquo;AMBIANCE (%) 71,4<\/li>\n<\/ul>\n","protected":false},"excerpt":{"rendered":"<p>Les po\u00eales TAI sont synonymes de simplicit\u00e9 et de fiabilit\u00e9, gr\u00e2ce \u00e0 leur aust\u00e9rit\u00e9, tant dans leur design que dans leurs caract\u00e9ristiques. Si vous recherchez une haute efficacit\u00e9 et de la chaleur \u00e0 un prix abordable, vous trouverez certainement ce que vous cherchez dans la famille Tai.<\/p>\n","protected":false},"featured_media":52721,"template":"","meta":{"_acf_changed":false},"product_brand":[4805],"product_cat":[4599],"product_tag":[],"class_list":{"0":"post-52720","1":"product","2":"type-product","3":"status-publish","4":"has-post-thumbnail","6":"product_brand-dovre-fr","7":"product_cat-poeles-au-bois","8":"product_shipping_class-stufe-a-legna-2-2","9":"sales-flash-overlay","10":"woocommerce-text-align-center","11":"woocommerce-image-align-center","12":"do-quantity-buttons","14":"first","15":"instock","16":"taxable","17":"shipping-taxable","18":"purchasable","19":"product-type-simple"},"acf":[],"_links":{"self":[{"href":"https:\/\/www.fokussrl.com\/fr\/wp-json\/wp\/v2\/product\/52720","targetHints":{"allow":["GET"]}}],"collection":[{"href":"https:\/\/www.fokussrl.com\/fr\/wp-json\/wp\/v2\/product"}],"about":[{"href":"https:\/\/www.fokussrl.com\/fr\/wp-json\/wp\/v2\/types\/product"}],"wp:featuredmedia":[{"embeddable":true,"href":"https:\/\/www.fokussrl.com\/fr\/wp-json\/wp\/v2\/media\/52721"}],"wp:attachment":[{"href":"https:\/\/www.fokussrl.com\/fr\/wp-json\/wp\/v2\/media?parent=52720"}],"wp:term":[{"taxonomy":"product_brand","embeddable":true,"href":"https:\/\/www.fokussrl.com\/fr\/wp-json\/wp\/v2\/product_brand?post=52720"},{"taxonomy":"product_cat","embeddable":true,"href":"https:\/\/www.fokussrl.com\/fr\/wp-json\/wp\/v2\/product_cat?post=52720"},{"taxonomy":"product_tag","embeddable":true,"href":"https:\/\/www.fokussrl.com\/fr\/wp-json\/wp\/v2\/product_tag?post=52720"}],"curies":[{"name":"wp","href":"https:\/\/api.w.org\/{rel}","templated":true}]}}