{"id":52723,"date":"2025-01-30T23:01:52","date_gmt":"2025-01-30T22:01:52","guid":{"rendered":"http:\/\/fokussrl.com\/prodotto\/poele-bois-fonte-brut-6-5-kw\/"},"modified":"2025-01-30T22:46:25","modified_gmt":"2025-01-30T21:46:25","slug":"poele-bois-fonte-brut-6-5-kw","status":"publish","type":"product","link":"https:\/\/www.fokussrl.com\/fr\/produit\/poele-bois-fonte-brut-6-5-kw\/","title":{"rendered":"Po\u00eale \u00e0 bois en fonte BRUT 6,5 kW &#8211; Dovre"},"content":{"rendered":"<ul>\n<li>Dimensions : 460 x 960 x 395 mm<\/li>\n<li>Poids : 105 kg<\/li>\n<li>Diam\u00e8tre de connexion : 150 kg<\/li>\n<li>Lieu de connexion : sur le dessus<\/li>\n<li>Puissance nominale : 6,5 kW<\/li>\n<li>Capacit\u00e9 : 140 m&sup3;<\/li>\n<li>Efficacit\u00e9 : 78,00%<\/li>\n<li>Plaque de combustion : fond r\u00e9fractaire<\/li>\n<li>Pression minimale : 12<\/li>\n<li>Longueur des b\u00fbches : 35 cm<\/li>\n<li>Seconde combustion : oui<\/li>\n<li>Porte avant avec verre r\u00e9sistant \u00e0 la chaleur, offrant une excellente vue du feu<\/li>\n<li>Syst\u00e8me de post-combustion des gaz d&rsquo;\u00e9chappement<\/li>\n<li>Inserts en vermiculite<\/li>\n<li>Barri\u00e8re d&rsquo;air pour \u00e9viter une salet\u00e9 excessive sur le verre<\/li>\n<\/ul>\n","protected":false},"excerpt":{"rendered":"<p>La Brut est un po\u00eale robuste, au look industriel et sans fioritures. Elle est dot\u00e9e d&rsquo;une grande porte en verre qui met en valeur les flammes.<\/p>\n","protected":false},"featured_media":52724,"template":"","meta":{"_acf_changed":false},"product_brand":[4805],"product_cat":[4599],"product_tag":[],"class_list":{"0":"post-52723","1":"product","2":"type-product","3":"status-publish","4":"has-post-thumbnail","6":"product_brand-dovre-fr","7":"product_cat-poeles-au-bois","8":"product_shipping_class-stufe-a-legna-2-2","9":"sales-flash-overlay","10":"woocommerce-text-align-center","11":"woocommerce-image-align-center","12":"do-quantity-buttons","14":"first","15":"instock","16":"taxable","17":"shipping-taxable","18":"purchasable","19":"product-type-simple"},"acf":[],"_links":{"self":[{"href":"https:\/\/www.fokussrl.com\/fr\/wp-json\/wp\/v2\/product\/52723","targetHints":{"allow":["GET"]}}],"collection":[{"href":"https:\/\/www.fokussrl.com\/fr\/wp-json\/wp\/v2\/product"}],"about":[{"href":"https:\/\/www.fokussrl.com\/fr\/wp-json\/wp\/v2\/types\/product"}],"wp:featuredmedia":[{"embeddable":true,"href":"https:\/\/www.fokussrl.com\/fr\/wp-json\/wp\/v2\/media\/52724"}],"wp:attachment":[{"href":"https:\/\/www.fokussrl.com\/fr\/wp-json\/wp\/v2\/media?parent=52723"}],"wp:term":[{"taxonomy":"product_brand","embeddable":true,"href":"https:\/\/www.fokussrl.com\/fr\/wp-json\/wp\/v2\/product_brand?post=52723"},{"taxonomy":"product_cat","embeddable":true,"href":"https:\/\/www.fokussrl.com\/fr\/wp-json\/wp\/v2\/product_cat?post=52723"},{"taxonomy":"product_tag","embeddable":true,"href":"https:\/\/www.fokussrl.com\/fr\/wp-json\/wp\/v2\/product_tag?post=52723"}],"curies":[{"name":"wp","href":"https:\/\/api.w.org\/{rel}","templated":true}]}}