{"id":52726,"date":"2025-01-30T23:01:52","date_gmt":"2025-01-30T22:01:52","guid":{"rendered":"http:\/\/fokussrl.com\/prodotto\/chaudiere-multi-combustibles-boiler-34\/"},"modified":"2025-01-30T22:46:26","modified_gmt":"2025-01-30T21:46:26","slug":"chaudiere-multi-combustibles-boiler-34","status":"publish","type":"product","link":"https:\/\/www.fokussrl.com\/fr\/produit\/chaudiere-multi-combustibles-boiler-34\/","title":{"rendered":"Chaudi\u00e8re multi-combustibles BOILER 34 &#8211; Eider"},"content":{"rendered":"<ul>\n<li>Puissance max : 34 kW<\/li>\n<li>Rendement : 78,40%<\/li>\n<li>Largeur : 1280 mm<\/li>\n<li>Hauteur : 1530 mm<\/li>\n<li>Profondeur : 907 mm<\/li>\n<li>Capacit&eacute; du r&eacute;servoir : 48 kg<\/li>\n<li>Capacit&eacute; de la chaudi&egrave;re : 150 L<\/li>\n<li>Alimentation : 230V ~ 50 Hz<\/li>\n<li>Combustible : Bois, Pellet et noyaux d&rsquo;olives<\/li>\n<li>Evacuation des fum&eacute;es : &Oslash; 200 mm<\/li>\n<li>Poids : 400 kg<\/li>\n<li>Rev&ecirc;tement : Acier<\/li>\n<\/ul>\n","protected":false},"excerpt":{"rendered":"<p>Chaudi\u00e8re multicombustible capable de br\u00fbler automatiquement des granul\u00e9s ou des noyaux d&rsquo;olives, et manuellement du bois ou des briquettes.<\/p>\n<p>Portes rev\u00eatues de pierre r\u00e9fractaire. \u00c9quip\u00e9e d&rsquo;une vanne anti-retour.<\/p>\n","protected":false},"featured_media":52727,"template":"","meta":{"_acf_changed":false},"product_brand":[4806],"product_cat":[4576],"product_tag":[],"class_list":{"0":"post-52726","1":"product","2":"type-product","3":"status-publish","4":"has-post-thumbnail","6":"product_brand-eider-fr","7":"product_cat-chaudieres-multicombustibles","8":"product_shipping_class-caldaie-policombustibili-2-2","9":"sales-flash-overlay","10":"woocommerce-text-align-center","11":"woocommerce-image-align-center","12":"do-quantity-buttons","14":"first","15":"instock","16":"taxable","17":"shipping-taxable","18":"purchasable","19":"product-type-simple"},"acf":[],"_links":{"self":[{"href":"https:\/\/www.fokussrl.com\/fr\/wp-json\/wp\/v2\/product\/52726","targetHints":{"allow":["GET"]}}],"collection":[{"href":"https:\/\/www.fokussrl.com\/fr\/wp-json\/wp\/v2\/product"}],"about":[{"href":"https:\/\/www.fokussrl.com\/fr\/wp-json\/wp\/v2\/types\/product"}],"wp:featuredmedia":[{"embeddable":true,"href":"https:\/\/www.fokussrl.com\/fr\/wp-json\/wp\/v2\/media\/52727"}],"wp:attachment":[{"href":"https:\/\/www.fokussrl.com\/fr\/wp-json\/wp\/v2\/media?parent=52726"}],"wp:term":[{"taxonomy":"product_brand","embeddable":true,"href":"https:\/\/www.fokussrl.com\/fr\/wp-json\/wp\/v2\/product_brand?post=52726"},{"taxonomy":"product_cat","embeddable":true,"href":"https:\/\/www.fokussrl.com\/fr\/wp-json\/wp\/v2\/product_cat?post=52726"},{"taxonomy":"product_tag","embeddable":true,"href":"https:\/\/www.fokussrl.com\/fr\/wp-json\/wp\/v2\/product_tag?post=52726"}],"curies":[{"name":"wp","href":"https:\/\/api.w.org\/{rel}","templated":true}]}}