{"id":52754,"date":"2025-01-30T23:01:52","date_gmt":"2025-01-30T22:01:52","guid":{"rendered":"http:\/\/fokussrl.com\/prodotto\/cheminee-centrale-bois-c-204-k-14-5-kw\/"},"modified":"2025-01-30T22:46:28","modified_gmt":"2025-01-30T21:46:28","slug":"cheminee-centrale-bois-c-204-k-14-5-kw","status":"publish","type":"product","link":"https:\/\/www.fokussrl.com\/fr\/produit\/cheminee-centrale-bois-c-204-k-14-5-kw\/","title":{"rendered":"Chemin\u00e9e centrale \u00e0 bois C-204-K 14,5 kW &#8211; FM Calefacci\u00f3n"},"content":{"rendered":"<ul>\n<li>Structure en acier haute &eacute;paisseur peint anthracite avec porte-b&ucirc;ches &agrave; la base<\/li>\n<li>Puissance thermique : 14,5 kW<\/li>\n<li>Rendement : 76,38%<\/li>\n<li>Dimensions : 925 x 2900 x 825 mm<\/li>\n<li>Dimensions de la porte : 665 x 370 x 650 mm<\/li>\n<li>Consommation : 4,55 kg\/h<\/li>\n<li>Emissions : CO : 0,239%<\/li>\n<li>Poids : 166 kg<\/li>\n<li>Volume chauffable : 338 m3<\/li>\n<\/ul>\n","protected":false},"excerpt":{"rendered":"<p>Grande chemin\u00e9e d\u00e9corative et de chauffage adapt\u00e9e \u00e0 une installation au centre d&rsquo;une pi\u00e8ce. C&rsquo;est notre chemin\u00e9e centrale la plus vendue pour son excellent rapport qualit\u00e9-prix.<\/p>\n","protected":false},"featured_media":52755,"template":"","meta":{"_acf_changed":false},"product_brand":[4809],"product_cat":[4582],"product_tag":[],"class_list":{"0":"post-52754","1":"product","2":"type-product","3":"status-publish","4":"has-post-thumbnail","6":"product_brand-fm-calefaccion-fr","7":"product_cat-cheminees-design","8":"product_shipping_class-caminetti-di-design-2-2","9":"sales-flash-overlay","10":"woocommerce-text-align-center","11":"woocommerce-image-align-center","12":"do-quantity-buttons","14":"first","15":"instock","16":"taxable","17":"shipping-taxable","18":"purchasable","19":"product-type-simple"},"acf":[],"_links":{"self":[{"href":"https:\/\/www.fokussrl.com\/fr\/wp-json\/wp\/v2\/product\/52754","targetHints":{"allow":["GET"]}}],"collection":[{"href":"https:\/\/www.fokussrl.com\/fr\/wp-json\/wp\/v2\/product"}],"about":[{"href":"https:\/\/www.fokussrl.com\/fr\/wp-json\/wp\/v2\/types\/product"}],"wp:featuredmedia":[{"embeddable":true,"href":"https:\/\/www.fokussrl.com\/fr\/wp-json\/wp\/v2\/media\/52755"}],"wp:attachment":[{"href":"https:\/\/www.fokussrl.com\/fr\/wp-json\/wp\/v2\/media?parent=52754"}],"wp:term":[{"taxonomy":"product_brand","embeddable":true,"href":"https:\/\/www.fokussrl.com\/fr\/wp-json\/wp\/v2\/product_brand?post=52754"},{"taxonomy":"product_cat","embeddable":true,"href":"https:\/\/www.fokussrl.com\/fr\/wp-json\/wp\/v2\/product_cat?post=52754"},{"taxonomy":"product_tag","embeddable":true,"href":"https:\/\/www.fokussrl.com\/fr\/wp-json\/wp\/v2\/product_tag?post=52754"}],"curies":[{"name":"wp","href":"https:\/\/api.w.org\/{rel}","templated":true}]}}