{"id":52760,"date":"2025-01-30T23:01:52","date_gmt":"2025-01-30T22:01:52","guid":{"rendered":"http:\/\/fokussrl.com\/prodotto\/cheminee-murale-bois-c-200-k-15-kw\/"},"modified":"2025-01-30T22:46:28","modified_gmt":"2025-01-30T21:46:28","slug":"cheminee-murale-bois-c-200-k-15-kw","status":"publish","type":"product","link":"https:\/\/www.fokussrl.com\/fr\/produit\/cheminee-murale-bois-c-200-k-15-kw\/","title":{"rendered":"Chemin\u00e9e murale \u00e0 bois C-200-K 15 kW &#8211; FM Calefacci\u00f3n"},"content":{"rendered":"<ul>\n<li>Structure en acier haute &eacute;paisseur peint anthracite avec porte-b&ucirc;ches &agrave; la base<\/li>\n<li>Puissance thermique : 15 kW<\/li>\n<li>Rendement : 72%<\/li>\n<li>Dimensions : 950 x 2900 x 571 mm<\/li>\n<li>Dimensions de la porte : 665 x 370 x 435&nbsp;mm<\/li>\n<li>Consommation : 4,40 kg\/h<\/li>\n<li>Emissions : CO : 0,25%<\/li>\n<li>Poids : 155 kg<\/li>\n<li>Volume chauffable : 363 m3<\/li>\n<\/ul>\n","protected":false},"excerpt":{"rendered":"<p>Chemin\u00e9e d\u00e9corative et de chauffage adapt\u00e9e \u00e0 une installation murale. Version avec porte en verre s\u00e9rigraphi\u00e9 noir.<\/p>\n","protected":false},"featured_media":52761,"template":"","meta":{"_acf_changed":false},"product_brand":[4809],"product_cat":[4582,4585],"product_tag":[],"class_list":{"0":"post-52760","1":"product","2":"type-product","3":"status-publish","4":"has-post-thumbnail","6":"product_brand-fm-calefaccion-fr","7":"product_cat-cheminees-design","8":"product_cat-cheminees-modernes-au-bois-murales","9":"product_shipping_class-caminetti-di-design-2-2","10":"sales-flash-overlay","11":"woocommerce-text-align-center","12":"woocommerce-image-align-center","13":"do-quantity-buttons","15":"first","16":"instock","17":"taxable","18":"shipping-taxable","19":"purchasable","20":"product-type-simple"},"acf":[],"_links":{"self":[{"href":"https:\/\/www.fokussrl.com\/fr\/wp-json\/wp\/v2\/product\/52760","targetHints":{"allow":["GET"]}}],"collection":[{"href":"https:\/\/www.fokussrl.com\/fr\/wp-json\/wp\/v2\/product"}],"about":[{"href":"https:\/\/www.fokussrl.com\/fr\/wp-json\/wp\/v2\/types\/product"}],"wp:featuredmedia":[{"embeddable":true,"href":"https:\/\/www.fokussrl.com\/fr\/wp-json\/wp\/v2\/media\/52761"}],"wp:attachment":[{"href":"https:\/\/www.fokussrl.com\/fr\/wp-json\/wp\/v2\/media?parent=52760"}],"wp:term":[{"taxonomy":"product_brand","embeddable":true,"href":"https:\/\/www.fokussrl.com\/fr\/wp-json\/wp\/v2\/product_brand?post=52760"},{"taxonomy":"product_cat","embeddable":true,"href":"https:\/\/www.fokussrl.com\/fr\/wp-json\/wp\/v2\/product_cat?post=52760"},{"taxonomy":"product_tag","embeddable":true,"href":"https:\/\/www.fokussrl.com\/fr\/wp-json\/wp\/v2\/product_tag?post=52760"}],"curies":[{"name":"wp","href":"https:\/\/api.w.org\/{rel}","templated":true}]}}