{"id":52778,"date":"2025-01-30T23:01:52","date_gmt":"2025-01-30T22:01:52","guid":{"rendered":"http:\/\/fokussrl.com\/prodotto\/poele-angle-avec-four-hl-200-r-11-5-kw\/"},"modified":"2025-01-30T22:46:30","modified_gmt":"2025-01-30T21:46:30","slug":"poele-angle-avec-four-hl-200-r-11-5-kw","status":"publish","type":"product","link":"https:\/\/www.fokussrl.com\/fr\/produit\/poele-angle-avec-four-hl-200-r-11-5-kw\/","title":{"rendered":"Po\u00eale d&rsquo;angle avec four HL-200-R 11,5 kW &#8211; FM Calefacci\u00f3n"},"content":{"rendered":"<ul>\n<li>Dimensions ext&eacute;rieures : P 908 x L 1285 x H 1157 mm<\/li>\n<li>Dimensions de la chambre de cuisson : 600 x 400 mm<\/li>\n<li>Profondeur du four : 420 mm<\/li>\n<li>Consommation horaire : 3,3 kg\/h<\/li>\n<li>Puissance thermique nominale : 11,5 kW<\/li>\n<li>Poids : 195 kg<\/li>\n<li>Rendement : 77%<\/li>\n<li>&Eacute;missions : CO : 0,25%<\/li>\n<\/ul>\n<p>R&eacute;glage de l&rsquo;air primaire et secondaire pour un verre toujours propre<\/p>\n","protected":false},"excerpt":{"rendered":"<p>Po\u00eale \u00e0 bois d&rsquo;angle en acier peint anthracite r\u00e9sistant \u00e0 650\u00b0. Porte avec cristal en vitroc\u00e9ramique r\u00e9sistant \u00e0 750\u00b0. Four en acier inoxydable avec thermom\u00e8tre pour contr\u00f4ler la temp\u00e9rature de cuisson.<\/p>\n","protected":false},"featured_media":52779,"template":"","meta":{"_acf_changed":false},"product_brand":[4809],"product_cat":[4601],"product_tag":[],"class_list":{"0":"post-52778","1":"product","2":"type-product","3":"status-publish","4":"has-post-thumbnail","6":"product_brand-fm-calefaccion-fr","7":"product_cat-poeles-au-bois-avec-four","8":"product_shipping_class-stufe-a-legna-con-forno-2-2","9":"sales-flash-overlay","10":"woocommerce-text-align-center","11":"woocommerce-image-align-center","12":"do-quantity-buttons","14":"first","15":"instock","16":"taxable","17":"shipping-taxable","18":"purchasable","19":"product-type-simple"},"acf":[],"_links":{"self":[{"href":"https:\/\/www.fokussrl.com\/fr\/wp-json\/wp\/v2\/product\/52778","targetHints":{"allow":["GET"]}}],"collection":[{"href":"https:\/\/www.fokussrl.com\/fr\/wp-json\/wp\/v2\/product"}],"about":[{"href":"https:\/\/www.fokussrl.com\/fr\/wp-json\/wp\/v2\/types\/product"}],"wp:featuredmedia":[{"embeddable":true,"href":"https:\/\/www.fokussrl.com\/fr\/wp-json\/wp\/v2\/media\/52779"}],"wp:attachment":[{"href":"https:\/\/www.fokussrl.com\/fr\/wp-json\/wp\/v2\/media?parent=52778"}],"wp:term":[{"taxonomy":"product_brand","embeddable":true,"href":"https:\/\/www.fokussrl.com\/fr\/wp-json\/wp\/v2\/product_brand?post=52778"},{"taxonomy":"product_cat","embeddable":true,"href":"https:\/\/www.fokussrl.com\/fr\/wp-json\/wp\/v2\/product_cat?post=52778"},{"taxonomy":"product_tag","embeddable":true,"href":"https:\/\/www.fokussrl.com\/fr\/wp-json\/wp\/v2\/product_tag?post=52778"}],"curies":[{"name":"wp","href":"https:\/\/api.w.org\/{rel}","templated":true}]}}