{"id":52784,"date":"2025-01-30T23:02:04","date_gmt":"2025-01-30T22:02:04","guid":{"rendered":"http:\/\/fokussrl.com\/prodotto\/insert-bois-3-cotes-it-103-k-14-5-kw\/"},"modified":"2025-01-30T22:46:32","modified_gmt":"2025-01-30T21:46:32","slug":"insert-bois-3-cotes-it-103-k-14-5-kw","status":"publish","type":"product","link":"https:\/\/www.fokussrl.com\/fr\/produit\/insert-bois-3-cotes-it-103-k-14-5-kw\/","title":{"rendered":"Insert \u00e0 bois 3 c\u00f4t\u00e9s IT-103 K 14,5 kW &#8211; FM Calefacci\u00f3n"},"content":{"rendered":"<ul>\n<li>Puissance thermique : 14,50 kW<\/li>\n<li>Rendement : 73,5%<\/li>\n<li>Emissions CO : 0,30%<\/li>\n<li>Consommation : 4,70 kg\/h<\/li>\n<li>Tiroir &agrave; cendres amovible<\/li>\n<li>Structure en acier de 4 mm<\/li>\n<li>Peinture r&eacute;sistante &agrave; la chaleur : 800&ordm;C<\/li>\n<li>Verre c&eacute;ramique : 750&ordm;C<\/li>\n<li>Sortie de fum&eacute;e sup&eacute;rieure male : &Oslash; 200 mm<\/li>\n<li>R&eacute;glage de l&rsquo;air primaire<\/li>\n<li>R&eacute;glage de l&rsquo;air secondaire<\/li>\n<li>Syst&egrave;me Crystal-Clean<\/li>\n<li>Syst&egrave;me &agrave; double combustion<\/li>\n<li>D&eacute;flecteur interne amovible r&eacute;glable<\/li>\n<li>Canalisations : 4 x &Oslash; 120 mm<\/li>\n<li>Deux ventilateurs axiaux de 160 m3 \/ h et 20 W x 2 (220 V)<\/li>\n<li>Ventilation manuelle en 3 positions ou automatique<\/li>\n<li>Dimensions de l&rsquo;ouverture de la chemin&eacute;e : 820 x 330 mm<\/li>\n<li>Profondeur de la chambre de combustion : 415 mm<\/li>\n<li>Dimensions : 600 x 997 x 487 mm<\/li>\n<li>Volume de chauffage : 363 m3<\/li>\n<li>Poids : 134 kg<\/li>\n<\/ul>\n","protected":false},"excerpt":{"rendered":"<p>Insert \u00e0 bois avec trois c\u00f4t\u00e9s en verre de 100 cm, int\u00e9rieur en vermiculite, et porte en verre s\u00e9rigraphi\u00e9 noir brillant.<\/p>\n","protected":false},"featured_media":52785,"template":"","meta":{"_acf_changed":false},"product_brand":[4809],"product_cat":[4591],"product_tag":[],"class_list":{"0":"post-52784","1":"product","2":"type-product","3":"status-publish","4":"has-post-thumbnail","6":"product_brand-fm-calefaccion-fr","7":"product_cat-inserts-au-bois","8":"product_shipping_class-inserti-a-legna-2-2","9":"sales-flash-overlay","10":"woocommerce-text-align-center","11":"woocommerce-image-align-center","12":"do-quantity-buttons","14":"first","15":"instock","16":"taxable","17":"shipping-taxable","18":"purchasable","19":"product-type-simple"},"acf":[],"_links":{"self":[{"href":"https:\/\/www.fokussrl.com\/fr\/wp-json\/wp\/v2\/product\/52784","targetHints":{"allow":["GET"]}}],"collection":[{"href":"https:\/\/www.fokussrl.com\/fr\/wp-json\/wp\/v2\/product"}],"about":[{"href":"https:\/\/www.fokussrl.com\/fr\/wp-json\/wp\/v2\/types\/product"}],"wp:featuredmedia":[{"embeddable":true,"href":"https:\/\/www.fokussrl.com\/fr\/wp-json\/wp\/v2\/media\/52785"}],"wp:attachment":[{"href":"https:\/\/www.fokussrl.com\/fr\/wp-json\/wp\/v2\/media?parent=52784"}],"wp:term":[{"taxonomy":"product_brand","embeddable":true,"href":"https:\/\/www.fokussrl.com\/fr\/wp-json\/wp\/v2\/product_brand?post=52784"},{"taxonomy":"product_cat","embeddable":true,"href":"https:\/\/www.fokussrl.com\/fr\/wp-json\/wp\/v2\/product_cat?post=52784"},{"taxonomy":"product_tag","embeddable":true,"href":"https:\/\/www.fokussrl.com\/fr\/wp-json\/wp\/v2\/product_tag?post=52784"}],"curies":[{"name":"wp","href":"https:\/\/api.w.org\/{rel}","templated":true}]}}