{"id":52796,"date":"2025-01-30T23:02:04","date_gmt":"2025-01-30T22:02:04","guid":{"rendered":"http:\/\/fokussrl.com\/prodotto\/poele-ventile-avec-four-m-107-t-11-5-kw\/"},"modified":"2025-01-30T22:46:33","modified_gmt":"2025-01-30T21:46:33","slug":"poele-ventile-avec-four-m-107-t-11-5-kw","status":"publish","type":"product","link":"https:\/\/www.fokussrl.com\/fr\/produit\/poele-ventile-avec-four-m-107-t-11-5-kw\/","title":{"rendered":"Po\u00eale ventil\u00e9 avec four M-107-T 11,5 kW &#8211; FM Calefacci\u00f3n"},"content":{"rendered":"<ul>\n<li>Dimensions ext&eacute;rieures : P 524 x L 728 x H 1175&nbsp;mm<\/li>\n<li>Dimensions de la chambre de combustion : 500 x 335&nbsp;mm<\/li>\n<li>Profondeur de la chambre de combustion : 400&nbsp;mm<\/li>\n<li>Dimensions du four : 500 x 225&nbsp;mm<\/li>\n<li>Profondeur du four : 360&nbsp;mm<\/li>\n<li>Consommation horaire : 2,76 kg\/h<\/li>\n<li>Taille des b&ucirc;ches : 65 cm<\/li>\n<li>Puissance thermique nominale : 9,5 kW<\/li>\n<li>Ventilateur tangentiel 265 m3\/h<\/li>\n<li>Interrupteur &agrave; 2 vitesses et position OFF<\/li>\n<li>Poids : 146 kg<\/li>\n<li>Rendement : 81%<\/li>\n<li>&Eacute;missions : CO : 0,08%<\/li>\n<\/ul>\n<p>R&eacute;glage de l&rsquo;air primaire et secondaire pour un verre toujours propre<\/p>\n","protected":false},"excerpt":{"rendered":"<p>Po\u00eale \u00e0 bois ventil\u00e9 en acier peint anthracite r\u00e9sistant \u00e0 650\u00b0. Porte avec cristal en vitroc\u00e9ramique r\u00e9sistant \u00e0 750\u00b0. Four en acier inoxydable avec thermom\u00e8tre pour contr\u00f4ler la temp\u00e9rature de cuisson.<\/p>\n","protected":false},"featured_media":52797,"template":"","meta":{"_acf_changed":false},"product_brand":[4809],"product_cat":[4601],"product_tag":[],"class_list":{"0":"post-52796","1":"product","2":"type-product","3":"status-publish","4":"has-post-thumbnail","6":"product_brand-fm-calefaccion-fr","7":"product_cat-poeles-au-bois-avec-four","8":"product_shipping_class-stufe-a-legna-con-forno-2-2","9":"sales-flash-overlay","10":"woocommerce-text-align-center","11":"woocommerce-image-align-center","12":"do-quantity-buttons","14":"first","15":"instock","16":"taxable","17":"shipping-taxable","18":"purchasable","19":"product-type-simple"},"acf":[],"_links":{"self":[{"href":"https:\/\/www.fokussrl.com\/fr\/wp-json\/wp\/v2\/product\/52796","targetHints":{"allow":["GET"]}}],"collection":[{"href":"https:\/\/www.fokussrl.com\/fr\/wp-json\/wp\/v2\/product"}],"about":[{"href":"https:\/\/www.fokussrl.com\/fr\/wp-json\/wp\/v2\/types\/product"}],"wp:featuredmedia":[{"embeddable":true,"href":"https:\/\/www.fokussrl.com\/fr\/wp-json\/wp\/v2\/media\/52797"}],"wp:attachment":[{"href":"https:\/\/www.fokussrl.com\/fr\/wp-json\/wp\/v2\/media?parent=52796"}],"wp:term":[{"taxonomy":"product_brand","embeddable":true,"href":"https:\/\/www.fokussrl.com\/fr\/wp-json\/wp\/v2\/product_brand?post=52796"},{"taxonomy":"product_cat","embeddable":true,"href":"https:\/\/www.fokussrl.com\/fr\/wp-json\/wp\/v2\/product_cat?post=52796"},{"taxonomy":"product_tag","embeddable":true,"href":"https:\/\/www.fokussrl.com\/fr\/wp-json\/wp\/v2\/product_tag?post=52796"}],"curies":[{"name":"wp","href":"https:\/\/api.w.org\/{rel}","templated":true}]}}