{"id":52799,"date":"2025-01-30T23:02:04","date_gmt":"2025-01-30T22:02:04","guid":{"rendered":"http:\/\/fokussrl.com\/prodotto\/cheminee-angle-bois-c-300-r-14-kw\/"},"modified":"2025-01-30T22:46:33","modified_gmt":"2025-01-30T21:46:33","slug":"cheminee-angle-bois-c-300-r-14-kw","status":"publish","type":"product","link":"https:\/\/www.fokussrl.com\/fr\/produit\/cheminee-angle-bois-c-300-r-14-kw\/","title":{"rendered":"Chemin\u00e9e d&rsquo;angle \u00e0 bois C-300-R 14 kW &#8211; FM Calefacci\u00f3n"},"content":{"rendered":"<ul>\n<li>Structure en acier haute &eacute;paisseur peint anthracite avec porte-b&ucirc;ches &agrave; la base<\/li>\n<li>Puissance thermique : 14 kW<\/li>\n<li>Rendement : 83%<\/li>\n<li>Dimensions : 1008 x 2900 x 714 mm<\/li>\n<li>Dimensions de la porte : 565 x 355 x 520&nbsp;mm<\/li>\n<li>Consommation : 4,00 kg\/h<\/li>\n<li>Emissions : CO : 0,29%<\/li>\n<li>Poids : 132 kg<\/li>\n<li>Volume chauffable : 338 m3<\/li>\n<\/ul>\n","protected":false},"excerpt":{"rendered":"<p>Chemin\u00e9e d\u00e9corative et de chauffage de taille moyenne adapt\u00e9e \u00e0 une installation murale. Version avec porte en m\u00e9tal.<\/p>\n","protected":false},"featured_media":52800,"template":"","meta":{"_acf_changed":false},"product_brand":[4809],"product_cat":[4582],"product_tag":[],"class_list":{"0":"post-52799","1":"product","2":"type-product","3":"status-publish","4":"has-post-thumbnail","6":"product_brand-fm-calefaccion-fr","7":"product_cat-cheminees-design","8":"product_shipping_class-caminetti-di-design-2-2","9":"sales-flash-overlay","10":"woocommerce-text-align-center","11":"woocommerce-image-align-center","12":"do-quantity-buttons","14":"first","15":"instock","16":"taxable","17":"shipping-taxable","18":"purchasable","19":"product-type-simple"},"acf":[],"_links":{"self":[{"href":"https:\/\/www.fokussrl.com\/fr\/wp-json\/wp\/v2\/product\/52799","targetHints":{"allow":["GET"]}}],"collection":[{"href":"https:\/\/www.fokussrl.com\/fr\/wp-json\/wp\/v2\/product"}],"about":[{"href":"https:\/\/www.fokussrl.com\/fr\/wp-json\/wp\/v2\/types\/product"}],"wp:featuredmedia":[{"embeddable":true,"href":"https:\/\/www.fokussrl.com\/fr\/wp-json\/wp\/v2\/media\/52800"}],"wp:attachment":[{"href":"https:\/\/www.fokussrl.com\/fr\/wp-json\/wp\/v2\/media?parent=52799"}],"wp:term":[{"taxonomy":"product_brand","embeddable":true,"href":"https:\/\/www.fokussrl.com\/fr\/wp-json\/wp\/v2\/product_brand?post=52799"},{"taxonomy":"product_cat","embeddable":true,"href":"https:\/\/www.fokussrl.com\/fr\/wp-json\/wp\/v2\/product_cat?post=52799"},{"taxonomy":"product_tag","embeddable":true,"href":"https:\/\/www.fokussrl.com\/fr\/wp-json\/wp\/v2\/product_tag?post=52799"}],"curies":[{"name":"wp","href":"https:\/\/api.w.org\/{rel}","templated":true}]}}