{"id":52810,"date":"2025-01-30T23:02:04","date_gmt":"2025-01-30T22:02:04","guid":{"rendered":"http:\/\/fokussrl.com\/prodotto\/cheminee-murale-ventilee-a-bois-c-303-tk-12-5-kw\/"},"modified":"2025-01-30T22:46:34","modified_gmt":"2025-01-30T21:46:34","slug":"cheminee-murale-ventilee-a-bois-c-303-tk-12-5-kw","status":"publish","type":"product","link":"https:\/\/www.fokussrl.com\/fr\/produit\/cheminee-murale-ventilee-a-bois-c-303-tk-12-5-kw\/","title":{"rendered":"Chemin\u00e9e murale ventil\u00e9e \u00e0 bois C-303-TK 12,5 kW &#8211; FM Calefacci\u00f3n"},"content":{"rendered":"<ul>\n<li>Structure en acier haute &eacute;paisseur peint anthracite avec porte-b&ucirc;ches &agrave; la base<\/li>\n<li>Puissance thermique : 12,5 kW<\/li>\n<li>Ventilateur tangentiel : 265 m3<\/li>\n<li>Tuyau de canalisation : 2 X 120 mm<\/li>\n<li>Rendement : 72%<\/li>\n<li>Dimensions : 741 x 2900 x 500&nbsp;mm<\/li>\n<li>Dimensions de l&rsquo;ouverture de la chemin&eacute;e : 545 x 295 x 350&nbsp;mm<\/li>\n<li>Consommation : 4,30 kg\/h<\/li>\n<li>&Eacute;missions : CO : 0,27%<\/li>\n<li>Poids : 105 kg<\/li>\n<li>Volume chauffable : 313 m3<\/li>\n<\/ul>\n","protected":false},"excerpt":{"rendered":"<p>Chemin\u00e9e d\u00e9corative et de chauffage de taille moyenne, ventil\u00e9e avec trois c\u00f4t\u00e9s en verre, adapt\u00e9e \u00e0 une installation murale.<\/p>\n","protected":false},"featured_media":52811,"template":"","meta":{"_acf_changed":false},"product_brand":[4809],"product_cat":[4582,4585],"product_tag":[],"class_list":{"0":"post-52810","1":"product","2":"type-product","3":"status-publish","4":"has-post-thumbnail","6":"product_brand-fm-calefaccion-fr","7":"product_cat-cheminees-design","8":"product_cat-cheminees-modernes-au-bois-murales","9":"product_shipping_class-caminetti-di-design-2-2","10":"sales-flash-overlay","11":"woocommerce-text-align-center","12":"woocommerce-image-align-center","13":"do-quantity-buttons","15":"first","16":"instock","17":"taxable","18":"shipping-taxable","19":"purchasable","20":"product-type-simple"},"acf":[],"_links":{"self":[{"href":"https:\/\/www.fokussrl.com\/fr\/wp-json\/wp\/v2\/product\/52810","targetHints":{"allow":["GET"]}}],"collection":[{"href":"https:\/\/www.fokussrl.com\/fr\/wp-json\/wp\/v2\/product"}],"about":[{"href":"https:\/\/www.fokussrl.com\/fr\/wp-json\/wp\/v2\/types\/product"}],"wp:featuredmedia":[{"embeddable":true,"href":"https:\/\/www.fokussrl.com\/fr\/wp-json\/wp\/v2\/media\/52811"}],"wp:attachment":[{"href":"https:\/\/www.fokussrl.com\/fr\/wp-json\/wp\/v2\/media?parent=52810"}],"wp:term":[{"taxonomy":"product_brand","embeddable":true,"href":"https:\/\/www.fokussrl.com\/fr\/wp-json\/wp\/v2\/product_brand?post=52810"},{"taxonomy":"product_cat","embeddable":true,"href":"https:\/\/www.fokussrl.com\/fr\/wp-json\/wp\/v2\/product_cat?post=52810"},{"taxonomy":"product_tag","embeddable":true,"href":"https:\/\/www.fokussrl.com\/fr\/wp-json\/wp\/v2\/product_tag?post=52810"}],"curies":[{"name":"wp","href":"https:\/\/api.w.org\/{rel}","templated":true}]}}