{"id":52845,"date":"2025-01-30T23:02:15","date_gmt":"2025-01-30T22:02:15","guid":{"rendered":"http:\/\/fokussrl.com\/prodotto\/poele-bois-ventile-m-300-tk-12-5-kw\/"},"modified":"2025-01-30T22:46:38","modified_gmt":"2025-01-30T21:46:38","slug":"poele-bois-ventile-m-300-tk-12-5-kw","status":"publish","type":"product","link":"https:\/\/www.fokussrl.com\/fr\/produit\/poele-bois-ventile-m-300-tk-12-5-kw\/","title":{"rendered":"Po\u00eale \u00e0 bois ventil\u00e9 M-300-TK 12,5 kW &#8211; FM Calefacci\u00f3n"},"content":{"rendered":"<ul>\n<li>Structure en acier avec peinture anthracite &eacute;paisse et base de rangement pour bois<\/li>\n<li>Puissance thermique : 12,5 kW<\/li>\n<li>Ventilateur tangentiel : 265 m3<\/li>\n<li>Connexion de conduit : 2 X 120 mm<\/li>\n<li>Rendement : 75,2%<\/li>\n<li>Dimensions : 690 x 1080 x 487 mm<\/li>\n<li>Dimensions de l&rsquo;ouverture : 545 x 285 x 370 mm<\/li>\n<li>Consommation : 3,35 kg\/h<\/li>\n<li>&Eacute;missions de CO : 0,254%<\/li>\n<li>Poids : 100 kg<\/li>\n<li>Volume de chauffage : 313 m3<\/li>\n<\/ul>\n","protected":false},"excerpt":{"rendered":"<p>Po\u00eale chemin\u00e9e d\u00e9corative et de chauffage ventil\u00e9e adapt\u00e9e \u00e0 une installation murale. Elle dispose de deux sorties arri\u00e8re pour la canalisation de l&rsquo;air.<\/p>\n","protected":false},"featured_media":52846,"template":"","meta":{"_acf_changed":false},"product_brand":[4809],"product_cat":[4600],"product_tag":[],"class_list":{"0":"post-52845","1":"product","2":"type-product","3":"status-publish","4":"has-post-thumbnail","6":"product_brand-fm-calefaccion-fr","7":"product_cat-poeles-au-bois-ventiles","8":"product_shipping_class-stufe-a-legna-canalizzate-2-2","9":"sales-flash-overlay","10":"woocommerce-text-align-center","11":"woocommerce-image-align-center","12":"do-quantity-buttons","14":"first","15":"instock","16":"taxable","17":"shipping-taxable","18":"purchasable","19":"product-type-simple"},"acf":[],"_links":{"self":[{"href":"https:\/\/www.fokussrl.com\/fr\/wp-json\/wp\/v2\/product\/52845","targetHints":{"allow":["GET"]}}],"collection":[{"href":"https:\/\/www.fokussrl.com\/fr\/wp-json\/wp\/v2\/product"}],"about":[{"href":"https:\/\/www.fokussrl.com\/fr\/wp-json\/wp\/v2\/types\/product"}],"wp:featuredmedia":[{"embeddable":true,"href":"https:\/\/www.fokussrl.com\/fr\/wp-json\/wp\/v2\/media\/52846"}],"wp:attachment":[{"href":"https:\/\/www.fokussrl.com\/fr\/wp-json\/wp\/v2\/media?parent=52845"}],"wp:term":[{"taxonomy":"product_brand","embeddable":true,"href":"https:\/\/www.fokussrl.com\/fr\/wp-json\/wp\/v2\/product_brand?post=52845"},{"taxonomy":"product_cat","embeddable":true,"href":"https:\/\/www.fokussrl.com\/fr\/wp-json\/wp\/v2\/product_cat?post=52845"},{"taxonomy":"product_tag","embeddable":true,"href":"https:\/\/www.fokussrl.com\/fr\/wp-json\/wp\/v2\/product_tag?post=52845"}],"curies":[{"name":"wp","href":"https:\/\/api.w.org\/{rel}","templated":true}]}}