{"id":52866,"date":"2025-01-30T23:02:15","date_gmt":"2025-01-30T22:02:15","guid":{"rendered":"http:\/\/fokussrl.com\/prodotto\/insert-bois-i-180-13-5-kw\/"},"modified":"2025-01-30T22:46:40","modified_gmt":"2025-01-30T21:46:40","slug":"insert-bois-i-180-13-5-kw","status":"publish","type":"product","link":"https:\/\/www.fokussrl.com\/fr\/produit\/insert-bois-i-180-13-5-kw\/","title":{"rendered":"Insert \u00e0 bois I-180 13,5 kW &#8211; FM Calefacci\u00f3n"},"content":{"rendered":"<ul>\n<li>Puissance thermique : 12,50 kW<\/li>\n<li>Rendement : 71%<\/li>\n<li>&Eacute;missions de CO : 0,36%<\/li>\n<li>Consommation : 4,2 kg\/h<\/li>\n<li>Chambre de combustion interne en vermiculite<\/li>\n<li>Tiroir &agrave; cendres amovible<\/li>\n<li>Structure en acier de 4 mm<\/li>\n<li>Peinture r&eacute;sistante &agrave; la chaleur : 800&ordm;C<\/li>\n<li>Verre c&eacute;ramique : 750&ordm;C<\/li>\n<li>Sortie de fum&eacute;es sup&eacute;rieure : &Oslash; 150 mm<\/li>\n<li>R&eacute;glage de l&rsquo;air primaire<\/li>\n<li>R&eacute;glage de l&rsquo;air secondaire<\/li>\n<li>Syst&egrave;me Crystal-Clean<\/li>\n<li>Syst&egrave;me &agrave; double combustion<\/li>\n<li>D&eacute;flecteur interne amovible<\/li>\n<li>Canalisations : 2 x &Oslash; 120 mm<\/li>\n<li>Dimensions de la chambre de combustion : 550 x 300 mm<\/li>\n<li>Profondeur de la chambre de combustion : 380 mm<\/li>\n<li>Dimensions : 630 x 800 x 422 mm<\/li>\n<li>Volume de chauffage : 313 m3<\/li>\n<li>Poids : 75 kg<\/li>\n<\/ul>\n","protected":false},"excerpt":{"rendered":"<p>Insert \u00e0 bois avec porte en m\u00e9tal de 80 cm, int\u00e9rieur en vermiculite. Version \u00e0 convection naturelle.<\/p>\n","protected":false},"featured_media":52808,"template":"","meta":{"_acf_changed":false},"product_brand":[4809],"product_cat":[4591],"product_tag":[],"class_list":{"0":"post-52866","1":"product","2":"type-product","3":"status-publish","4":"has-post-thumbnail","6":"product_brand-fm-calefaccion-fr","7":"product_cat-inserts-au-bois","8":"product_shipping_class-inserti-a-legna-2-2","9":"sales-flash-overlay","10":"woocommerce-text-align-center","11":"woocommerce-image-align-center","12":"do-quantity-buttons","14":"first","15":"instock","16":"taxable","17":"shipping-taxable","18":"purchasable","19":"product-type-simple"},"acf":[],"_links":{"self":[{"href":"https:\/\/www.fokussrl.com\/fr\/wp-json\/wp\/v2\/product\/52866","targetHints":{"allow":["GET"]}}],"collection":[{"href":"https:\/\/www.fokussrl.com\/fr\/wp-json\/wp\/v2\/product"}],"about":[{"href":"https:\/\/www.fokussrl.com\/fr\/wp-json\/wp\/v2\/types\/product"}],"wp:featuredmedia":[{"embeddable":true,"href":"https:\/\/www.fokussrl.com\/fr\/wp-json\/wp\/v2\/media\/52808"}],"wp:attachment":[{"href":"https:\/\/www.fokussrl.com\/fr\/wp-json\/wp\/v2\/media?parent=52866"}],"wp:term":[{"taxonomy":"product_brand","embeddable":true,"href":"https:\/\/www.fokussrl.com\/fr\/wp-json\/wp\/v2\/product_brand?post=52866"},{"taxonomy":"product_cat","embeddable":true,"href":"https:\/\/www.fokussrl.com\/fr\/wp-json\/wp\/v2\/product_cat?post=52866"},{"taxonomy":"product_tag","embeddable":true,"href":"https:\/\/www.fokussrl.com\/fr\/wp-json\/wp\/v2\/product_tag?post=52866"}],"curies":[{"name":"wp","href":"https:\/\/api.w.org\/{rel}","templated":true}]}}