{"id":52869,"date":"2025-01-30T23:02:15","date_gmt":"2025-01-30T22:02:15","guid":{"rendered":"http:\/\/fokussrl.com\/prodotto\/poele-bois-avec-chauffe-plat-m-102-15-1-kw\/"},"modified":"2025-01-30T22:46:40","modified_gmt":"2025-01-30T21:46:40","slug":"poele-bois-avec-chauffe-plat-m-102-15-1-kw","status":"publish","type":"product","link":"https:\/\/www.fokussrl.com\/fr\/produit\/poele-bois-avec-chauffe-plat-m-102-15-1-kw\/","title":{"rendered":"Po\u00eale \u00e0 bois avec chauffe-plat M-102 15,1 kW &#8211; FM Calefacci\u00f3n"},"content":{"rendered":"<ul>\n<li>Dimensions ext&eacute;rieures : P 400 x L 570 x H 717 mm<\/li>\n<li>Dimensions de la chambre de combustion : 360 x 290 mm<\/li>\n<li>Profondeur de la chambre de combustion : 355 mm<\/li>\n<li>Consommation horaire : 3,43 kg\/h<\/li>\n<li>Taille des b&ucirc;ches : 50 cm<\/li>\n<li>Puissance thermique maximale : 15,1 kW<\/li>\n<li>Puissance thermique nominale : 11,3 kW<\/li>\n<li>Poids : 59 kg<\/li>\n<li>Rendement : 75%<\/li>\n<li>&Eacute;missions de CO : 0,11%<\/li>\n<\/ul>\n<p>R&eacute;gulation de l&rsquo;air primaire et secondaire pour une vitre toujours propre<\/p>\n","protected":false},"excerpt":{"rendered":"<p>Po\u00eale \u00e0 bois avec chauffe-plat en acier peint anthracite r\u00e9sistant \u00e0 650\u00b0. Porte avec cristal en vitroc\u00e9ramique r\u00e9sistant \u00e0 750\u00b0.<\/p>\n","protected":false},"featured_media":52870,"template":"","meta":{"_acf_changed":false},"product_brand":[4809],"product_cat":[4599],"product_tag":[],"class_list":{"0":"post-52869","1":"product","2":"type-product","3":"status-publish","4":"has-post-thumbnail","6":"product_brand-fm-calefaccion-fr","7":"product_cat-poeles-au-bois","8":"product_shipping_class-stufe-a-legna-2-2","9":"sales-flash-overlay","10":"woocommerce-text-align-center","11":"woocommerce-image-align-center","12":"do-quantity-buttons","14":"first","15":"instock","16":"taxable","17":"shipping-taxable","18":"purchasable","19":"product-type-simple"},"acf":[],"_links":{"self":[{"href":"https:\/\/www.fokussrl.com\/fr\/wp-json\/wp\/v2\/product\/52869","targetHints":{"allow":["GET"]}}],"collection":[{"href":"https:\/\/www.fokussrl.com\/fr\/wp-json\/wp\/v2\/product"}],"about":[{"href":"https:\/\/www.fokussrl.com\/fr\/wp-json\/wp\/v2\/types\/product"}],"wp:featuredmedia":[{"embeddable":true,"href":"https:\/\/www.fokussrl.com\/fr\/wp-json\/wp\/v2\/media\/52870"}],"wp:attachment":[{"href":"https:\/\/www.fokussrl.com\/fr\/wp-json\/wp\/v2\/media?parent=52869"}],"wp:term":[{"taxonomy":"product_brand","embeddable":true,"href":"https:\/\/www.fokussrl.com\/fr\/wp-json\/wp\/v2\/product_brand?post=52869"},{"taxonomy":"product_cat","embeddable":true,"href":"https:\/\/www.fokussrl.com\/fr\/wp-json\/wp\/v2\/product_cat?post=52869"},{"taxonomy":"product_tag","embeddable":true,"href":"https:\/\/www.fokussrl.com\/fr\/wp-json\/wp\/v2\/product_tag?post=52869"}],"curies":[{"name":"wp","href":"https:\/\/api.w.org\/{rel}","templated":true}]}}