{"id":52881,"date":"2025-01-30T23:02:15","date_gmt":"2025-01-30T22:02:15","guid":{"rendered":"http:\/\/fokussrl.com\/prodotto\/cheminee-centrale-bois-ch-86-avec-vitre-16-kw\/"},"modified":"2025-01-30T22:46:41","modified_gmt":"2025-01-30T21:46:41","slug":"cheminee-centrale-bois-ch-86-avec-vitre-16-kw","status":"publish","type":"product","link":"https:\/\/www.fokussrl.com\/fr\/produit\/cheminee-centrale-bois-ch-86-avec-vitre-16-kw\/","title":{"rendered":"Chemin\u00e9e centrale \u00e0 bois CH 86 avec vitre 16 kW &#8211; Focgrup"},"content":{"rendered":"<ul>\n<li><strong>Structure :<\/strong> acier<\/li>\n<li><strong>Foyer :<\/strong> ferm\u00e9 avec vitre<\/li>\n<li><strong>Carburant :<\/strong> bois<\/li>\n<li><strong>Chauffage :<\/strong> par convection naturelle et rayonnement<\/li>\n<li><strong>Tuyau de sortie des fum\u00e9es :<\/strong> &oslash; 250 mm<\/li>\n<li><strong>Dimensions :<\/strong> 1035 x 1035 x 2700 mm<\/li>\n<\/ul>\n","protected":false},"excerpt":{"rendered":"<p>Chemin\u00e9e centrale avec 4 c\u00f4t\u00e9s en verre en acier peint anthracite, id\u00e9ale pour un d\u00e9cor classique.<\/p>\n","protected":false},"featured_media":52882,"template":"","meta":{"_acf_changed":false},"product_brand":[4810],"product_cat":[4582],"product_tag":[],"class_list":{"0":"post-52881","1":"product","2":"type-product","3":"status-publish","4":"has-post-thumbnail","6":"product_brand-focgrup-fr","7":"product_cat-cheminees-design","8":"product_shipping_class-caminetti-di-design-2-2","9":"sales-flash-overlay","10":"woocommerce-text-align-center","11":"woocommerce-image-align-center","12":"do-quantity-buttons","14":"first","15":"instock","16":"taxable","17":"shipping-taxable","18":"purchasable","19":"product-type-variable"},"acf":[],"_links":{"self":[{"href":"https:\/\/www.fokussrl.com\/fr\/wp-json\/wp\/v2\/product\/52881","targetHints":{"allow":["GET"]}}],"collection":[{"href":"https:\/\/www.fokussrl.com\/fr\/wp-json\/wp\/v2\/product"}],"about":[{"href":"https:\/\/www.fokussrl.com\/fr\/wp-json\/wp\/v2\/types\/product"}],"wp:featuredmedia":[{"embeddable":true,"href":"https:\/\/www.fokussrl.com\/fr\/wp-json\/wp\/v2\/media\/52882"}],"wp:attachment":[{"href":"https:\/\/www.fokussrl.com\/fr\/wp-json\/wp\/v2\/media?parent=52881"}],"wp:term":[{"taxonomy":"product_brand","embeddable":true,"href":"https:\/\/www.fokussrl.com\/fr\/wp-json\/wp\/v2\/product_brand?post=52881"},{"taxonomy":"product_cat","embeddable":true,"href":"https:\/\/www.fokussrl.com\/fr\/wp-json\/wp\/v2\/product_cat?post=52881"},{"taxonomy":"product_tag","embeddable":true,"href":"https:\/\/www.fokussrl.com\/fr\/wp-json\/wp\/v2\/product_tag?post=52881"}],"curies":[{"name":"wp","href":"https:\/\/api.w.org\/{rel}","templated":true}]}}