{"id":52892,"date":"2025-01-30T23:02:26","date_gmt":"2025-01-30T22:02:26","guid":{"rendered":"http:\/\/fokussrl.com\/prodotto\/cheminee-centrale-bois-ch-05-avec-vitre-12-kw\/"},"modified":"2025-01-30T22:46:43","modified_gmt":"2025-01-30T21:46:43","slug":"cheminee-centrale-bois-ch-05-avec-vitre-12-kw","status":"publish","type":"product","link":"https:\/\/www.fokussrl.com\/fr\/produit\/cheminee-centrale-bois-ch-05-avec-vitre-12-kw\/","title":{"rendered":"Chemin\u00e9e centrale \u00e0 bois CH 05 avec vitre 12 kW &#8211; Focgrup"},"content":{"rendered":"<ul>\n<li>Structure en acier \u00e9pais peint en anthracite<\/li>\n<li>Puissance thermique : 14 kW<\/li>\n<li>Rendement : 75%<\/li>\n<li>Dimensions : 750 x 750 x 2200 mm<\/li>\n<li>Diam\u00e8tre du raccord de fum\u00e9e : 200 mm<\/li>\n<li>Taille de la porte : 300 x 730 mm<\/li>\n<li>\u00c9missions de CO : 0,23%<\/li>\n<li>Poids net : 120 kg<\/li>\n<li>Garantie 10 ans<\/li>\n<\/ul>\n","protected":false},"excerpt":{"rendered":"<p>Chemin\u00e9e d\u00e9corative et de chauffage adapt\u00e9e \u00e0 une installation au centre d&rsquo;une pi\u00e8ce. Id\u00e9ale pour des appartements de taille moyenne. Elle est dot\u00e9e de deux panneaux de verre fixes et deux ouvrants.<\/p>\n<p>Ce mod\u00e8le peut \u00eatre fourni avec un pied (en option).<\/p>\n","protected":false},"featured_media":52893,"template":"","meta":{"_acf_changed":false},"product_brand":[4810],"product_cat":[4582],"product_tag":[],"class_list":{"0":"post-52892","1":"product","2":"type-product","3":"status-publish","4":"has-post-thumbnail","6":"product_brand-focgrup-fr","7":"product_cat-cheminees-design","8":"product_shipping_class-caminetti-di-design-2-2","9":"sales-flash-overlay","10":"woocommerce-text-align-center","11":"woocommerce-image-align-center","12":"do-quantity-buttons","14":"first","15":"instock","16":"taxable","17":"shipping-taxable","18":"purchasable","19":"product-type-simple"},"acf":[],"_links":{"self":[{"href":"https:\/\/www.fokussrl.com\/fr\/wp-json\/wp\/v2\/product\/52892","targetHints":{"allow":["GET"]}}],"collection":[{"href":"https:\/\/www.fokussrl.com\/fr\/wp-json\/wp\/v2\/product"}],"about":[{"href":"https:\/\/www.fokussrl.com\/fr\/wp-json\/wp\/v2\/types\/product"}],"wp:featuredmedia":[{"embeddable":true,"href":"https:\/\/www.fokussrl.com\/fr\/wp-json\/wp\/v2\/media\/52893"}],"wp:attachment":[{"href":"https:\/\/www.fokussrl.com\/fr\/wp-json\/wp\/v2\/media?parent=52892"}],"wp:term":[{"taxonomy":"product_brand","embeddable":true,"href":"https:\/\/www.fokussrl.com\/fr\/wp-json\/wp\/v2\/product_brand?post=52892"},{"taxonomy":"product_cat","embeddable":true,"href":"https:\/\/www.fokussrl.com\/fr\/wp-json\/wp\/v2\/product_cat?post=52892"},{"taxonomy":"product_tag","embeddable":true,"href":"https:\/\/www.fokussrl.com\/fr\/wp-json\/wp\/v2\/product_tag?post=52892"}],"curies":[{"name":"wp","href":"https:\/\/api.w.org\/{rel}","templated":true}]}}