{"id":52902,"date":"2025-01-30T23:02:26","date_gmt":"2025-01-30T22:02:26","guid":{"rendered":"http:\/\/fokussrl.com\/prodotto\/cheminee-murale-bois-ch-05-avec-vitre-12-kw\/"},"modified":"2025-01-30T22:46:44","modified_gmt":"2025-01-30T21:46:44","slug":"cheminee-murale-bois-ch-05-avec-vitre-12-kw","status":"publish","type":"product","link":"https:\/\/www.fokussrl.com\/fr\/produit\/cheminee-murale-bois-ch-05-avec-vitre-12-kw\/","title":{"rendered":"Chemin\u00e9e murale \u00e0 bois CH 05 avec vitre 12 kW &#8211; Focgrup"},"content":{"rendered":"<ul>\n<li>Structure en acier de grande \u00e9paisseur peint anthracite<\/li>\n<li>Puissance thermique : 12 kW<\/li>\n<li>Rendement : 75%<\/li>\n<li>Dimensions : 754 x 2200 x 450 mm<\/li>\n<\/ul>\n","protected":false},"excerpt":{"rendered":"<p>Chemin\u00e9e d\u00e9corative et de chauffage adapt\u00e9e \u00e0 une installation murale. Sans aucun doute notre produit le plus vendu gr\u00e2ce \u00e0 son design unique et sa porte coulissante.<\/p>\n","protected":false},"featured_media":52903,"template":"","meta":{"_acf_changed":false},"product_brand":[4810],"product_cat":[4582,4585],"product_tag":[],"class_list":{"0":"post-52902","1":"product","2":"type-product","3":"status-publish","4":"has-post-thumbnail","6":"product_brand-focgrup-fr","7":"product_cat-cheminees-design","8":"product_cat-cheminees-modernes-au-bois-murales","9":"product_shipping_class-caminetti-di-design-2-2","10":"sales-flash-overlay","11":"woocommerce-text-align-center","12":"woocommerce-image-align-center","13":"do-quantity-buttons","15":"first","16":"instock","17":"taxable","18":"shipping-taxable","19":"purchasable","20":"product-type-simple"},"acf":[],"_links":{"self":[{"href":"https:\/\/www.fokussrl.com\/fr\/wp-json\/wp\/v2\/product\/52902","targetHints":{"allow":["GET"]}}],"collection":[{"href":"https:\/\/www.fokussrl.com\/fr\/wp-json\/wp\/v2\/product"}],"about":[{"href":"https:\/\/www.fokussrl.com\/fr\/wp-json\/wp\/v2\/types\/product"}],"wp:featuredmedia":[{"embeddable":true,"href":"https:\/\/www.fokussrl.com\/fr\/wp-json\/wp\/v2\/media\/52903"}],"wp:attachment":[{"href":"https:\/\/www.fokussrl.com\/fr\/wp-json\/wp\/v2\/media?parent=52902"}],"wp:term":[{"taxonomy":"product_brand","embeddable":true,"href":"https:\/\/www.fokussrl.com\/fr\/wp-json\/wp\/v2\/product_brand?post=52902"},{"taxonomy":"product_cat","embeddable":true,"href":"https:\/\/www.fokussrl.com\/fr\/wp-json\/wp\/v2\/product_cat?post=52902"},{"taxonomy":"product_tag","embeddable":true,"href":"https:\/\/www.fokussrl.com\/fr\/wp-json\/wp\/v2\/product_tag?post=52902"}],"curies":[{"name":"wp","href":"https:\/\/api.w.org\/{rel}","templated":true}]}}