{"id":52921,"date":"2025-01-30T23:02:26","date_gmt":"2025-01-30T22:02:26","guid":{"rendered":"http:\/\/fokussrl.com\/prodotto\/cheminee-angle-bois-ch-04-13-kw\/"},"modified":"2025-01-30T22:46:45","modified_gmt":"2025-01-30T21:46:45","slug":"cheminee-angle-bois-ch-04-13-kw","status":"publish","type":"product","link":"https:\/\/www.fokussrl.com\/fr\/produit\/cheminee-angle-bois-ch-04-13-kw\/","title":{"rendered":"Chemin\u00e9e d&rsquo;angle \u00e0 bois CH 04 13 kW &#8211; Focgrup"},"content":{"rendered":"<ul>\n<li>Structure en acier \u00e0 haute \u00e9paisseur peint anthracite<\/li>\n<li>Puissance thermique: 13 kW<\/li>\n<li>Efficacit\u00e9: 74%<\/li>\n<li>Dimensions: 960 x 2700 x 680 mm<\/li>\n<\/ul>\n","protected":false},"excerpt":{"rendered":"<p>Chemin\u00e9e exclusivement pour la cuisson, adapt\u00e9e \u00e0 une installation en angle. C&rsquo;est notre chemin\u00e9e de cuisson la plus vendue en raison de son placement unique en angle. Une version plus grande, CH 02, est \u00e9galement disponible.<\/p>\n","protected":false},"featured_media":52917,"template":"","meta":{"_acf_changed":false},"product_brand":[4810],"product_cat":[4582],"product_tag":[],"class_list":{"0":"post-52921","1":"product","2":"type-product","3":"status-publish","4":"has-post-thumbnail","6":"product_brand-focgrup-fr","7":"product_cat-cheminees-design","8":"product_shipping_class-caminetti-di-design-2-2","9":"sales-flash-overlay","10":"woocommerce-text-align-center","11":"woocommerce-image-align-center","12":"do-quantity-buttons","14":"first","15":"instock","16":"taxable","17":"shipping-taxable","18":"purchasable","19":"product-type-simple"},"acf":[],"_links":{"self":[{"href":"https:\/\/www.fokussrl.com\/fr\/wp-json\/wp\/v2\/product\/52921","targetHints":{"allow":["GET"]}}],"collection":[{"href":"https:\/\/www.fokussrl.com\/fr\/wp-json\/wp\/v2\/product"}],"about":[{"href":"https:\/\/www.fokussrl.com\/fr\/wp-json\/wp\/v2\/types\/product"}],"wp:featuredmedia":[{"embeddable":true,"href":"https:\/\/www.fokussrl.com\/fr\/wp-json\/wp\/v2\/media\/52917"}],"wp:attachment":[{"href":"https:\/\/www.fokussrl.com\/fr\/wp-json\/wp\/v2\/media?parent=52921"}],"wp:term":[{"taxonomy":"product_brand","embeddable":true,"href":"https:\/\/www.fokussrl.com\/fr\/wp-json\/wp\/v2\/product_brand?post=52921"},{"taxonomy":"product_cat","embeddable":true,"href":"https:\/\/www.fokussrl.com\/fr\/wp-json\/wp\/v2\/product_cat?post=52921"},{"taxonomy":"product_tag","embeddable":true,"href":"https:\/\/www.fokussrl.com\/fr\/wp-json\/wp\/v2\/product_tag?post=52921"}],"curies":[{"name":"wp","href":"https:\/\/api.w.org\/{rel}","templated":true}]}}