{"id":52927,"date":"2025-01-30T23:02:26","date_gmt":"2025-01-30T22:02:26","guid":{"rendered":"http:\/\/fokussrl.com\/prodotto\/poele-cheminee-bois-es-41-9-kw\/"},"modified":"2025-01-30T22:46:45","modified_gmt":"2025-01-30T21:46:45","slug":"poele-cheminee-bois-es-41-9-kw","status":"publish","type":"product","link":"https:\/\/www.fokussrl.com\/fr\/produit\/poele-cheminee-bois-es-41-9-kw\/","title":{"rendered":"Po\u00eale-chemin\u00e9e \u00e0 bois ES 41 9 kW &#8211; Focgrup"},"content":{"rendered":"<ul>\n<li>Structure en acier \u00e0 haute \u00e9paisseur peint noir<\/li>\n<li>Puissance maximale: 9 kW<\/li>\n<li>Efficacit\u00e9: 70%<\/li>\n<li>Dimensions: 600 x 600 x 1215 mm<\/li>\n<\/ul>\n","protected":false},"excerpt":{"rendered":"<p>Po\u00eale unique en forme de chemin\u00e9e, fabriqu\u00e9e en acier peint noir anthracite.<\/p>\n","protected":false},"featured_media":52928,"template":"","meta":{"_acf_changed":false},"product_brand":[4810],"product_cat":[4599],"product_tag":[],"class_list":{"0":"post-52927","1":"product","2":"type-product","3":"status-publish","4":"has-post-thumbnail","6":"product_brand-focgrup-fr","7":"product_cat-poeles-au-bois","8":"product_shipping_class-stufe-a-legna-2-2","9":"sales-flash-overlay","10":"woocommerce-text-align-center","11":"woocommerce-image-align-center","12":"do-quantity-buttons","14":"first","15":"instock","16":"taxable","17":"shipping-taxable","18":"product-type-simple"},"acf":[],"_links":{"self":[{"href":"https:\/\/www.fokussrl.com\/fr\/wp-json\/wp\/v2\/product\/52927","targetHints":{"allow":["GET"]}}],"collection":[{"href":"https:\/\/www.fokussrl.com\/fr\/wp-json\/wp\/v2\/product"}],"about":[{"href":"https:\/\/www.fokussrl.com\/fr\/wp-json\/wp\/v2\/types\/product"}],"wp:featuredmedia":[{"embeddable":true,"href":"https:\/\/www.fokussrl.com\/fr\/wp-json\/wp\/v2\/media\/52928"}],"wp:attachment":[{"href":"https:\/\/www.fokussrl.com\/fr\/wp-json\/wp\/v2\/media?parent=52927"}],"wp:term":[{"taxonomy":"product_brand","embeddable":true,"href":"https:\/\/www.fokussrl.com\/fr\/wp-json\/wp\/v2\/product_brand?post=52927"},{"taxonomy":"product_cat","embeddable":true,"href":"https:\/\/www.fokussrl.com\/fr\/wp-json\/wp\/v2\/product_cat?post=52927"},{"taxonomy":"product_tag","embeddable":true,"href":"https:\/\/www.fokussrl.com\/fr\/wp-json\/wp\/v2\/product_tag?post=52927"}],"curies":[{"name":"wp","href":"https:\/\/api.w.org\/{rel}","templated":true}]}}